{"id":110184,"date":"2022-12-01T13:37:24","date_gmt":"2022-12-01T12:37:24","guid":{"rendered":"https:\/\/bonsoleil.es\/contacto-inscripcion\/contacto\/"},"modified":"2024-11-20T13:59:22","modified_gmt":"2024-11-20T12:59:22","slug":"contacto","status":"publish","type":"page","link":"https:\/\/bonsoleil.es\/es\/contacto-inscripcion\/contacto\/","title":{"rendered":"Contacto"},"content":{"rendered":"\n<iframe src=\"https:\/\/www.google.com\/maps\/embed?pb=!1m14!1m8!1m3!1d5997.3275581925!2d1.9999699999999998!3d41.272656!3m2!1i1024!2i768!4f13.1!3m3!1m2!1s0x0%3A0xfd35c741f2b2029!2sLyc%C3%A9e%20International%20Barcelona%20-%20Bon%20Soleil!5e0!3m2!1ses!2ses!4v1671108722354!5m2!1ses!2ses\" style=\"border:0;\" allowfullscreen=\"\" loading=\"lazy\" referrerpolicy=\"no-referrer-when-downgrade\" width=\"100%\" height=\"450\"><\/iframe>\n\n\n<div class=\"wp-block-image top100\">\n<figure class=\"aligncenter size-full\"><img loading=\"lazy\" decoding=\"async\" width=\"254\" height=\"56\" src=\"https:\/\/bonsoleil.es\/web\/wp-content\/uploads\/2022\/12\/logo_bs.png\" alt=\"\" class=\"wp-image-376\" srcset=\"https:\/\/bonsoleil.es\/web\/wp-content\/uploads\/2022\/12\/logo_bs.png 254w, https:\/\/bonsoleil.es\/web\/wp-content\/uploads\/2022\/12\/logo_bs-250x55.png 250w, https:\/\/bonsoleil.es\/web\/wp-content\/uploads\/2022\/12\/logo_bs-120x26.png 120w\" sizes=\"auto, (max-width: 254px) 100vw, 254px\" \/><\/figure>\n<\/div>\n\n\n<p class=\"has-text-align-center\">Cam\u00ed de la Pava, n\u00ba 15, GAV\u00c0 08850, Barcelona, Spain<br>Tel\u00e9fono: (+34) 93 633 13 58 \u00b7 Fax: (+34) 93 633 05 49<br><a rel=\"noreferrer noopener\" href=\"mailto:courrier@bonsoleil.es\" target=\"_blank\">courrier@bonsoleil.es<\/a><\/p>\n\n\n\n<p class=\"has-text-align-center top50\"><strong>Primaria (de PS a CM2)<\/strong><br><a rel=\"noreferrer noopener\" href=\"mailto:primaire@bonsoleil.es\" target=\"_blank\">primaire@bonsoleil.es<\/a><\/p>\n\n\n\n<p class=\"has-text-align-center\"><strong>Secundaria (de 6\u00e8me a 3\u00e8me)<\/strong><br><a href=\"mailto:college@bonsoleil.es\" target=\"_blank\" rel=\"noreferrer noopener\">college@bonsoleil.es<\/a><\/p>\n\n\n\n<p class=\"has-text-align-center\"><strong>Bachillerato (2nde, Bachibac y IB)<\/strong><br><a href=\"mailto:lycee@bonsoleil.es\" target=\"_blank\" rel=\"noreferrer noopener\">lycee@bonsoleil.es<\/a><\/p>\n\n\n\n<p class=\"has-text-align-center\"><strong>Escuela deportiva<\/strong><br><a href=\"mailto:deporte@bonsoleil.es\" target=\"_blank\" rel=\"noreferrer noopener\">deporte@bonsoleil.es<\/a><\/p>\n\n\n\n<p class=\"has-text-align-center\"><strong>Administraci\u00f3n<\/strong><br><a href=\"mailto:administration@bonsoleil.es\" target=\"_blank\" rel=\"noreferrer noopener\">administration@bonsoleil.es<\/a><\/p>\n\n\n\n<p class=\"has-text-align-center\"><strong>Relaciones P\u00fablicas<\/strong><br><a href=\"mailto:rrpp@bonsoleil.es\" target=\"_blank\" rel=\"noreferrer noopener\">rrpp@bonsoleil.es<\/a><\/p>\n\n\n\n<p class=\"has-text-align-center\"><strong>Enfermer\u00eda<\/strong><br><a href=\"mailto:infirmerie@bonsoleil.es\" target=\"_blank\" rel=\"noreferrer noopener\">infirmerie@bonsoleil.es<\/a><\/p>\n\n\n\n<p class=\"has-text-align-center\"><strong>Inscripciones<\/strong><br><a rel=\"noreferrer noopener\" href=\"mailto:inscription@bonsoleil.es\" target=\"_blank\">inscription@bonsoleil.es<\/a><\/p>\n\n\n\n<p class=\"has-text-align-center bot50\"><strong>CV<\/strong><br><a href=\"https:\/\/bonsoleil.es\/es\/contacto-inscripcion\/trabaja-con-nosotros\/\">Enviar CV<\/a><\/p>\n\n\n<div class=\"frm_forms  with_frm_style frm_style_formidable-style\" id=\"frm_form_1_container\" >\n<form enctype=\"multipart\/form-data\" method=\"post\" class=\"frm-show-form  frm_pro_form \" id=\"form_contact-form\" >\n<div class=\"frm_form_fields \">\n<fieldset>\n<legend class=\"frm_screen_reader\">Contact Us<\/legend>\r\n\r\n<div class=\"frm_fields_container\">\n<input type=\"hidden\" name=\"frm_action\" value=\"create\" \/>\n<input type=\"hidden\" name=\"form_id\" value=\"1\" \/>\n<input type=\"hidden\" name=\"frm_hide_fields_1\" id=\"frm_hide_fields_1\" value=\"\" \/>\n<input type=\"hidden\" name=\"form_key\" value=\"contact-form\" \/>\n<input type=\"hidden\" name=\"item_meta[0]\" value=\"\" \/>\n<input type=\"hidden\" id=\"frm_submit_entry_1\" name=\"frm_submit_entry_1\" value=\"7f72bdd11a\" \/><input type=\"hidden\" name=\"_wp_http_referer\" value=\"\/es\/wp-json\/wp\/v2\/pages\/110184\" \/><div id=\"frm_field_1_container\" class=\"frm_form_field form-field  frm_required_field frm_inside_container frm12\">\r\n    <label for=\"field_qh4icy\" id=\"field_qh4icy_label\" class=\"frm_primary_label\">Nombre\r\n        <span class=\"frm_required\" aria-hidden=\"true\">*<\/span>\r\n    <\/label>\r\n    <input  type=\"text\" id=\"field_qh4icy\" name=\"item_meta[1]\" value=\"\"  data-reqmsg=\"Este campo no puede estar en blanco.\" aria-required=\"true\" data-invmsg=\"Name no es v\u00e1lido\" aria-invalid=\"false\"   \/>\r\n    \r\n    \r\n<\/div>\n<div id=\"frm_field_2_container\" class=\"frm_form_field form-field  frm_required_field frm_inside_container frm12\">\r\n    <label for=\"field_ocfup1\" id=\"field_ocfup1_label\" class=\"frm_primary_label\">Apellido(s)\r\n        <span class=\"frm_required\" aria-hidden=\"true\">*<\/span>\r\n    <\/label>\r\n    <input  type=\"text\" id=\"field_ocfup1\" name=\"item_meta[2]\" value=\"\"  data-reqmsg=\"Este campo no puede estar en blanco.\" aria-required=\"true\" data-invmsg=\"Last no es v\u00e1lido\" aria-invalid=\"false\"   \/>\r\n    \r\n    \r\n<\/div>\n<div id=\"frm_field_3_container\" class=\"frm_form_field form-field  frm_required_field frm_inside_container frm_full\">\r\n    <label for=\"field_29yf4d\" id=\"field_29yf4d_label\" class=\"frm_primary_label\">Email\r\n        <span class=\"frm_required\" aria-hidden=\"true\">*<\/span>\r\n    <\/label>\r\n    <input type=\"email\" id=\"field_29yf4d\" name=\"item_meta[3]\" value=\"\"  data-reqmsg=\"Este campo no puede estar en blanco.\" aria-required=\"true\" data-invmsg=\"Please enter a valid email address\" aria-invalid=\"false\"  \/>\r\n    \r\n    \r\n<\/div>\n<div id=\"frm_field_4_container\" class=\"frm_form_field form-field  frm_required_field frm_inside_container frm_full\">\r\n    <label for=\"field_e6lis6\" id=\"field_e6lis6_label\" class=\"frm_primary_label\">Tel\u00e9fono\r\n        <span class=\"frm_required\" aria-hidden=\"true\">*<\/span>\r\n    <\/label>\r\n    <input type=\"tel\" id=\"field_e6lis6\" name=\"item_meta[4]\" value=\"\"  data-reqmsg=\"Este campo no puede estar en blanco.\" aria-required=\"true\" data-invmsg=\"Subject no es v\u00e1lido\" aria-invalid=\"false\" pattern=\"((\\+\\d{1,3}(-|.| )?\\(?\\d\\)?(-| |.)?\\d{1,5})|(\\(?\\d{2,6}\\)?))(-|.| )?(\\d{3,4})(-|.| )?(\\d{4})(( x| ext)\\d{1,5}){0,1}$\"  \/>\r\n    \r\n    \r\n<\/div>\n<div id=\"frm_field_5_container\" class=\"frm_form_field form-field  frm_inside_container frm_full\">\r\n    <label for=\"field_9jv0r1\" id=\"field_9jv0r1_label\" class=\"frm_primary_label\">Su mensaje\r\n        <span class=\"frm_required\" aria-hidden=\"true\"><\/span>\r\n    <\/label>\r\n    <textarea name=\"item_meta[5]\" id=\"field_9jv0r1\" rows=\"5\"  data-invmsg=\"Votre message no es v\u00e1lido\" aria-invalid=\"false\"  ><\/textarea>\r\n    \r\n    \r\n<\/div>\n<div id=\"frm_field_20_container\" class=\"frm_form_field form-field  frm_required_field frm_top_container vertical_radio\">\r\n    <div  id=\"field_voe0m_label\" class=\"frm_primary_label\">Pol\u00edtica de privacidad\r\n        <span class=\"frm_required\" aria-hidden=\"true\">*<\/span>\r\n    <\/div>\r\n    <div class=\"frm_opt_container\" aria-labelledby=\"field_voe0m_label\" role=\"group\">\t\t<div class=\"frm_checkbox\" id=\"frm_checkbox_20-0\">\t\t\t<label  for=\"field_voe0m-0\">\n\t\t\t<input type=\"checkbox\" name=\"item_meta[20][]\" id=\"field_voe0m-0\" value=\"J&#039;accepte la &lt;a href=&quot;https:\/\/bonsoleil.es\/web\/politica-de-privacidad\/&quot; target=&quot;_blank&quot; class=&quot;fancybox-iframe&quot;&gt;Politique de Confidentialit\u00e9 et les Conditions G\u00e9n\u00e9rales&lt;\/a&gt; d&#039;utilisation\"  data-reqmsg=\"Este campo no puede estar en blanco.\" data-invmsg=\"Pol\u00edtica de privacidad no es v\u00e1lido\"   aria-required=\"true\"  \/> Acepto la <a href=\"https:\/\/bonsoleil.es\/web\/politica-de-privacidad\/\" target=\"_blank\" class=\"fancybox-iframe\">Pol\u00edtica de privacidad y el aviso legal<\/a>.<\/label><\/div>\n<\/div>\r\n    \r\n    \r\n<\/div>\n<div id=\"frm_field_68_container\" class=\"frm_form_field form-field  frm_none_container\">\n    <label for=\"g-recaptcha-response\" id=\"field_wxzk4_label\" class=\"frm_primary_label\">reCAPTCHA\n        <span class=\"frm_required\" aria-hidden=\"true\"><\/span>\n    <\/label>\n    <div  id=\"field_wxzk4\" class=\"frm-g-recaptcha\" data-sitekey=\"6Leg1gMeAAAAAPDNrv4gHl28IE7V3rK_Ah3t0VLD\" data-size=\"invisible\" data-theme=\"light\"><\/div>\n    \n    \n<\/div>\n<div id=\"frm_field_179_container\" class=\"frm_form_field form-field \">\n\t<div class=\"frm_submit\">\r\n\r\n<button class=\"frm_button_submit frm_final_submit\" type=\"submit\"   formnovalidate=\"formnovalidate\">Envoyer<\/button>\r\n\r\n\r\n<\/div>\n<\/div>\n\t<input type=\"hidden\" name=\"item_key\" value=\"\" \/>\n\t\t\t<div id=\"frm_field_212_container\">\n\t\t\t<label for=\"field_tciof\" >\n\t\t\t\tSi eres humano, deja este campo en blanco.\t\t\t<\/label>\n\t\t\t<input  id=\"field_tciof\" type=\"text\" class=\"frm_form_field form-field frm_verify\" name=\"item_meta[212]\" value=\"\"  \/>\n\t\t<\/div>\n\t\t<input name=\"frm_state\" type=\"hidden\" value=\"ksznkkW4RxoVJHyl9I3rg3v0J4xPX5EQyiGTdGvgbfWhw9HDJtrs+n7RKhwyZQMN\" \/><\/div>\n<\/fieldset>\n<\/div>\n\n<\/form>\n<\/div>\n","protected":false},"excerpt":{"rendered":"Cam\u00ed de la Pava, n\u00ba 15, GAV\u00c0 08850, Barcelona, SpainTel\u00e9fono: (+34) 93 633 13 58 \u00b7 Fax: (+34) 93 633 05 49courrier@bonsoleil.es Primaria (de PS a CM2)primaire@bonsoleil.es Secundaria (de 6\u00e8me a 3\u00e8me)college@bonsoleil.es Bachillerato (2nde, Bachibac y IB)lycee@bonsoleil.es Escuela deportivadeporte@bonsoleil.es Administraci\u00f3nadministration@bonsoleil.es Relaciones P\u00fablicasrrpp@bonsoleil.es Enfermer\u00edainfirmerie@bonsoleil.es Inscripcionesinscription@bonsoleil.es CVEnviar CV","protected":false},"author":1,"featured_media":0,"parent":110182,"menu_order":0,"comment_status":"closed","ping_status":"closed","template":"","meta":{"_acf_changed":false,"footnotes":"","_links_to":"","_links_to_target":""},"class_list":["post-110184","page","type-page","status-publish","hentry"],"acf":[],"yoast_head":"<!-- This site is optimized with the Yoast SEO plugin v27.3 - https:\/\/yoast.com\/product\/yoast-seo-wordpress\/ -->\n<title>Contacto - Lyc\u00e9e International Barcelona \u00b7 Bon Soleil<\/title>\n<meta name=\"robots\" content=\"index, follow, max-snippet:-1, max-image-preview:large, max-video-preview:-1\" \/>\n<link rel=\"canonical\" href=\"https:\/\/bonsoleil.es\/es\/contacto-inscripcion\/contacto\/\" \/>\n<meta property=\"og:locale\" content=\"es_ES\" \/>\n<meta property=\"og:type\" content=\"article\" \/>\n<meta property=\"og:title\" content=\"Contacto - Lyc\u00e9e International Barcelona \u00b7 Bon Soleil\" \/>\n<meta property=\"og:description\" content=\"Cam\u00ed de la Pava, n\u00ba 15, GAV\u00c0 08850, Barcelona, SpainTel\u00e9fono: (+34) 93 633 13 58 \u00b7 Fax: (+34) 93 633 05 49courrier@bonsoleil.es Primaria (de PS a CM2)primaire@bonsoleil.es Secundaria (de 6\u00e8me a 3\u00e8me)college@bonsoleil.es Bachillerato (2nde, Bachibac y IB)lycee@bonsoleil.es Escuela deportivadeporte@bonsoleil.es Administraci\u00f3nadministration@bonsoleil.es Relaciones P\u00fablicasrrpp@bonsoleil.es Enfermer\u00edainfirmerie@bonsoleil.es Inscripcionesinscription@bonsoleil.es CVEnviar CV\" \/>\n<meta property=\"og:url\" content=\"https:\/\/bonsoleil.es\/es\/contacto-inscripcion\/contacto\/\" \/>\n<meta property=\"og:site_name\" content=\"Lyc\u00e9e International Barcelona \u00b7 Bon Soleil\" \/>\n<meta property=\"article:publisher\" content=\"https:\/\/www.facebook.com\/libBonSoleil\/\" \/>\n<meta property=\"article:modified_time\" content=\"2024-11-20T12:59:22+00:00\" \/>\n<meta property=\"og:image\" content=\"https:\/\/bonsoleil.es\/web\/wp-content\/uploads\/2022\/12\/logo_bs.png\" \/>\n<meta name=\"twitter:card\" content=\"summary_large_image\" \/>\n<meta name=\"twitter:site\" content=\"@lib_bonsoleil\" \/>\n<meta name=\"twitter:label1\" content=\"Tiempo de lectura\" \/>\n\t<meta name=\"twitter:data1\" content=\"1 minuto\" \/>\n<script type=\"application\/ld+json\" class=\"yoast-schema-graph\">{\"@context\":\"https:\\\/\\\/schema.org\",\"@graph\":[{\"@type\":\"WebPage\",\"@id\":\"https:\\\/\\\/bonsoleil.es\\\/es\\\/contacto-inscripcion\\\/contacto\\\/\",\"url\":\"https:\\\/\\\/bonsoleil.es\\\/es\\\/contacto-inscripcion\\\/contacto\\\/\",\"name\":\"Contacto - Lyc\u00e9e International Barcelona \u00b7 Bon Soleil\",\"isPartOf\":{\"@id\":\"https:\\\/\\\/bonsoleil.es\\\/es\\\/#website\"},\"primaryImageOfPage\":{\"@id\":\"https:\\\/\\\/bonsoleil.es\\\/es\\\/contacto-inscripcion\\\/contacto\\\/#primaryimage\"},\"image\":{\"@id\":\"https:\\\/\\\/bonsoleil.es\\\/es\\\/contacto-inscripcion\\\/contacto\\\/#primaryimage\"},\"thumbnailUrl\":\"https:\\\/\\\/bonsoleil.es\\\/web\\\/wp-content\\\/uploads\\\/2022\\\/12\\\/logo_bs.png\",\"datePublished\":\"2022-12-01T12:37:24+00:00\",\"dateModified\":\"2024-11-20T12:59:22+00:00\",\"breadcrumb\":{\"@id\":\"https:\\\/\\\/bonsoleil.es\\\/es\\\/contacto-inscripcion\\\/contacto\\\/#breadcrumb\"},\"inLanguage\":\"es\",\"potentialAction\":[{\"@type\":\"ReadAction\",\"target\":[\"https:\\\/\\\/bonsoleil.es\\\/es\\\/contacto-inscripcion\\\/contacto\\\/\"]}]},{\"@type\":\"ImageObject\",\"inLanguage\":\"es\",\"@id\":\"https:\\\/\\\/bonsoleil.es\\\/es\\\/contacto-inscripcion\\\/contacto\\\/#primaryimage\",\"url\":\"https:\\\/\\\/bonsoleil.es\\\/web\\\/wp-content\\\/uploads\\\/2022\\\/12\\\/logo_bs.png\",\"contentUrl\":\"https:\\\/\\\/bonsoleil.es\\\/web\\\/wp-content\\\/uploads\\\/2022\\\/12\\\/logo_bs.png\"},{\"@type\":\"BreadcrumbList\",\"@id\":\"https:\\\/\\\/bonsoleil.es\\\/es\\\/contacto-inscripcion\\\/contacto\\\/#breadcrumb\",\"itemListElement\":[{\"@type\":\"ListItem\",\"position\":1,\"name\":\"Portada\",\"item\":\"https:\\\/\\\/bonsoleil.es\\\/es\\\/\"},{\"@type\":\"ListItem\",\"position\":2,\"name\":\"Contacto \\\/ Inscripci\u00f3n\",\"item\":\"https:\\\/\\\/bonsoleil.es\\\/es\\\/contacto-inscripcion\\\/\"},{\"@type\":\"ListItem\",\"position\":3,\"name\":\"Contacto\"}]},{\"@type\":\"WebSite\",\"@id\":\"https:\\\/\\\/bonsoleil.es\\\/es\\\/#website\",\"url\":\"https:\\\/\\\/bonsoleil.es\\\/es\\\/\",\"name\":\"Lyc\u00e9e International Barcelona \u00b7 Bon Soleil\",\"description\":\"Lyc\u00e9e International Barcelona\",\"potentialAction\":[{\"@type\":\"SearchAction\",\"target\":{\"@type\":\"EntryPoint\",\"urlTemplate\":\"https:\\\/\\\/bonsoleil.es\\\/es\\\/?s={search_term_string}\"},\"query-input\":{\"@type\":\"PropertyValueSpecification\",\"valueRequired\":true,\"valueName\":\"search_term_string\"}}],\"inLanguage\":\"es\"}]}<\/script>\n<!-- \/ Yoast SEO plugin. -->","yoast_head_json":{"title":"Contacto - Lyc\u00e9e International Barcelona \u00b7 Bon Soleil","robots":{"index":"index","follow":"follow","max-snippet":"max-snippet:-1","max-image-preview":"max-image-preview:large","max-video-preview":"max-video-preview:-1"},"canonical":"https:\/\/bonsoleil.es\/es\/contacto-inscripcion\/contacto\/","og_locale":"es_ES","og_type":"article","og_title":"Contacto - Lyc\u00e9e International Barcelona \u00b7 Bon Soleil","og_description":"Cam\u00ed de la Pava, n\u00ba 15, GAV\u00c0 08850, Barcelona, SpainTel\u00e9fono: (+34) 93 633 13 58 \u00b7 Fax: (+34) 93 633 05 49courrier@bonsoleil.es Primaria (de PS a CM2)primaire@bonsoleil.es Secundaria (de 6\u00e8me a 3\u00e8me)college@bonsoleil.es Bachillerato (2nde, Bachibac y IB)lycee@bonsoleil.es Escuela deportivadeporte@bonsoleil.es Administraci\u00f3nadministration@bonsoleil.es Relaciones P\u00fablicasrrpp@bonsoleil.es Enfermer\u00edainfirmerie@bonsoleil.es Inscripcionesinscription@bonsoleil.es CVEnviar CV","og_url":"https:\/\/bonsoleil.es\/es\/contacto-inscripcion\/contacto\/","og_site_name":"Lyc\u00e9e International Barcelona \u00b7 Bon Soleil","article_publisher":"https:\/\/www.facebook.com\/libBonSoleil\/","article_modified_time":"2024-11-20T12:59:22+00:00","og_image":[{"url":"https:\/\/bonsoleil.es\/web\/wp-content\/uploads\/2022\/12\/logo_bs.png","type":"","width":"","height":""}],"twitter_card":"summary_large_image","twitter_site":"@lib_bonsoleil","twitter_misc":{"Tiempo de lectura":"1 minuto"},"schema":{"@context":"https:\/\/schema.org","@graph":[{"@type":"WebPage","@id":"https:\/\/bonsoleil.es\/es\/contacto-inscripcion\/contacto\/","url":"https:\/\/bonsoleil.es\/es\/contacto-inscripcion\/contacto\/","name":"Contacto - Lyc\u00e9e International Barcelona \u00b7 Bon Soleil","isPartOf":{"@id":"https:\/\/bonsoleil.es\/es\/#website"},"primaryImageOfPage":{"@id":"https:\/\/bonsoleil.es\/es\/contacto-inscripcion\/contacto\/#primaryimage"},"image":{"@id":"https:\/\/bonsoleil.es\/es\/contacto-inscripcion\/contacto\/#primaryimage"},"thumbnailUrl":"https:\/\/bonsoleil.es\/web\/wp-content\/uploads\/2022\/12\/logo_bs.png","datePublished":"2022-12-01T12:37:24+00:00","dateModified":"2024-11-20T12:59:22+00:00","breadcrumb":{"@id":"https:\/\/bonsoleil.es\/es\/contacto-inscripcion\/contacto\/#breadcrumb"},"inLanguage":"es","potentialAction":[{"@type":"ReadAction","target":["https:\/\/bonsoleil.es\/es\/contacto-inscripcion\/contacto\/"]}]},{"@type":"ImageObject","inLanguage":"es","@id":"https:\/\/bonsoleil.es\/es\/contacto-inscripcion\/contacto\/#primaryimage","url":"https:\/\/bonsoleil.es\/web\/wp-content\/uploads\/2022\/12\/logo_bs.png","contentUrl":"https:\/\/bonsoleil.es\/web\/wp-content\/uploads\/2022\/12\/logo_bs.png"},{"@type":"BreadcrumbList","@id":"https:\/\/bonsoleil.es\/es\/contacto-inscripcion\/contacto\/#breadcrumb","itemListElement":[{"@type":"ListItem","position":1,"name":"Portada","item":"https:\/\/bonsoleil.es\/es\/"},{"@type":"ListItem","position":2,"name":"Contacto \/ Inscripci\u00f3n","item":"https:\/\/bonsoleil.es\/es\/contacto-inscripcion\/"},{"@type":"ListItem","position":3,"name":"Contacto"}]},{"@type":"WebSite","@id":"https:\/\/bonsoleil.es\/es\/#website","url":"https:\/\/bonsoleil.es\/es\/","name":"Lyc\u00e9e International Barcelona \u00b7 Bon Soleil","description":"Lyc\u00e9e International Barcelona","potentialAction":[{"@type":"SearchAction","target":{"@type":"EntryPoint","urlTemplate":"https:\/\/bonsoleil.es\/es\/?s={search_term_string}"},"query-input":{"@type":"PropertyValueSpecification","valueRequired":true,"valueName":"search_term_string"}}],"inLanguage":"es"}]}},"_links":{"self":[{"href":"https:\/\/bonsoleil.es\/es\/wp-json\/wp\/v2\/pages\/110184","targetHints":{"allow":["GET"]}}],"collection":[{"href":"https:\/\/bonsoleil.es\/es\/wp-json\/wp\/v2\/pages"}],"about":[{"href":"https:\/\/bonsoleil.es\/es\/wp-json\/wp\/v2\/types\/page"}],"author":[{"embeddable":true,"href":"https:\/\/bonsoleil.es\/es\/wp-json\/wp\/v2\/users\/1"}],"replies":[{"embeddable":true,"href":"https:\/\/bonsoleil.es\/es\/wp-json\/wp\/v2\/comments?post=110184"}],"version-history":[{"count":12,"href":"https:\/\/bonsoleil.es\/es\/wp-json\/wp\/v2\/pages\/110184\/revisions"}],"predecessor-version":[{"id":134578,"href":"https:\/\/bonsoleil.es\/es\/wp-json\/wp\/v2\/pages\/110184\/revisions\/134578"}],"up":[{"embeddable":true,"href":"https:\/\/bonsoleil.es\/es\/wp-json\/wp\/v2\/pages\/110182"}],"wp:attachment":[{"href":"https:\/\/bonsoleil.es\/es\/wp-json\/wp\/v2\/media?parent=110184"}],"curies":[{"name":"wp","href":"https:\/\/api.w.org\/{rel}","templated":true}]}}