{"id":110190,"date":"2022-07-18T06:44:24","date_gmt":"2022-07-18T04:44:24","guid":{"rendered":"https:\/\/bonsoleil.es\/etapas\/"},"modified":"2024-06-11T10:44:13","modified_gmt":"2024-06-11T08:44:13","slug":"etapas","status":"publish","type":"page","link":"https:\/\/bonsoleil.es\/es\/etapas\/","title":{"rendered":"Etapas"},"content":{"rendered":"\n<p>Nuestros alumnos empiezan a estudiar en el centro <strong>desde los dos a\u00f1os<\/strong> hasta que acceden a la <strong>universidad<\/strong>. Cada etapa de su educaci\u00f3n est\u00e1 marcada por el paso de un edificio al otro, lo que se traduce en <strong>nuevos retos<\/strong> que les llevar\u00e1n a la universidad. Les acompa\u00f1a en su viaje un equipo <strong>docente altamente cualificado, experto y comprometido<\/strong> con el proyecto del centro.<\/p>\n","protected":false},"excerpt":{"rendered":"Nuestros alumnos empiezan a estudiar en el centro desde los dos a\u00f1os hasta que acceden a la universidad. Cada etapa de su educaci\u00f3n est\u00e1 marcada por el paso de un edificio al otro, lo que se traduce en nuevos retos que les llevar\u00e1n a la universidad. Les acompa\u00f1a en su viaje un equipo docente altamente&#8230; <a class=\"view-article\" href=\"https:\/\/bonsoleil.es\/es\/etapas\/\">Ver art\u00edculo<\/a>","protected":false},"author":1,"featured_media":0,"parent":0,"menu_order":0,"comment_status":"closed","ping_status":"closed","template":"page-etapas.php","meta":{"_acf_changed":false,"footnotes":"","_links_to":"","_links_to_target":""},"class_list":["post-110190","page","type-page","status-publish","hentry"],"acf":[],"yoast_head":"<!-- This site is optimized with the Yoast SEO plugin v27.3 - https:\/\/yoast.com\/product\/yoast-seo-wordpress\/ -->\n<title>Etapas - Lyc\u00e9e International Barcelona \u00b7 Bon Soleil<\/title>\n<meta name=\"robots\" content=\"index, follow, max-snippet:-1, max-image-preview:large, max-video-preview:-1\" \/>\n<link rel=\"canonical\" href=\"https:\/\/bonsoleil.es\/es\/etapas\/\" \/>\n<meta property=\"og:locale\" content=\"es_ES\" \/>\n<meta property=\"og:type\" content=\"article\" \/>\n<meta property=\"og:title\" content=\"Etapas - Lyc\u00e9e International Barcelona \u00b7 Bon Soleil\" \/>\n<meta property=\"og:description\" content=\"Nuestros alumnos empiezan a estudiar en el centro desde los dos a\u00f1os hasta que acceden a la universidad. Cada etapa de su educaci\u00f3n est\u00e1 marcada por el paso de un edificio al otro, lo que se traduce en nuevos retos que les llevar\u00e1n a la universidad. Les acompa\u00f1a en su viaje un equipo docente altamente... Ver art\u00edculo\" \/>\n<meta property=\"og:url\" content=\"https:\/\/bonsoleil.es\/es\/etapas\/\" \/>\n<meta property=\"og:site_name\" content=\"Lyc\u00e9e International Barcelona \u00b7 Bon Soleil\" \/>\n<meta property=\"article:publisher\" content=\"https:\/\/www.facebook.com\/libBonSoleil\/\" \/>\n<meta property=\"article:modified_time\" content=\"2024-06-11T08:44:13+00:00\" \/>\n<meta name=\"twitter:card\" content=\"summary_large_image\" \/>\n<meta name=\"twitter:site\" content=\"@lib_bonsoleil\" \/>\n<meta name=\"twitter:label1\" content=\"Tiempo de lectura\" \/>\n\t<meta name=\"twitter:data1\" content=\"1 minuto\" \/>\n<script type=\"application\/ld+json\" class=\"yoast-schema-graph\">{\"@context\":\"https:\\\/\\\/schema.org\",\"@graph\":[{\"@type\":\"WebPage\",\"@id\":\"https:\\\/\\\/bonsoleil.es\\\/es\\\/etapas\\\/\",\"url\":\"https:\\\/\\\/bonsoleil.es\\\/es\\\/etapas\\\/\",\"name\":\"Etapas - Lyc\u00e9e International Barcelona \u00b7 Bon Soleil\",\"isPartOf\":{\"@id\":\"https:\\\/\\\/bonsoleil.es\\\/es\\\/#website\"},\"datePublished\":\"2022-07-18T04:44:24+00:00\",\"dateModified\":\"2024-06-11T08:44:13+00:00\",\"breadcrumb\":{\"@id\":\"https:\\\/\\\/bonsoleil.es\\\/es\\\/etapas\\\/#breadcrumb\"},\"inLanguage\":\"es\",\"potentialAction\":[{\"@type\":\"ReadAction\",\"target\":[\"https:\\\/\\\/bonsoleil.es\\\/es\\\/etapas\\\/\"]}]},{\"@type\":\"BreadcrumbList\",\"@id\":\"https:\\\/\\\/bonsoleil.es\\\/es\\\/etapas\\\/#breadcrumb\",\"itemListElement\":[{\"@type\":\"ListItem\",\"position\":1,\"name\":\"Portada\",\"item\":\"https:\\\/\\\/bonsoleil.es\\\/es\\\/\"},{\"@type\":\"ListItem\",\"position\":2,\"name\":\"Etapas\"}]},{\"@type\":\"WebSite\",\"@id\":\"https:\\\/\\\/bonsoleil.es\\\/es\\\/#website\",\"url\":\"https:\\\/\\\/bonsoleil.es\\\/es\\\/\",\"name\":\"Lyc\u00e9e International Barcelona \u00b7 Bon Soleil\",\"description\":\"Lyc\u00e9e International Barcelona\",\"potentialAction\":[{\"@type\":\"SearchAction\",\"target\":{\"@type\":\"EntryPoint\",\"urlTemplate\":\"https:\\\/\\\/bonsoleil.es\\\/es\\\/?s={search_term_string}\"},\"query-input\":{\"@type\":\"PropertyValueSpecification\",\"valueRequired\":true,\"valueName\":\"search_term_string\"}}],\"inLanguage\":\"es\"}]}<\/script>\n<!-- \/ Yoast SEO plugin. -->","yoast_head_json":{"title":"Etapas - Lyc\u00e9e International Barcelona \u00b7 Bon Soleil","robots":{"index":"index","follow":"follow","max-snippet":"max-snippet:-1","max-image-preview":"max-image-preview:large","max-video-preview":"max-video-preview:-1"},"canonical":"https:\/\/bonsoleil.es\/es\/etapas\/","og_locale":"es_ES","og_type":"article","og_title":"Etapas - Lyc\u00e9e International Barcelona \u00b7 Bon Soleil","og_description":"Nuestros alumnos empiezan a estudiar en el centro desde los dos a\u00f1os hasta que acceden a la universidad. Cada etapa de su educaci\u00f3n est\u00e1 marcada por el paso de un edificio al otro, lo que se traduce en nuevos retos que les llevar\u00e1n a la universidad. Les acompa\u00f1a en su viaje un equipo docente altamente... Ver art\u00edculo","og_url":"https:\/\/bonsoleil.es\/es\/etapas\/","og_site_name":"Lyc\u00e9e International Barcelona \u00b7 Bon Soleil","article_publisher":"https:\/\/www.facebook.com\/libBonSoleil\/","article_modified_time":"2024-06-11T08:44:13+00:00","twitter_card":"summary_large_image","twitter_site":"@lib_bonsoleil","twitter_misc":{"Tiempo de lectura":"1 minuto"},"schema":{"@context":"https:\/\/schema.org","@graph":[{"@type":"WebPage","@id":"https:\/\/bonsoleil.es\/es\/etapas\/","url":"https:\/\/bonsoleil.es\/es\/etapas\/","name":"Etapas - Lyc\u00e9e International Barcelona \u00b7 Bon Soleil","isPartOf":{"@id":"https:\/\/bonsoleil.es\/es\/#website"},"datePublished":"2022-07-18T04:44:24+00:00","dateModified":"2024-06-11T08:44:13+00:00","breadcrumb":{"@id":"https:\/\/bonsoleil.es\/es\/etapas\/#breadcrumb"},"inLanguage":"es","potentialAction":[{"@type":"ReadAction","target":["https:\/\/bonsoleil.es\/es\/etapas\/"]}]},{"@type":"BreadcrumbList","@id":"https:\/\/bonsoleil.es\/es\/etapas\/#breadcrumb","itemListElement":[{"@type":"ListItem","position":1,"name":"Portada","item":"https:\/\/bonsoleil.es\/es\/"},{"@type":"ListItem","position":2,"name":"Etapas"}]},{"@type":"WebSite","@id":"https:\/\/bonsoleil.es\/es\/#website","url":"https:\/\/bonsoleil.es\/es\/","name":"Lyc\u00e9e International Barcelona \u00b7 Bon Soleil","description":"Lyc\u00e9e International Barcelona","potentialAction":[{"@type":"SearchAction","target":{"@type":"EntryPoint","urlTemplate":"https:\/\/bonsoleil.es\/es\/?s={search_term_string}"},"query-input":{"@type":"PropertyValueSpecification","valueRequired":true,"valueName":"search_term_string"}}],"inLanguage":"es"}]}},"_links":{"self":[{"href":"https:\/\/bonsoleil.es\/es\/wp-json\/wp\/v2\/pages\/110190","targetHints":{"allow":["GET"]}}],"collection":[{"href":"https:\/\/bonsoleil.es\/es\/wp-json\/wp\/v2\/pages"}],"about":[{"href":"https:\/\/bonsoleil.es\/es\/wp-json\/wp\/v2\/types\/page"}],"author":[{"embeddable":true,"href":"https:\/\/bonsoleil.es\/es\/wp-json\/wp\/v2\/users\/1"}],"replies":[{"embeddable":true,"href":"https:\/\/bonsoleil.es\/es\/wp-json\/wp\/v2\/comments?post=110190"}],"version-history":[{"count":4,"href":"https:\/\/bonsoleil.es\/es\/wp-json\/wp\/v2\/pages\/110190\/revisions"}],"predecessor-version":[{"id":127019,"href":"https:\/\/bonsoleil.es\/es\/wp-json\/wp\/v2\/pages\/110190\/revisions\/127019"}],"wp:attachment":[{"href":"https:\/\/bonsoleil.es\/es\/wp-json\/wp\/v2\/media?parent=110190"}],"curies":[{"name":"wp","href":"https:\/\/api.w.org\/{rel}","templated":true}]}}