{"id":110194,"date":"2022-09-23T12:09:25","date_gmt":"2022-09-23T10:09:25","guid":{"rendered":"https:\/\/bonsoleil.es\/etapas\/maternelle\/"},"modified":"2024-04-02T12:42:34","modified_gmt":"2024-04-02T10:42:34","slug":"maternelle","status":"publish","type":"page","link":"https:\/\/bonsoleil.es\/es\/etapas\/maternelle\/","title":{"rendered":"Maternelle"},"content":{"rendered":"\n<p>La escuela Maternelle acoge a los alumnos <strong>de 2 a 6 a\u00f1os<\/strong>, desde el 1er ciclo (TPS) hasta el 3er ciclo (GS) y, junto con los cursos de \u00c9l\u00e9mentaire, forma parte de la escuela primaria.<\/p>\n\n\n\n<p>Es la primera etapa del viaje educativo de los alumnos, en la que adquieren las habilidades fundamentales (leer, escribir, contar y respetar a los dem\u00e1s) hasta llegar a primaria.<\/p>\n\n\n\n<p><strong>CARACTER\u00cdSTICAS DE MATERNELLE EN LIB BON SOLEIL<\/strong><\/p>\n\n\n\n<p><\/p>\n","protected":false},"excerpt":{"rendered":"La escuela Maternelle acoge a los alumnos de 2 a 6 a\u00f1os, desde el 1er ciclo (TPS) hasta el 3er ciclo (GS) y, junto con los cursos de \u00c9l\u00e9mentaire, forma parte de la escuela primaria. Es la primera etapa del viaje educativo de los alumnos, en la que adquieren las habilidades fundamentales (leer, escribir, contar&#8230; <a class=\"view-article\" href=\"https:\/\/bonsoleil.es\/es\/etapas\/maternelle\/\">Ver art\u00edculo<\/a>","protected":false},"author":1,"featured_media":0,"parent":110190,"menu_order":0,"comment_status":"closed","ping_status":"closed","template":"page-maternal.php","meta":{"_acf_changed":false,"footnotes":"","_links_to":"","_links_to_target":""},"class_list":["post-110194","page","type-page","status-publish","hentry"],"acf":[],"yoast_head":"<!-- This site is optimized with the Yoast SEO plugin v27.3 - https:\/\/yoast.com\/product\/yoast-seo-wordpress\/ -->\n<title>Maternelle - Lyc\u00e9e International Barcelona \u00b7 Bon Soleil<\/title>\n<meta name=\"robots\" content=\"index, follow, max-snippet:-1, max-image-preview:large, max-video-preview:-1\" \/>\n<link rel=\"canonical\" href=\"https:\/\/bonsoleil.es\/es\/etapas\/maternelle\/\" \/>\n<meta property=\"og:locale\" content=\"es_ES\" \/>\n<meta property=\"og:type\" content=\"article\" \/>\n<meta property=\"og:title\" content=\"Maternelle - Lyc\u00e9e International Barcelona \u00b7 Bon Soleil\" \/>\n<meta property=\"og:description\" content=\"La escuela Maternelle acoge a los alumnos de 2 a 6 a\u00f1os, desde el 1er ciclo (TPS) hasta el 3er ciclo (GS) y, junto con los cursos de \u00c9l\u00e9mentaire, forma parte de la escuela primaria. Es la primera etapa del viaje educativo de los alumnos, en la que adquieren las habilidades fundamentales (leer, escribir, contar... Ver art\u00edculo\" \/>\n<meta property=\"og:url\" content=\"https:\/\/bonsoleil.es\/es\/etapas\/maternelle\/\" \/>\n<meta property=\"og:site_name\" content=\"Lyc\u00e9e International Barcelona \u00b7 Bon Soleil\" \/>\n<meta property=\"article:publisher\" content=\"https:\/\/www.facebook.com\/libBonSoleil\/\" \/>\n<meta property=\"article:modified_time\" content=\"2024-04-02T10:42:34+00:00\" \/>\n<meta name=\"twitter:card\" content=\"summary_large_image\" \/>\n<meta name=\"twitter:site\" content=\"@lib_bonsoleil\" \/>\n<meta name=\"twitter:label1\" content=\"Tiempo de lectura\" \/>\n\t<meta name=\"twitter:data1\" content=\"1 minuto\" \/>\n<script type=\"application\/ld+json\" class=\"yoast-schema-graph\">{\"@context\":\"https:\\\/\\\/schema.org\",\"@graph\":[{\"@type\":\"WebPage\",\"@id\":\"https:\\\/\\\/bonsoleil.es\\\/es\\\/etapas\\\/maternelle\\\/\",\"url\":\"https:\\\/\\\/bonsoleil.es\\\/es\\\/etapas\\\/maternelle\\\/\",\"name\":\"Maternelle - Lyc\u00e9e International Barcelona \u00b7 Bon Soleil\",\"isPartOf\":{\"@id\":\"https:\\\/\\\/bonsoleil.es\\\/es\\\/#website\"},\"datePublished\":\"2022-09-23T10:09:25+00:00\",\"dateModified\":\"2024-04-02T10:42:34+00:00\",\"breadcrumb\":{\"@id\":\"https:\\\/\\\/bonsoleil.es\\\/es\\\/etapas\\\/maternelle\\\/#breadcrumb\"},\"inLanguage\":\"es\",\"potentialAction\":[{\"@type\":\"ReadAction\",\"target\":[\"https:\\\/\\\/bonsoleil.es\\\/es\\\/etapas\\\/maternelle\\\/\"]}]},{\"@type\":\"BreadcrumbList\",\"@id\":\"https:\\\/\\\/bonsoleil.es\\\/es\\\/etapas\\\/maternelle\\\/#breadcrumb\",\"itemListElement\":[{\"@type\":\"ListItem\",\"position\":1,\"name\":\"Portada\",\"item\":\"https:\\\/\\\/bonsoleil.es\\\/es\\\/\"},{\"@type\":\"ListItem\",\"position\":2,\"name\":\"Etapas\",\"item\":\"https:\\\/\\\/bonsoleil.es\\\/es\\\/etapas\\\/\"},{\"@type\":\"ListItem\",\"position\":3,\"name\":\"Maternelle\"}]},{\"@type\":\"WebSite\",\"@id\":\"https:\\\/\\\/bonsoleil.es\\\/es\\\/#website\",\"url\":\"https:\\\/\\\/bonsoleil.es\\\/es\\\/\",\"name\":\"Lyc\u00e9e International Barcelona \u00b7 Bon Soleil\",\"description\":\"Lyc\u00e9e International Barcelona\",\"potentialAction\":[{\"@type\":\"SearchAction\",\"target\":{\"@type\":\"EntryPoint\",\"urlTemplate\":\"https:\\\/\\\/bonsoleil.es\\\/es\\\/?s={search_term_string}\"},\"query-input\":{\"@type\":\"PropertyValueSpecification\",\"valueRequired\":true,\"valueName\":\"search_term_string\"}}],\"inLanguage\":\"es\"}]}<\/script>\n<!-- \/ Yoast SEO plugin. -->","yoast_head_json":{"title":"Maternelle - Lyc\u00e9e International Barcelona \u00b7 Bon Soleil","robots":{"index":"index","follow":"follow","max-snippet":"max-snippet:-1","max-image-preview":"max-image-preview:large","max-video-preview":"max-video-preview:-1"},"canonical":"https:\/\/bonsoleil.es\/es\/etapas\/maternelle\/","og_locale":"es_ES","og_type":"article","og_title":"Maternelle - Lyc\u00e9e International Barcelona \u00b7 Bon Soleil","og_description":"La escuela Maternelle acoge a los alumnos de 2 a 6 a\u00f1os, desde el 1er ciclo (TPS) hasta el 3er ciclo (GS) y, junto con los cursos de \u00c9l\u00e9mentaire, forma parte de la escuela primaria. Es la primera etapa del viaje educativo de los alumnos, en la que adquieren las habilidades fundamentales (leer, escribir, contar... Ver art\u00edculo","og_url":"https:\/\/bonsoleil.es\/es\/etapas\/maternelle\/","og_site_name":"Lyc\u00e9e International Barcelona \u00b7 Bon Soleil","article_publisher":"https:\/\/www.facebook.com\/libBonSoleil\/","article_modified_time":"2024-04-02T10:42:34+00:00","twitter_card":"summary_large_image","twitter_site":"@lib_bonsoleil","twitter_misc":{"Tiempo de lectura":"1 minuto"},"schema":{"@context":"https:\/\/schema.org","@graph":[{"@type":"WebPage","@id":"https:\/\/bonsoleil.es\/es\/etapas\/maternelle\/","url":"https:\/\/bonsoleil.es\/es\/etapas\/maternelle\/","name":"Maternelle - Lyc\u00e9e International Barcelona \u00b7 Bon Soleil","isPartOf":{"@id":"https:\/\/bonsoleil.es\/es\/#website"},"datePublished":"2022-09-23T10:09:25+00:00","dateModified":"2024-04-02T10:42:34+00:00","breadcrumb":{"@id":"https:\/\/bonsoleil.es\/es\/etapas\/maternelle\/#breadcrumb"},"inLanguage":"es","potentialAction":[{"@type":"ReadAction","target":["https:\/\/bonsoleil.es\/es\/etapas\/maternelle\/"]}]},{"@type":"BreadcrumbList","@id":"https:\/\/bonsoleil.es\/es\/etapas\/maternelle\/#breadcrumb","itemListElement":[{"@type":"ListItem","position":1,"name":"Portada","item":"https:\/\/bonsoleil.es\/es\/"},{"@type":"ListItem","position":2,"name":"Etapas","item":"https:\/\/bonsoleil.es\/es\/etapas\/"},{"@type":"ListItem","position":3,"name":"Maternelle"}]},{"@type":"WebSite","@id":"https:\/\/bonsoleil.es\/es\/#website","url":"https:\/\/bonsoleil.es\/es\/","name":"Lyc\u00e9e International Barcelona \u00b7 Bon Soleil","description":"Lyc\u00e9e International Barcelona","potentialAction":[{"@type":"SearchAction","target":{"@type":"EntryPoint","urlTemplate":"https:\/\/bonsoleil.es\/es\/?s={search_term_string}"},"query-input":{"@type":"PropertyValueSpecification","valueRequired":true,"valueName":"search_term_string"}}],"inLanguage":"es"}]}},"_links":{"self":[{"href":"https:\/\/bonsoleil.es\/es\/wp-json\/wp\/v2\/pages\/110194","targetHints":{"allow":["GET"]}}],"collection":[{"href":"https:\/\/bonsoleil.es\/es\/wp-json\/wp\/v2\/pages"}],"about":[{"href":"https:\/\/bonsoleil.es\/es\/wp-json\/wp\/v2\/types\/page"}],"author":[{"embeddable":true,"href":"https:\/\/bonsoleil.es\/es\/wp-json\/wp\/v2\/users\/1"}],"replies":[{"embeddable":true,"href":"https:\/\/bonsoleil.es\/es\/wp-json\/wp\/v2\/comments?post=110194"}],"version-history":[{"count":3,"href":"https:\/\/bonsoleil.es\/es\/wp-json\/wp\/v2\/pages\/110194\/revisions"}],"predecessor-version":[{"id":123023,"href":"https:\/\/bonsoleil.es\/es\/wp-json\/wp\/v2\/pages\/110194\/revisions\/123023"}],"up":[{"embeddable":true,"href":"https:\/\/bonsoleil.es\/es\/wp-json\/wp\/v2\/pages\/110190"}],"wp:attachment":[{"href":"https:\/\/bonsoleil.es\/es\/wp-json\/wp\/v2\/media?parent=110194"}],"curies":[{"name":"wp","href":"https:\/\/api.w.org\/{rel}","templated":true}]}}