{"id":110200,"date":"2022-09-23T12:10:12","date_gmt":"2022-09-23T10:10:12","guid":{"rendered":"https:\/\/bonsoleil.es\/etapas\/college\/"},"modified":"2023-02-09T09:57:46","modified_gmt":"2023-02-09T08:57:46","slug":"college","status":"publish","type":"page","link":"https:\/\/bonsoleil.es\/es\/etapas\/college\/","title":{"rendered":"Coll\u00e8ge"},"content":{"rendered":"\n<p>Lyc\u00e9e International Barcelone Bon Soleil permite a los alumnos continuar su educaci\u00f3n en el centro durante la etapa en secundaria, desde 6<sup>\u00e8me<\/sup> (\u00faltimo a\u00f1o del 3er ciclo) hasta 3<sup>\u00e8me<\/sup> El 4\u00ba ciclo comprende las clases de 5<sup>\u00e8me<\/sup>, 4<sup>\u00e8me<\/sup> y 3<sup>\u00e8me<\/sup>. Durante este ciclo, los alumnos desarrollan sus conocimientos y competencias en las diferentes disciplinas y se preparan para continuar con su formaci\u00f3n y su futura inmersi\u00f3n en la vida laboral y social. <\/p>\n\n\n\n<div class=\"wp-block-columns is-layout-flex wp-container-core-columns-is-layout-9d6595d7 wp-block-columns-is-layout-flex\">\n<div class=\"wp-block-column is-layout-flow wp-block-column-is-layout-flow\">\n<p class=\"has-text-align-center title_box title_college\">CICLO 3<br>CICLO DE CONSOLIDACI\u00d3N<\/p>\n<\/div>\n\n\n\n<div class=\"wp-block-column is-layout-flow wp-block-column-is-layout-flow\">\n<p class=\"has-text-align-center title_box title_college\">CICLO 4<br>CICLO DE PROFUNDIZACI\u00d3N<\/p>\n<\/div>\n<\/div>\n\n\n\n<div class=\"wp-block-columns is-layout-flex wp-container-core-columns-is-layout-9d6595d7 wp-block-columns-is-layout-flex\">\n<div class=\"wp-block-column txt_box_college is-layout-flow wp-block-column-is-layout-flow\">\n<p class=\"has-text-align-center\">Clase de 6<sup>\u00e8me<\/sup>, \u00faltimo curso del 3\u00ba ciclo (CM1, CM2, 6<sup>\u00e8me<\/sup>)<\/p>\n<\/div>\n\n\n\n<div class=\"wp-block-column txt_box_college is-layout-flow wp-block-column-is-layout-flow\">\n<p class=\"has-text-align-center\">Clases de 5<sup>\u00e8me<\/sup>, 4<sup>\u00e8me<\/sup> y 3<sup>\u00e8me<\/sup><\/p>\n<\/div>\n<\/div>\n\n\n\n<p>Al finalizar el \u00faltimo curso (3<sup>\u00e8me<\/sup>), las pruebas para la obtenci\u00f3n del <strong>diploma de Educaci\u00f3n Secundaria Obligatoria<\/strong> eval\u00faan los <strong>conocimientos y las competencias adquiridas al final de esta etapa<\/strong>.<\/p>\n\n\n\n<h4 class=\"wp-block-heading\"><strong>BASE COM\u00daN DE CONOCIMIENTOS, COMPETENCIAS Y CULTURA DEL 4\u00ba CICLO<\/strong><\/h4>\n\n\n\n<p>La base com\u00fan de conocimientos, competencias y cultura identifica los conocimientos y competencias que los alumnos deben haber adquirido al finalizar la educaci\u00f3n obligatoria.<\/p>\n\n\n\n<h4 class=\"wp-block-heading\">DIPLOMA NACIONAL BREVET<\/h4>\n","protected":false},"excerpt":{"rendered":"Lyc\u00e9e International Barcelone Bon Soleil permite a los alumnos continuar su educaci\u00f3n en el centro durante la etapa en secundaria, desde 6\u00e8me (\u00faltimo a\u00f1o del 3er ciclo) hasta 3\u00e8me El 4\u00ba ciclo comprende las clases de 5\u00e8me, 4\u00e8me y 3\u00e8me. Durante este ciclo, los alumnos desarrollan sus conocimientos y competencias en las diferentes disciplinas y&#8230; <a class=\"view-article\" href=\"https:\/\/bonsoleil.es\/es\/etapas\/college\/\">Ver art\u00edculo<\/a>","protected":false},"author":1,"featured_media":0,"parent":110190,"menu_order":2,"comment_status":"closed","ping_status":"closed","template":"","meta":{"_acf_changed":false,"footnotes":"","_links_to":"","_links_to_target":""},"class_list":["post-110200","page","type-page","status-publish","hentry"],"acf":[],"yoast_head":"<!-- This site is optimized with the Yoast SEO plugin v27.3 - https:\/\/yoast.com\/product\/yoast-seo-wordpress\/ -->\n<title>Coll\u00e8ge - Lyc\u00e9e International Barcelona \u00b7 Bon Soleil<\/title>\n<meta name=\"robots\" content=\"index, follow, max-snippet:-1, max-image-preview:large, max-video-preview:-1\" \/>\n<link rel=\"canonical\" href=\"https:\/\/bonsoleil.es\/es\/etapas\/college\/\" \/>\n<meta property=\"og:locale\" content=\"es_ES\" \/>\n<meta property=\"og:type\" content=\"article\" \/>\n<meta property=\"og:title\" content=\"Coll\u00e8ge - Lyc\u00e9e International Barcelona \u00b7 Bon Soleil\" \/>\n<meta property=\"og:description\" content=\"Lyc\u00e9e International Barcelone Bon Soleil permite a los alumnos continuar su educaci\u00f3n en el centro durante la etapa en secundaria, desde 6\u00e8me (\u00faltimo a\u00f1o del 3er ciclo) hasta 3\u00e8me El 4\u00ba ciclo comprende las clases de 5\u00e8me, 4\u00e8me y 3\u00e8me. Durante este ciclo, los alumnos desarrollan sus conocimientos y competencias en las diferentes disciplinas y... Ver art\u00edculo\" \/>\n<meta property=\"og:url\" content=\"https:\/\/bonsoleil.es\/es\/etapas\/college\/\" \/>\n<meta property=\"og:site_name\" content=\"Lyc\u00e9e International Barcelona \u00b7 Bon Soleil\" \/>\n<meta property=\"article:publisher\" content=\"https:\/\/www.facebook.com\/libBonSoleil\/\" \/>\n<meta property=\"article:modified_time\" content=\"2023-02-09T08:57:46+00:00\" \/>\n<meta name=\"twitter:card\" content=\"summary_large_image\" \/>\n<meta name=\"twitter:site\" content=\"@lib_bonsoleil\" \/>\n<meta name=\"twitter:label1\" content=\"Tiempo de lectura\" \/>\n\t<meta name=\"twitter:data1\" content=\"1 minuto\" \/>\n<script type=\"application\/ld+json\" class=\"yoast-schema-graph\">{\"@context\":\"https:\\\/\\\/schema.org\",\"@graph\":[{\"@type\":\"WebPage\",\"@id\":\"https:\\\/\\\/bonsoleil.es\\\/es\\\/etapas\\\/college\\\/\",\"url\":\"https:\\\/\\\/bonsoleil.es\\\/es\\\/etapas\\\/college\\\/\",\"name\":\"Coll\u00e8ge - Lyc\u00e9e International Barcelona \u00b7 Bon Soleil\",\"isPartOf\":{\"@id\":\"https:\\\/\\\/bonsoleil.es\\\/es\\\/#website\"},\"datePublished\":\"2022-09-23T10:10:12+00:00\",\"dateModified\":\"2023-02-09T08:57:46+00:00\",\"breadcrumb\":{\"@id\":\"https:\\\/\\\/bonsoleil.es\\\/es\\\/etapas\\\/college\\\/#breadcrumb\"},\"inLanguage\":\"es\",\"potentialAction\":[{\"@type\":\"ReadAction\",\"target\":[\"https:\\\/\\\/bonsoleil.es\\\/es\\\/etapas\\\/college\\\/\"]}]},{\"@type\":\"BreadcrumbList\",\"@id\":\"https:\\\/\\\/bonsoleil.es\\\/es\\\/etapas\\\/college\\\/#breadcrumb\",\"itemListElement\":[{\"@type\":\"ListItem\",\"position\":1,\"name\":\"Portada\",\"item\":\"https:\\\/\\\/bonsoleil.es\\\/es\\\/\"},{\"@type\":\"ListItem\",\"position\":2,\"name\":\"Etapas\",\"item\":\"https:\\\/\\\/bonsoleil.es\\\/es\\\/etapas\\\/\"},{\"@type\":\"ListItem\",\"position\":3,\"name\":\"Coll\u00e8ge\"}]},{\"@type\":\"WebSite\",\"@id\":\"https:\\\/\\\/bonsoleil.es\\\/es\\\/#website\",\"url\":\"https:\\\/\\\/bonsoleil.es\\\/es\\\/\",\"name\":\"Lyc\u00e9e International Barcelona \u00b7 Bon Soleil\",\"description\":\"Lyc\u00e9e International Barcelona\",\"potentialAction\":[{\"@type\":\"SearchAction\",\"target\":{\"@type\":\"EntryPoint\",\"urlTemplate\":\"https:\\\/\\\/bonsoleil.es\\\/es\\\/?s={search_term_string}\"},\"query-input\":{\"@type\":\"PropertyValueSpecification\",\"valueRequired\":true,\"valueName\":\"search_term_string\"}}],\"inLanguage\":\"es\"}]}<\/script>\n<!-- \/ Yoast SEO plugin. -->","yoast_head_json":{"title":"Coll\u00e8ge - Lyc\u00e9e International Barcelona \u00b7 Bon Soleil","robots":{"index":"index","follow":"follow","max-snippet":"max-snippet:-1","max-image-preview":"max-image-preview:large","max-video-preview":"max-video-preview:-1"},"canonical":"https:\/\/bonsoleil.es\/es\/etapas\/college\/","og_locale":"es_ES","og_type":"article","og_title":"Coll\u00e8ge - Lyc\u00e9e International Barcelona \u00b7 Bon Soleil","og_description":"Lyc\u00e9e International Barcelone Bon Soleil permite a los alumnos continuar su educaci\u00f3n en el centro durante la etapa en secundaria, desde 6\u00e8me (\u00faltimo a\u00f1o del 3er ciclo) hasta 3\u00e8me El 4\u00ba ciclo comprende las clases de 5\u00e8me, 4\u00e8me y 3\u00e8me. Durante este ciclo, los alumnos desarrollan sus conocimientos y competencias en las diferentes disciplinas y... Ver art\u00edculo","og_url":"https:\/\/bonsoleil.es\/es\/etapas\/college\/","og_site_name":"Lyc\u00e9e International Barcelona \u00b7 Bon Soleil","article_publisher":"https:\/\/www.facebook.com\/libBonSoleil\/","article_modified_time":"2023-02-09T08:57:46+00:00","twitter_card":"summary_large_image","twitter_site":"@lib_bonsoleil","twitter_misc":{"Tiempo de lectura":"1 minuto"},"schema":{"@context":"https:\/\/schema.org","@graph":[{"@type":"WebPage","@id":"https:\/\/bonsoleil.es\/es\/etapas\/college\/","url":"https:\/\/bonsoleil.es\/es\/etapas\/college\/","name":"Coll\u00e8ge - Lyc\u00e9e International Barcelona \u00b7 Bon Soleil","isPartOf":{"@id":"https:\/\/bonsoleil.es\/es\/#website"},"datePublished":"2022-09-23T10:10:12+00:00","dateModified":"2023-02-09T08:57:46+00:00","breadcrumb":{"@id":"https:\/\/bonsoleil.es\/es\/etapas\/college\/#breadcrumb"},"inLanguage":"es","potentialAction":[{"@type":"ReadAction","target":["https:\/\/bonsoleil.es\/es\/etapas\/college\/"]}]},{"@type":"BreadcrumbList","@id":"https:\/\/bonsoleil.es\/es\/etapas\/college\/#breadcrumb","itemListElement":[{"@type":"ListItem","position":1,"name":"Portada","item":"https:\/\/bonsoleil.es\/es\/"},{"@type":"ListItem","position":2,"name":"Etapas","item":"https:\/\/bonsoleil.es\/es\/etapas\/"},{"@type":"ListItem","position":3,"name":"Coll\u00e8ge"}]},{"@type":"WebSite","@id":"https:\/\/bonsoleil.es\/es\/#website","url":"https:\/\/bonsoleil.es\/es\/","name":"Lyc\u00e9e International Barcelona \u00b7 Bon Soleil","description":"Lyc\u00e9e International Barcelona","potentialAction":[{"@type":"SearchAction","target":{"@type":"EntryPoint","urlTemplate":"https:\/\/bonsoleil.es\/es\/?s={search_term_string}"},"query-input":{"@type":"PropertyValueSpecification","valueRequired":true,"valueName":"search_term_string"}}],"inLanguage":"es"}]}},"_links":{"self":[{"href":"https:\/\/bonsoleil.es\/es\/wp-json\/wp\/v2\/pages\/110200","targetHints":{"allow":["GET"]}}],"collection":[{"href":"https:\/\/bonsoleil.es\/es\/wp-json\/wp\/v2\/pages"}],"about":[{"href":"https:\/\/bonsoleil.es\/es\/wp-json\/wp\/v2\/types\/page"}],"author":[{"embeddable":true,"href":"https:\/\/bonsoleil.es\/es\/wp-json\/wp\/v2\/users\/1"}],"replies":[{"embeddable":true,"href":"https:\/\/bonsoleil.es\/es\/wp-json\/wp\/v2\/comments?post=110200"}],"version-history":[{"count":8,"href":"https:\/\/bonsoleil.es\/es\/wp-json\/wp\/v2\/pages\/110200\/revisions"}],"predecessor-version":[{"id":111201,"href":"https:\/\/bonsoleil.es\/es\/wp-json\/wp\/v2\/pages\/110200\/revisions\/111201"}],"up":[{"embeddable":true,"href":"https:\/\/bonsoleil.es\/es\/wp-json\/wp\/v2\/pages\/110190"}],"wp:attachment":[{"href":"https:\/\/bonsoleil.es\/es\/wp-json\/wp\/v2\/media?parent=110200"}],"curies":[{"name":"wp","href":"https:\/\/api.w.org\/{rel}","templated":true}]}}