{"id":110222,"date":"2022-12-01T11:07:25","date_gmt":"2022-12-01T10:07:25","guid":{"rendered":"https:\/\/bonsoleil.es\/etapas\/lycee\/2nde\/"},"modified":"2023-01-27T10:59:23","modified_gmt":"2023-01-27T09:59:23","slug":"2nde","status":"publish","type":"page","link":"https:\/\/bonsoleil.es\/es\/etapas\/lycee\/2nde\/","title":{"rendered":"2nde"},"content":{"rendered":"\n<p><strong>LA CLASE DE 2nde EN LIB BON SOLEIL<\/strong><\/p>\n\n<p>La clase de 2nde general y tecnol\u00f3gico es una etapa de determinaci\u00f3n que incluye asignaturas comunes para todos los alumnos y otras optativas.<\/p>\n\n<p>En esta etapa, Lyc\u00e9e international Barcelone Bon Soleil pone en marcha una serie de acciones para elaborar un plan de carrera para cada alumno:<\/p>\n\n<ul class=\"wp-block-list\">\n<li>Pruebas de orientaci\u00f3n y elaboraci\u00f3n de un portfolio;<\/li>\n\n\n\n<li>Presentaci\u00f3n de sectores de actividades;<\/li>\n\n\n\n<li>Presentaci\u00f3n de los programas IB y Bachibac a los alumnos y a sus familias (intercambios con alumnos de 1<sup>\u00ba<\/sup> y 2<sup>\u00ba<\/sup> de Bachibac e IB, charlas, entrevistas, etc.) ;<\/li>\n\n\n\n<li>Presentaci\u00f3n de las asignaturas que se imparten en Bachibac y en IB (observaci\u00f3n de clases);<\/li>\n\n\n\n<li>Participaci\u00f3n en Barcelona Activa;<\/li>\n\n\n\n<li>Participaci\u00f3n en la jornada de orientaci\u00f3n Bon Soleil Campus;<\/li>\n\n\n\n<li>Participaci\u00f3n en las mesas redondas de antiguos alumnos;<\/li>\n\n\n\n<li>Entrevistas individuales con los alumnos y sus familias.<\/li>\n<\/ul>\n\n<p class=\"top80\"><strong>PROGRAMA DE INTERCAMBIO ADN-AEFE: dos alumnos, dos centros, dos pa\u00edses y una experiencia<\/strong><\/p>\n\n<figure class=\"wp-block-image size-full top0 bot0\"><img loading=\"lazy\" decoding=\"async\" width=\"92\" height=\"75\" src=\"https:\/\/bonsoleil.es\/web\/wp-content\/uploads\/2022\/12\/agora_monde-1.jpg\" alt=\"\" class=\"wp-image-297\"\/><\/figure>\n\n<p>Lyc\u00e9e International Barcelone Bon Soleil, como centro homologado por el Ministerio de Educaci\u00f3n Nacional de Francia y miembro de la Agencia para la Ense\u00f1anza del Franc\u00e9s en el Extranjero (AEFE), participa en el programa de intercambio escolar ADN. Se trata de un programa en el que los alumnos tienen la oportunidad de estudiar durante varias semanas en un centro de otro pa\u00eds. Durante su estancia, los alumnos no solo estudian en un centro educativo nuevo, sino que son acogidos por las familias.<\/p>\n\n<p>Lyc\u00e9e International Barcelone Bon Soleil, como centro homologado por el Ministerio de Educaci\u00f3n Nacional de Francia y miembro de la Agencia para la Ense\u00f1anza del Franc\u00e9s en el Extranjero (AEFE), participa en el programa de intercambio escolar ADN-AEFE. Se trata de un programa en el que los alumnos tienen la oportunidad de estudiar durante varias semanas en un centro de la AEFE que participe en el programa.<\/p>\n\n<p>Gracias a esta inmersi\u00f3n en un nuevo ambiente familiar, escolar, cultural y ling\u00fc\u00edstico a lo largo de varias semanas, los alumnos enriquecen su formaci\u00f3n mientras contin\u00faan con sus estudios en otro centro de la red AEFE. El programa de intercambio ADN-AEFE cuenta con el apoyo de la red social mundial AGORA Monde, que permite a los alumnos ponerse en contacto con antiguos alumnos de los liceos franceses de todo el mundo. <br\/>Ello supone una excelente oportunidad para comentar sus planes de carrera una vez acabado el bachillerato y hablar con ellos del programa de intercambio ADN-AEFE.<\/p>\n\n<p><\/p>\n\n<div style=\"position:relative;padding-bottom:56.25%;height:0;overflow:hidden; margin-top:80px;\"> <iframe loading=\"lazy\" style=\"width:100%;height:100%;position:absolute;left:0px;top:0px;overflow:hidden\" frameborder=\"0\" type=\"text\/html\" src=\"https:\/\/www.dailymotion.com\/embed\/video\/x7qck7a\" width=\"100%\" height=\"100%\" allowfullscreen=\"\" title=\"Dailymotion Video Player\"> <\/iframe> <\/div>\n","protected":false},"excerpt":{"rendered":"LA CLASE DE 2nde EN LIB BON SOLEIL La clase de 2nde general y tecnol\u00f3gico es una etapa de determinaci\u00f3n que incluye asignaturas comunes para todos los alumnos y otras optativas. En esta etapa, Lyc\u00e9e international Barcelone Bon Soleil pone en marcha una serie de acciones para elaborar un plan de carrera para cada alumno:&#8230; <a class=\"view-article\" href=\"https:\/\/bonsoleil.es\/es\/etapas\/lycee\/2nde\/\">Ver art\u00edculo<\/a>","protected":false},"author":1,"featured_media":0,"parent":110202,"menu_order":0,"comment_status":"closed","ping_status":"closed","template":"","meta":{"_acf_changed":false,"footnotes":"","_links_to":"","_links_to_target":""},"class_list":["post-110222","page","type-page","status-publish","hentry"],"acf":[],"yoast_head":"<!-- This site is optimized with the Yoast SEO plugin v27.2 - https:\/\/yoast.com\/product\/yoast-seo-wordpress\/ -->\n<title>2nde - Lyc\u00e9e International Barcelona \u00b7 Bon Soleil<\/title>\n<meta name=\"robots\" content=\"index, follow, max-snippet:-1, max-image-preview:large, max-video-preview:-1\" \/>\n<link rel=\"canonical\" href=\"https:\/\/bonsoleil.es\/es\/etapas\/lycee\/2nde\/\" \/>\n<meta property=\"og:locale\" content=\"es_ES\" \/>\n<meta property=\"og:type\" content=\"article\" \/>\n<meta property=\"og:title\" content=\"2nde - Lyc\u00e9e International Barcelona \u00b7 Bon Soleil\" \/>\n<meta property=\"og:description\" content=\"LA CLASE DE 2nde EN LIB BON SOLEIL La clase de 2nde general y tecnol\u00f3gico es una etapa de determinaci\u00f3n que incluye asignaturas comunes para todos los alumnos y otras optativas. En esta etapa, Lyc\u00e9e international Barcelone Bon Soleil pone en marcha una serie de acciones para elaborar un plan de carrera para cada alumno:... Ver art\u00edculo\" \/>\n<meta property=\"og:url\" content=\"https:\/\/bonsoleil.es\/es\/etapas\/lycee\/2nde\/\" \/>\n<meta property=\"og:site_name\" content=\"Lyc\u00e9e International Barcelona \u00b7 Bon Soleil\" \/>\n<meta property=\"article:publisher\" content=\"https:\/\/www.facebook.com\/libBonSoleil\/\" \/>\n<meta property=\"article:modified_time\" content=\"2023-01-27T09:59:23+00:00\" \/>\n<meta property=\"og:image\" content=\"https:\/\/bonsoleil.es\/web\/wp-content\/uploads\/2022\/12\/agora_monde-1.jpg\" \/>\n<meta name=\"twitter:card\" content=\"summary_large_image\" \/>\n<meta name=\"twitter:site\" content=\"@lib_bonsoleil\" \/>\n<meta name=\"twitter:label1\" content=\"Tiempo de lectura\" \/>\n\t<meta name=\"twitter:data1\" content=\"2 minutos\" \/>\n<script type=\"application\/ld+json\" class=\"yoast-schema-graph\">{\"@context\":\"https:\/\/schema.org\",\"@graph\":[{\"@type\":\"WebPage\",\"@id\":\"https:\/\/bonsoleil.es\/es\/etapas\/lycee\/2nde\/\",\"url\":\"https:\/\/bonsoleil.es\/es\/etapas\/lycee\/2nde\/\",\"name\":\"2nde - Lyc\u00e9e International Barcelona \u00b7 Bon Soleil\",\"isPartOf\":{\"@id\":\"https:\/\/bonsoleil.es\/es\/#website\"},\"primaryImageOfPage\":{\"@id\":\"https:\/\/bonsoleil.es\/es\/etapas\/lycee\/2nde\/#primaryimage\"},\"image\":{\"@id\":\"https:\/\/bonsoleil.es\/es\/etapas\/lycee\/2nde\/#primaryimage\"},\"thumbnailUrl\":\"https:\/\/bonsoleil.es\/web\/wp-content\/uploads\/2022\/12\/agora_monde-1.jpg\",\"datePublished\":\"2022-12-01T10:07:25+00:00\",\"dateModified\":\"2023-01-27T09:59:23+00:00\",\"breadcrumb\":{\"@id\":\"https:\/\/bonsoleil.es\/es\/etapas\/lycee\/2nde\/#breadcrumb\"},\"inLanguage\":\"es\",\"potentialAction\":[{\"@type\":\"ReadAction\",\"target\":[\"https:\/\/bonsoleil.es\/es\/etapas\/lycee\/2nde\/\"]}]},{\"@type\":\"ImageObject\",\"inLanguage\":\"es\",\"@id\":\"https:\/\/bonsoleil.es\/es\/etapas\/lycee\/2nde\/#primaryimage\",\"url\":\"https:\/\/bonsoleil.es\/web\/wp-content\/uploads\/2022\/12\/agora_monde-1.jpg\",\"contentUrl\":\"https:\/\/bonsoleil.es\/web\/wp-content\/uploads\/2022\/12\/agora_monde-1.jpg\"},{\"@type\":\"BreadcrumbList\",\"@id\":\"https:\/\/bonsoleil.es\/es\/etapas\/lycee\/2nde\/#breadcrumb\",\"itemListElement\":[{\"@type\":\"ListItem\",\"position\":1,\"name\":\"Portada\",\"item\":\"https:\/\/bonsoleil.es\/es\/\"},{\"@type\":\"ListItem\",\"position\":2,\"name\":\"Etapas\",\"item\":\"https:\/\/bonsoleil.es\/es\/etapas\/\"},{\"@type\":\"ListItem\",\"position\":3,\"name\":\"Lyc\u00e9e\",\"item\":\"https:\/\/bonsoleil.es\/es\/etapas\/lycee\/\"},{\"@type\":\"ListItem\",\"position\":4,\"name\":\"2nde\"}]},{\"@type\":\"WebSite\",\"@id\":\"https:\/\/bonsoleil.es\/es\/#website\",\"url\":\"https:\/\/bonsoleil.es\/es\/\",\"name\":\"Lyc\u00e9e International Barcelona \u00b7 Bon Soleil\",\"description\":\"Lyc\u00e9e International Barcelona\",\"potentialAction\":[{\"@type\":\"SearchAction\",\"target\":{\"@type\":\"EntryPoint\",\"urlTemplate\":\"https:\/\/bonsoleil.es\/es\/?s={search_term_string}\"},\"query-input\":{\"@type\":\"PropertyValueSpecification\",\"valueRequired\":true,\"valueName\":\"search_term_string\"}}],\"inLanguage\":\"es\"}]}<\/script>\n<!-- \/ Yoast SEO plugin. -->","yoast_head_json":{"title":"2nde - Lyc\u00e9e International Barcelona \u00b7 Bon Soleil","robots":{"index":"index","follow":"follow","max-snippet":"max-snippet:-1","max-image-preview":"max-image-preview:large","max-video-preview":"max-video-preview:-1"},"canonical":"https:\/\/bonsoleil.es\/es\/etapas\/lycee\/2nde\/","og_locale":"es_ES","og_type":"article","og_title":"2nde - Lyc\u00e9e International Barcelona \u00b7 Bon Soleil","og_description":"LA CLASE DE 2nde EN LIB BON SOLEIL La clase de 2nde general y tecnol\u00f3gico es una etapa de determinaci\u00f3n que incluye asignaturas comunes para todos los alumnos y otras optativas. En esta etapa, Lyc\u00e9e international Barcelone Bon Soleil pone en marcha una serie de acciones para elaborar un plan de carrera para cada alumno:... Ver art\u00edculo","og_url":"https:\/\/bonsoleil.es\/es\/etapas\/lycee\/2nde\/","og_site_name":"Lyc\u00e9e International Barcelona \u00b7 Bon Soleil","article_publisher":"https:\/\/www.facebook.com\/libBonSoleil\/","article_modified_time":"2023-01-27T09:59:23+00:00","og_image":[{"url":"https:\/\/bonsoleil.es\/web\/wp-content\/uploads\/2022\/12\/agora_monde-1.jpg","type":"","width":"","height":""}],"twitter_card":"summary_large_image","twitter_site":"@lib_bonsoleil","twitter_misc":{"Tiempo de lectura":"2 minutos"},"schema":{"@context":"https:\/\/schema.org","@graph":[{"@type":"WebPage","@id":"https:\/\/bonsoleil.es\/es\/etapas\/lycee\/2nde\/","url":"https:\/\/bonsoleil.es\/es\/etapas\/lycee\/2nde\/","name":"2nde - Lyc\u00e9e International Barcelona \u00b7 Bon Soleil","isPartOf":{"@id":"https:\/\/bonsoleil.es\/es\/#website"},"primaryImageOfPage":{"@id":"https:\/\/bonsoleil.es\/es\/etapas\/lycee\/2nde\/#primaryimage"},"image":{"@id":"https:\/\/bonsoleil.es\/es\/etapas\/lycee\/2nde\/#primaryimage"},"thumbnailUrl":"https:\/\/bonsoleil.es\/web\/wp-content\/uploads\/2022\/12\/agora_monde-1.jpg","datePublished":"2022-12-01T10:07:25+00:00","dateModified":"2023-01-27T09:59:23+00:00","breadcrumb":{"@id":"https:\/\/bonsoleil.es\/es\/etapas\/lycee\/2nde\/#breadcrumb"},"inLanguage":"es","potentialAction":[{"@type":"ReadAction","target":["https:\/\/bonsoleil.es\/es\/etapas\/lycee\/2nde\/"]}]},{"@type":"ImageObject","inLanguage":"es","@id":"https:\/\/bonsoleil.es\/es\/etapas\/lycee\/2nde\/#primaryimage","url":"https:\/\/bonsoleil.es\/web\/wp-content\/uploads\/2022\/12\/agora_monde-1.jpg","contentUrl":"https:\/\/bonsoleil.es\/web\/wp-content\/uploads\/2022\/12\/agora_monde-1.jpg"},{"@type":"BreadcrumbList","@id":"https:\/\/bonsoleil.es\/es\/etapas\/lycee\/2nde\/#breadcrumb","itemListElement":[{"@type":"ListItem","position":1,"name":"Portada","item":"https:\/\/bonsoleil.es\/es\/"},{"@type":"ListItem","position":2,"name":"Etapas","item":"https:\/\/bonsoleil.es\/es\/etapas\/"},{"@type":"ListItem","position":3,"name":"Lyc\u00e9e","item":"https:\/\/bonsoleil.es\/es\/etapas\/lycee\/"},{"@type":"ListItem","position":4,"name":"2nde"}]},{"@type":"WebSite","@id":"https:\/\/bonsoleil.es\/es\/#website","url":"https:\/\/bonsoleil.es\/es\/","name":"Lyc\u00e9e International Barcelona \u00b7 Bon Soleil","description":"Lyc\u00e9e International Barcelona","potentialAction":[{"@type":"SearchAction","target":{"@type":"EntryPoint","urlTemplate":"https:\/\/bonsoleil.es\/es\/?s={search_term_string}"},"query-input":{"@type":"PropertyValueSpecification","valueRequired":true,"valueName":"search_term_string"}}],"inLanguage":"es"}]}},"_links":{"self":[{"href":"https:\/\/bonsoleil.es\/es\/wp-json\/wp\/v2\/pages\/110222","targetHints":{"allow":["GET"]}}],"collection":[{"href":"https:\/\/bonsoleil.es\/es\/wp-json\/wp\/v2\/pages"}],"about":[{"href":"https:\/\/bonsoleil.es\/es\/wp-json\/wp\/v2\/types\/page"}],"author":[{"embeddable":true,"href":"https:\/\/bonsoleil.es\/es\/wp-json\/wp\/v2\/users\/1"}],"replies":[{"embeddable":true,"href":"https:\/\/bonsoleil.es\/es\/wp-json\/wp\/v2\/comments?post=110222"}],"version-history":[{"count":4,"href":"https:\/\/bonsoleil.es\/es\/wp-json\/wp\/v2\/pages\/110222\/revisions"}],"predecessor-version":[{"id":110227,"href":"https:\/\/bonsoleil.es\/es\/wp-json\/wp\/v2\/pages\/110222\/revisions\/110227"}],"up":[{"embeddable":true,"href":"https:\/\/bonsoleil.es\/es\/wp-json\/wp\/v2\/pages\/110202"}],"wp:attachment":[{"href":"https:\/\/bonsoleil.es\/es\/wp-json\/wp\/v2\/media?parent=110222"}],"curies":[{"name":"wp","href":"https:\/\/api.w.org\/{rel}","templated":true}]}}