{"id":110228,"date":"2022-12-01T11:19:24","date_gmt":"2022-12-01T10:19:24","guid":{"rendered":"https:\/\/bonsoleil.es\/etapas\/lycee\/bachibac\/"},"modified":"2023-01-27T11:04:27","modified_gmt":"2023-01-27T10:04:27","slug":"bachibac","status":"publish","type":"page","link":"https:\/\/bonsoleil.es\/es\/etapas\/lycee\/bachibac\/","title":{"rendered":"Bachibac"},"content":{"rendered":"\n<figure class=\"wp-block-image size-full\"><img loading=\"lazy\" decoding=\"async\" width=\"144\" height=\"51\" src=\"https:\/\/bonsoleil.es\/web\/wp-content\/uploads\/2022\/12\/bachibac.jpg\" alt=\"\" class=\"wp-image-309\" srcset=\"https:\/\/bonsoleil.es\/web\/wp-content\/uploads\/2022\/12\/bachibac.jpg 144w, https:\/\/bonsoleil.es\/web\/wp-content\/uploads\/2022\/12\/bachibac-120x43.jpg 120w\" sizes=\"auto, (max-width: 144px) 100vw, 144px\" \/><\/figure>\n\n<p>El programa <strong>Bachibac<\/strong> permite obtener simult\u00e1neamente los t\u00edtulos de <strong>bachillerato franc\u00e9s<\/strong> y <strong>espa\u00f1ol<\/strong>.<br\/>A las asignaturas de bachillerato, se a\u00f1aden las asignaturas espec\u00edficas del programa Bachibac: <strong>Lengua y Literatura Francesas<\/strong> e H<strong>istoria de Espa\u00f1a y de Francia<\/strong>.<\/p>\n\n<h4 class=\"wp-block-heading\">\u00bfEN QU\u00c9 CONSISTE EL PROGRAMA MIXTO?<\/h4>\n\n<p>El programa mixto, que representa una tercera parte del tiempo semanal del alumno, incluye en cada curso los contenidos fundamentales para el conocimiento de la lengua y cultura del otro pa\u00eds. De esta forma, los alumnos del programa Bachibac pueden obtener los t\u00edtulos de bachillerato espa\u00f1ol y franc\u00e9s.<\/p>\n\n<h4 class=\"wp-block-heading\">ASIGNATURAS DEL PROGRAMA MIXTO ESPA\u00d1OL<\/h4>\n\n<p>Las asignaturas espec\u00edficas del programa mixto que deben cursar los alumnos espa\u00f1oles durante el programa Bachibac son: Lengua y Literatura Francesas e Historia de Espa\u00f1a y de Francia, est\u00e1 \u00faltima sigue el itinerario de la asignatura de Historia de Espa\u00f1a de segundo de Bachillerato. Estas dos asignaturas se imparten \u00edntegramente en franc\u00e9s y su contenido es objeto del examen externo de bachillerato. Gracias al programa mixto, los alumnos adquieren un nivel de franc\u00e9s equivalente al B2 del Marco Com\u00fan Europeo de Referencia para las lenguas y se familiarizan y adoptan los m\u00e9todos de trabajo que les permitir\u00e1n tener una mayor autonom\u00eda a nivel personal. Por esta raz\u00f3n el horario semanal de las dos asignaturas (Lengua y Literatura Francesas e Historia de Espa\u00f1a y de Francia) se incrementa generalmente en una hora.<\/p>\n\n<p>Para completar el horario semanal que debe seguirse en franc\u00e9s (un tercio del total), se pueden cursar otras asignaturas en ese idioma, pero estas no est\u00e1n sujetas al examen externo.<\/p>\n\n<p><strong>Lengua y Literatura Francesas<\/strong><\/p>\n\n<p>Esta asignatura del programa mixto va mucho m\u00e1s all\u00e1 del aprendizaje estrictamente ling\u00fc\u00edstico, ya que pretende ofrecer a los alumnos una perspectiva global que favorezca el respeto y la comunicaci\u00f3n intercultural.<br\/>La ense\u00f1anza de la lengua y la literatura francesas se hace a partir de un tema monogr\u00e1fico y con la ayuda de lecturas seleccionadas, adecuadas para los alumnos de Bachibac.<\/p>\n\n<p><strong>Historia de Espa\u00f1a y de Francia<\/strong><\/p>\n\n<p>Esta asignatura ofrece una visi\u00f3n conjunta de la historia reciente de Espa\u00f1a y Francia dentro de unos l\u00edmites cronol\u00f3gicos que, en el caso de las pruebas externas, abarcan desde mediados del siglo XIX hasta la actualidad.<br\/>Poco a poco, los alumnos adquieren los recursos necesarios para analizar y comentar sucesos hist\u00f3ricos de Espa\u00f1a y Francia bas\u00e1ndose en documentos originales.<br\/>De esta forma, sin descuidar el contenido de la asignatura de Historia de Espa\u00f1a de 2\u00ba de Bachillerato, la ense\u00f1anza paralela de Historia de Francia ayuda a los alumnos del programa Bachibac a profundizar en el conocimiento del mundo actual.<\/p>\n\n<p><strong>PARA OBTENER EL DIPLOMA DEBEN CUMPLIRSE DOS CONDICIONES:<\/strong><\/p>\n\n<p>Estar capacitado para obtener el diploma de Bachillerato;<br\/>\u00b7 Aprobar los ex\u00e1menes externos al terminar el \u00faltimo curso.<\/p>\n","protected":false},"excerpt":{"rendered":"El programa Bachibac permite obtener simult\u00e1neamente los t\u00edtulos de bachillerato franc\u00e9s y espa\u00f1ol.A las asignaturas de bachillerato, se a\u00f1aden las asignaturas espec\u00edficas del programa Bachibac: Lengua y Literatura Francesas e Historia de Espa\u00f1a y de Francia. \u00bfEN QU\u00c9 CONSISTE EL PROGRAMA MIXTO? El programa mixto, que representa una tercera parte del tiempo semanal del alumno,&#8230; <a class=\"view-article\" href=\"https:\/\/bonsoleil.es\/es\/etapas\/lycee\/bachibac\/\">Ver art\u00edculo<\/a>","protected":false},"author":1,"featured_media":0,"parent":110202,"menu_order":0,"comment_status":"closed","ping_status":"closed","template":"","meta":{"_acf_changed":false,"footnotes":"","_links_to":"","_links_to_target":""},"class_list":["post-110228","page","type-page","status-publish","hentry"],"acf":[],"yoast_head":"<!-- This site is optimized with the Yoast SEO plugin v27.3 - https:\/\/yoast.com\/product\/yoast-seo-wordpress\/ -->\n<title>Bachibac - Lyc\u00e9e International Barcelona \u00b7 Bon Soleil<\/title>\n<meta name=\"robots\" content=\"index, follow, max-snippet:-1, max-image-preview:large, max-video-preview:-1\" \/>\n<link rel=\"canonical\" href=\"https:\/\/bonsoleil.es\/es\/etapas\/lycee\/bachibac\/\" \/>\n<meta property=\"og:locale\" content=\"es_ES\" \/>\n<meta property=\"og:type\" content=\"article\" \/>\n<meta property=\"og:title\" content=\"Bachibac - Lyc\u00e9e International Barcelona \u00b7 Bon Soleil\" \/>\n<meta property=\"og:description\" content=\"El programa Bachibac permite obtener simult\u00e1neamente los t\u00edtulos de bachillerato franc\u00e9s y espa\u00f1ol.A las asignaturas de bachillerato, se a\u00f1aden las asignaturas espec\u00edficas del programa Bachibac: Lengua y Literatura Francesas e Historia de Espa\u00f1a y de Francia. \u00bfEN QU\u00c9 CONSISTE EL PROGRAMA MIXTO? El programa mixto, que representa una tercera parte del tiempo semanal del alumno,... Ver art\u00edculo\" \/>\n<meta property=\"og:url\" content=\"https:\/\/bonsoleil.es\/es\/etapas\/lycee\/bachibac\/\" \/>\n<meta property=\"og:site_name\" content=\"Lyc\u00e9e International Barcelona \u00b7 Bon Soleil\" \/>\n<meta property=\"article:publisher\" content=\"https:\/\/www.facebook.com\/libBonSoleil\/\" \/>\n<meta property=\"article:modified_time\" content=\"2023-01-27T10:04:27+00:00\" \/>\n<meta property=\"og:image\" content=\"https:\/\/bonsoleil.es\/web\/wp-content\/uploads\/2022\/12\/bachibac.jpg\" \/>\n<meta name=\"twitter:card\" content=\"summary_large_image\" \/>\n<meta name=\"twitter:site\" content=\"@lib_bonsoleil\" \/>\n<meta name=\"twitter:label1\" content=\"Tiempo de lectura\" \/>\n\t<meta name=\"twitter:data1\" content=\"2 minutos\" \/>\n<script type=\"application\/ld+json\" class=\"yoast-schema-graph\">{\"@context\":\"https:\\\/\\\/schema.org\",\"@graph\":[{\"@type\":\"WebPage\",\"@id\":\"https:\\\/\\\/bonsoleil.es\\\/es\\\/etapas\\\/lycee\\\/bachibac\\\/\",\"url\":\"https:\\\/\\\/bonsoleil.es\\\/es\\\/etapas\\\/lycee\\\/bachibac\\\/\",\"name\":\"Bachibac - Lyc\u00e9e International Barcelona \u00b7 Bon Soleil\",\"isPartOf\":{\"@id\":\"https:\\\/\\\/bonsoleil.es\\\/es\\\/#website\"},\"primaryImageOfPage\":{\"@id\":\"https:\\\/\\\/bonsoleil.es\\\/es\\\/etapas\\\/lycee\\\/bachibac\\\/#primaryimage\"},\"image\":{\"@id\":\"https:\\\/\\\/bonsoleil.es\\\/es\\\/etapas\\\/lycee\\\/bachibac\\\/#primaryimage\"},\"thumbnailUrl\":\"https:\\\/\\\/bonsoleil.es\\\/web\\\/wp-content\\\/uploads\\\/2022\\\/12\\\/bachibac.jpg\",\"datePublished\":\"2022-12-01T10:19:24+00:00\",\"dateModified\":\"2023-01-27T10:04:27+00:00\",\"breadcrumb\":{\"@id\":\"https:\\\/\\\/bonsoleil.es\\\/es\\\/etapas\\\/lycee\\\/bachibac\\\/#breadcrumb\"},\"inLanguage\":\"es\",\"potentialAction\":[{\"@type\":\"ReadAction\",\"target\":[\"https:\\\/\\\/bonsoleil.es\\\/es\\\/etapas\\\/lycee\\\/bachibac\\\/\"]}]},{\"@type\":\"ImageObject\",\"inLanguage\":\"es\",\"@id\":\"https:\\\/\\\/bonsoleil.es\\\/es\\\/etapas\\\/lycee\\\/bachibac\\\/#primaryimage\",\"url\":\"https:\\\/\\\/bonsoleil.es\\\/web\\\/wp-content\\\/uploads\\\/2022\\\/12\\\/bachibac.jpg\",\"contentUrl\":\"https:\\\/\\\/bonsoleil.es\\\/web\\\/wp-content\\\/uploads\\\/2022\\\/12\\\/bachibac.jpg\"},{\"@type\":\"BreadcrumbList\",\"@id\":\"https:\\\/\\\/bonsoleil.es\\\/es\\\/etapas\\\/lycee\\\/bachibac\\\/#breadcrumb\",\"itemListElement\":[{\"@type\":\"ListItem\",\"position\":1,\"name\":\"Portada\",\"item\":\"https:\\\/\\\/bonsoleil.es\\\/es\\\/\"},{\"@type\":\"ListItem\",\"position\":2,\"name\":\"Etapas\",\"item\":\"https:\\\/\\\/bonsoleil.es\\\/es\\\/etapas\\\/\"},{\"@type\":\"ListItem\",\"position\":3,\"name\":\"Lyc\u00e9e\",\"item\":\"https:\\\/\\\/bonsoleil.es\\\/es\\\/etapas\\\/lycee\\\/\"},{\"@type\":\"ListItem\",\"position\":4,\"name\":\"Bachibac\"}]},{\"@type\":\"WebSite\",\"@id\":\"https:\\\/\\\/bonsoleil.es\\\/es\\\/#website\",\"url\":\"https:\\\/\\\/bonsoleil.es\\\/es\\\/\",\"name\":\"Lyc\u00e9e International Barcelona \u00b7 Bon Soleil\",\"description\":\"Lyc\u00e9e International Barcelona\",\"potentialAction\":[{\"@type\":\"SearchAction\",\"target\":{\"@type\":\"EntryPoint\",\"urlTemplate\":\"https:\\\/\\\/bonsoleil.es\\\/es\\\/?s={search_term_string}\"},\"query-input\":{\"@type\":\"PropertyValueSpecification\",\"valueRequired\":true,\"valueName\":\"search_term_string\"}}],\"inLanguage\":\"es\"}]}<\/script>\n<!-- \/ Yoast SEO plugin. -->","yoast_head_json":{"title":"Bachibac - Lyc\u00e9e International Barcelona \u00b7 Bon Soleil","robots":{"index":"index","follow":"follow","max-snippet":"max-snippet:-1","max-image-preview":"max-image-preview:large","max-video-preview":"max-video-preview:-1"},"canonical":"https:\/\/bonsoleil.es\/es\/etapas\/lycee\/bachibac\/","og_locale":"es_ES","og_type":"article","og_title":"Bachibac - Lyc\u00e9e International Barcelona \u00b7 Bon Soleil","og_description":"El programa Bachibac permite obtener simult\u00e1neamente los t\u00edtulos de bachillerato franc\u00e9s y espa\u00f1ol.A las asignaturas de bachillerato, se a\u00f1aden las asignaturas espec\u00edficas del programa Bachibac: Lengua y Literatura Francesas e Historia de Espa\u00f1a y de Francia. \u00bfEN QU\u00c9 CONSISTE EL PROGRAMA MIXTO? El programa mixto, que representa una tercera parte del tiempo semanal del alumno,... Ver art\u00edculo","og_url":"https:\/\/bonsoleil.es\/es\/etapas\/lycee\/bachibac\/","og_site_name":"Lyc\u00e9e International Barcelona \u00b7 Bon Soleil","article_publisher":"https:\/\/www.facebook.com\/libBonSoleil\/","article_modified_time":"2023-01-27T10:04:27+00:00","og_image":[{"url":"https:\/\/bonsoleil.es\/web\/wp-content\/uploads\/2022\/12\/bachibac.jpg","type":"","width":"","height":""}],"twitter_card":"summary_large_image","twitter_site":"@lib_bonsoleil","twitter_misc":{"Tiempo de lectura":"2 minutos"},"schema":{"@context":"https:\/\/schema.org","@graph":[{"@type":"WebPage","@id":"https:\/\/bonsoleil.es\/es\/etapas\/lycee\/bachibac\/","url":"https:\/\/bonsoleil.es\/es\/etapas\/lycee\/bachibac\/","name":"Bachibac - Lyc\u00e9e International Barcelona \u00b7 Bon Soleil","isPartOf":{"@id":"https:\/\/bonsoleil.es\/es\/#website"},"primaryImageOfPage":{"@id":"https:\/\/bonsoleil.es\/es\/etapas\/lycee\/bachibac\/#primaryimage"},"image":{"@id":"https:\/\/bonsoleil.es\/es\/etapas\/lycee\/bachibac\/#primaryimage"},"thumbnailUrl":"https:\/\/bonsoleil.es\/web\/wp-content\/uploads\/2022\/12\/bachibac.jpg","datePublished":"2022-12-01T10:19:24+00:00","dateModified":"2023-01-27T10:04:27+00:00","breadcrumb":{"@id":"https:\/\/bonsoleil.es\/es\/etapas\/lycee\/bachibac\/#breadcrumb"},"inLanguage":"es","potentialAction":[{"@type":"ReadAction","target":["https:\/\/bonsoleil.es\/es\/etapas\/lycee\/bachibac\/"]}]},{"@type":"ImageObject","inLanguage":"es","@id":"https:\/\/bonsoleil.es\/es\/etapas\/lycee\/bachibac\/#primaryimage","url":"https:\/\/bonsoleil.es\/web\/wp-content\/uploads\/2022\/12\/bachibac.jpg","contentUrl":"https:\/\/bonsoleil.es\/web\/wp-content\/uploads\/2022\/12\/bachibac.jpg"},{"@type":"BreadcrumbList","@id":"https:\/\/bonsoleil.es\/es\/etapas\/lycee\/bachibac\/#breadcrumb","itemListElement":[{"@type":"ListItem","position":1,"name":"Portada","item":"https:\/\/bonsoleil.es\/es\/"},{"@type":"ListItem","position":2,"name":"Etapas","item":"https:\/\/bonsoleil.es\/es\/etapas\/"},{"@type":"ListItem","position":3,"name":"Lyc\u00e9e","item":"https:\/\/bonsoleil.es\/es\/etapas\/lycee\/"},{"@type":"ListItem","position":4,"name":"Bachibac"}]},{"@type":"WebSite","@id":"https:\/\/bonsoleil.es\/es\/#website","url":"https:\/\/bonsoleil.es\/es\/","name":"Lyc\u00e9e International Barcelona \u00b7 Bon Soleil","description":"Lyc\u00e9e International Barcelona","potentialAction":[{"@type":"SearchAction","target":{"@type":"EntryPoint","urlTemplate":"https:\/\/bonsoleil.es\/es\/?s={search_term_string}"},"query-input":{"@type":"PropertyValueSpecification","valueRequired":true,"valueName":"search_term_string"}}],"inLanguage":"es"}]}},"_links":{"self":[{"href":"https:\/\/bonsoleil.es\/es\/wp-json\/wp\/v2\/pages\/110228","targetHints":{"allow":["GET"]}}],"collection":[{"href":"https:\/\/bonsoleil.es\/es\/wp-json\/wp\/v2\/pages"}],"about":[{"href":"https:\/\/bonsoleil.es\/es\/wp-json\/wp\/v2\/types\/page"}],"author":[{"embeddable":true,"href":"https:\/\/bonsoleil.es\/es\/wp-json\/wp\/v2\/users\/1"}],"replies":[{"embeddable":true,"href":"https:\/\/bonsoleil.es\/es\/wp-json\/wp\/v2\/comments?post=110228"}],"version-history":[{"count":1,"href":"https:\/\/bonsoleil.es\/es\/wp-json\/wp\/v2\/pages\/110228\/revisions"}],"predecessor-version":[{"id":110229,"href":"https:\/\/bonsoleil.es\/es\/wp-json\/wp\/v2\/pages\/110228\/revisions\/110229"}],"up":[{"embeddable":true,"href":"https:\/\/bonsoleil.es\/es\/wp-json\/wp\/v2\/pages\/110202"}],"wp:attachment":[{"href":"https:\/\/bonsoleil.es\/es\/wp-json\/wp\/v2\/media?parent=110228"}],"curies":[{"name":"wp","href":"https:\/\/api.w.org\/{rel}","templated":true}]}}