{"id":110231,"date":"2022-12-01T11:52:38","date_gmt":"2022-12-01T10:52:38","guid":{"rendered":"https:\/\/bonsoleil.es\/etapas\/lycee\/bachillerato-internacional-ib\/"},"modified":"2024-02-26T22:37:50","modified_gmt":"2024-02-26T21:37:50","slug":"bachillerato-internacional-ib","status":"publish","type":"page","link":"https:\/\/bonsoleil.es\/es\/etapas\/lycee\/bachillerato-internacional-ib\/","title":{"rendered":"BACHILLERATO INTERNACIONAL (IB)"},"content":{"rendered":"\n<p>El Bachillerato Internacional ofrece una formaci\u00f3n de car\u00e1cter global y hol\u00edstico. En este sentido, el programa del diploma IB busca que el alumno sea el protagonista de su propio aprendizaje, desarrolle su pensamiento cr\u00edtico y capacidad de an\u00e1lisis, se abra al mundo y se comunique e interact\u00fae con los dem\u00e1s. Se trata, asimismo, de un programa que permite a los j\u00f3venes adquirir un conocimiento mucho m\u00e1s profundo de los contenidos, as\u00ed como de las competencias b\u00e1sicas para alcanzar el \u00e9xito acad\u00e9mico, profesional y personal.<\/p>\n\n\n\n<h4 class=\"wp-block-heading\">POL\u00cdTICAS DE CENTRO<\/h4>\n\n\n\n<div class=\"wp-block-columns is-layout-flex wp-container-core-columns-is-layout-9d6595d7 wp-block-columns-is-layout-flex\">\n<div class=\"wp-block-column is-layout-flow wp-block-column-is-layout-flow\">\n<div class=\"wp-block-buttons is-layout-flex wp-block-buttons-is-layout-flex\">\n<div class=\"wp-block-button is-style-fill\"><a class=\"wp-block-button__link wp-element-button\" href=\"https:\/\/bonsoleil.es\/web\/wp-content\/uploads\/2024\/02\/politica_inclusionBS2023_CAS.pdf\" style=\"border-radius:0px\" target=\"_blank\" rel=\"noreferrer noopener\">Politique d&#8217;Inclusion<\/a><\/div>\n<\/div>\n<\/div>\n\n\n\n<div class=\"wp-block-column is-layout-flow wp-block-column-is-layout-flow\">\n<div class=\"wp-block-buttons is-layout-flex wp-block-buttons-is-layout-flex\">\n<div class=\"wp-block-button is-style-fill\"><a class=\"wp-block-button__link wp-element-button\" href=\"https:\/\/bonsoleil.es\/web\/wp-content\/uploads\/2024\/02\/politique_dadmissionBS2023_FR.pdf\" style=\"border-radius:0px\" target=\"_blank\" rel=\"noreferrer noopener\">Politique d&#8217;admission<\/a><\/div>\n<\/div>\n<\/div>\n<\/div>\n\n\n\n<div class=\"wp-block-columns is-layout-flex wp-container-core-columns-is-layout-9d6595d7 wp-block-columns-is-layout-flex\">\n<div class=\"wp-block-column is-layout-flow wp-block-column-is-layout-flow\">\n<div class=\"wp-block-buttons is-layout-flex wp-block-buttons-is-layout-flex\">\n<div class=\"wp-block-button is-style-fill\"><a class=\"wp-block-button__link wp-element-button\" href=\"https:\/\/bonsoleil.es\/web\/wp-content\/uploads\/2024\/02\/politica_integridadBS2023_CAS.pdf\" style=\"border-radius:0px\" target=\"_blank\" rel=\"noreferrer noopener\">Politique&nbsp;d&#8217;int\u00e9grit\u00e9 acad\u00e9mique<\/a><\/div>\n<\/div>\n<\/div>\n\n\n\n<div class=\"wp-block-column is-layout-flow wp-block-column-is-layout-flow\">\n<div class=\"wp-block-buttons is-layout-flex wp-block-buttons-is-layout-flex\">\n<div class=\"wp-block-button is-style-fill\"><a class=\"wp-block-button__link wp-element-button\" href=\"https:\/\/bonsoleil.es\/web\/wp-content\/uploads\/2024\/02\/politica_linguisticaBS2023_CAS.pdf\" style=\"border-radius:0px\" target=\"_blank\" rel=\"noreferrer noopener\">Politique linguistique<\/a><\/div>\n<\/div>\n<\/div>\n<\/div>\n\n\n\n<div class=\"wp-block-columns is-layout-flex wp-container-core-columns-is-layout-9d6595d7 wp-block-columns-is-layout-flex\">\n<div class=\"wp-block-column is-layout-flow wp-block-column-is-layout-flow\">\n<div class=\"wp-block-buttons is-layout-flex wp-block-buttons-is-layout-flex\">\n<div class=\"wp-block-button is-style-fill\"><a class=\"wp-block-button__link wp-element-button\" href=\"https:\/\/bonsoleil.es\/web\/wp-content\/uploads\/2024\/02\/politique_devaluationBS2023_FR.pdf\" style=\"border-radius:0px\" target=\"_blank\" rel=\"noreferrer noopener\">Politique d&#8217;\u00e9valuation<\/a><\/div>\n<\/div>\n<\/div>\n<\/div>\n\n\n\n<h4 class=\"wp-block-heading\"><strong>PERFIL DEL ESTUDIANTE DE IB<\/strong><\/h4>\n\n\n\n<p>Los estudiantes de IB se esforzar\u00e1n por ser:<\/p>\n\n\n\n<div class=\"wp-block-columns is-layout-flex wp-container-core-columns-is-layout-9d6595d7 wp-block-columns-is-layout-flex\">\n<div class=\"wp-block-column is-layout-flow wp-block-column-is-layout-flow\" style=\"flex-basis:33.33%\">\n<figure class=\"wp-block-image size-full\"><img loading=\"lazy\" decoding=\"async\" width=\"337\" height=\"334\" src=\"https:\/\/bonsoleil.es\/web\/wp-content\/uploads\/2022\/12\/ib.jpg\" alt=\"\" class=\"wp-image-312\" srcset=\"https:\/\/bonsoleil.es\/web\/wp-content\/uploads\/2022\/12\/ib.jpg 337w, https:\/\/bonsoleil.es\/web\/wp-content\/uploads\/2022\/12\/ib-250x248.jpg 250w, https:\/\/bonsoleil.es\/web\/wp-content\/uploads\/2022\/12\/ib-150x150.jpg 150w, https:\/\/bonsoleil.es\/web\/wp-content\/uploads\/2022\/12\/ib-120x119.jpg 120w\" sizes=\"auto, (max-width: 337px) 100vw, 337px\" \/><\/figure>\n<\/div>\n\n\n\n<div class=\"wp-block-column is-layout-flow wp-block-column-is-layout-flow\" style=\"flex-basis:66.66%\">\n<ul class=\"wp-block-list\">\n<li><strong>INVESTIGADORES<\/strong><\/li>\n\n\n\n<li><strong>ESTAR INFORMADOS<\/strong><\/li>\n\n\n\n<li><strong>SENSATOS<\/strong><\/li>\n\n\n\n<li><strong>COMUNICATIVOS<\/strong><\/li>\n\n\n\n<li><strong>\u00cdNTEGROS<\/strong><\/li>\n\n\n\n<li><strong>DE MENTE ABIERTA<\/strong><\/li>\n\n\n\n<li><strong>ALTRUISTAS<\/strong><\/li>\n\n\n\n<li><strong>AUDACES<\/strong><\/li>\n\n\n\n<li><strong>EQUILIBRADOS<\/strong><\/li>\n<\/ul>\n<\/div>\n<\/div>\n\n\n\n<h4 class=\"wp-block-heading\"><strong>PROGRAMA DE ESTUDIOS<\/strong><\/h4>\n\n\n\n<p>El programa de IB consta de una parte troncal com\u00fan y de seis grupos de asignaturas.<\/p>\n\n\n\n<p>La parte troncal busca ampliar la experiencia educativa de los alumnos y les anima a aplicar sus conocimientos y competencias. Estos son sus componentes:<\/p>\n\n\n\n<ul class=\"wp-block-list\">\n<li>Teor\u00eda del conocimiento (TdC): en que los alumnos reflexionan sobre la naturaleza del conocimiento y sobre c\u00f3mo conocemos lo que afirmamos conocer;<\/li>\n\n\n\n<li>La memoria: trabajo de investigaci\u00f3n personal e independiente reflejado en un escrito de 4000 palabras.<\/li>\n\n\n\n<li>El programa Creatividad, Actividad, Servicio: en el que los alumnos desarrollan proyectos que ponen de relieve su iniciativa y perseverancia, as\u00ed como su capacidad para resolver problemas y tomar de decisiones.<\/li>\n<\/ul>\n\n\n\n<p>Los seis grupos de asignaturas son los siguientes:<\/p>\n\n\n\n<ul class=\"wp-block-list\">\n<li>Lengua y Literatura;<\/li>\n\n\n\n<li>Adquisici\u00f3n de lenguas;<\/li>\n\n\n\n<li>Individuos y sociedades;<\/li>\n\n\n\n<li>Ciencias;<\/li>\n\n\n\n<li>Matem\u00e1ticas<\/li>\n\n\n\n<li>Arte.<\/li>\n<\/ul>\n\n\n\n<p>En cada grupo, se imparten diferentes materias de nivel medio y superior.<\/p>\n\n\n\n<h4 class=\"wp-block-heading\">EVALUACI\u00d3N Y EX\u00c1MENES<\/h4>\n\n\n\n<p>Los trabajos de los alumnos del programa del diploma de bachillerato internacional se someten a una evaluaci\u00f3n interna y externa. En la mayor\u00eda de asignaturas, la evaluaci\u00f3n se realiza mediante ex\u00e1menes escritos finales.<\/p>\n","protected":false},"excerpt":{"rendered":"El Bachillerato Internacional ofrece una formaci\u00f3n de car\u00e1cter global y hol\u00edstico. En este sentido, el programa del diploma IB busca que el alumno sea el protagonista de su propio aprendizaje, desarrolle su pensamiento cr\u00edtico y capacidad de an\u00e1lisis, se abra al mundo y se comunique e interact\u00fae con los dem\u00e1s. Se trata, asimismo, de un&#8230; <a class=\"view-article\" href=\"https:\/\/bonsoleil.es\/es\/etapas\/lycee\/bachillerato-internacional-ib\/\">Ver art\u00edculo<\/a>","protected":false},"author":1,"featured_media":0,"parent":110202,"menu_order":0,"comment_status":"closed","ping_status":"closed","template":"","meta":{"_acf_changed":false,"footnotes":"","_links_to":"","_links_to_target":""},"class_list":["post-110231","page","type-page","status-publish","hentry"],"acf":[],"yoast_head":"<!-- This site is optimized with the Yoast SEO plugin v27.3 - https:\/\/yoast.com\/product\/yoast-seo-wordpress\/ -->\n<title>BACHILLERATO INTERNACIONAL (IB) - Lyc\u00e9e International Barcelona \u00b7 Bon Soleil<\/title>\n<meta name=\"robots\" content=\"index, follow, max-snippet:-1, max-image-preview:large, max-video-preview:-1\" \/>\n<link rel=\"canonical\" href=\"https:\/\/bonsoleil.es\/es\/etapas\/lycee\/bachillerato-internacional-ib\/\" \/>\n<meta property=\"og:locale\" content=\"es_ES\" \/>\n<meta property=\"og:type\" content=\"article\" \/>\n<meta property=\"og:title\" content=\"BACHILLERATO INTERNACIONAL (IB) - Lyc\u00e9e International Barcelona \u00b7 Bon Soleil\" \/>\n<meta property=\"og:description\" content=\"El Bachillerato Internacional ofrece una formaci\u00f3n de car\u00e1cter global y hol\u00edstico. En este sentido, el programa del diploma IB busca que el alumno sea el protagonista de su propio aprendizaje, desarrolle su pensamiento cr\u00edtico y capacidad de an\u00e1lisis, se abra al mundo y se comunique e interact\u00fae con los dem\u00e1s. Se trata, asimismo, de un... Ver art\u00edculo\" \/>\n<meta property=\"og:url\" content=\"https:\/\/bonsoleil.es\/es\/etapas\/lycee\/bachillerato-internacional-ib\/\" \/>\n<meta property=\"og:site_name\" content=\"Lyc\u00e9e International Barcelona \u00b7 Bon Soleil\" \/>\n<meta property=\"article:publisher\" content=\"https:\/\/www.facebook.com\/libBonSoleil\/\" \/>\n<meta property=\"article:modified_time\" content=\"2024-02-26T21:37:50+00:00\" \/>\n<meta property=\"og:image\" content=\"https:\/\/bonsoleil.es\/web\/wp-content\/uploads\/2022\/12\/ib.jpg\" \/>\n<meta name=\"twitter:card\" content=\"summary_large_image\" \/>\n<meta name=\"twitter:site\" content=\"@lib_bonsoleil\" \/>\n<meta name=\"twitter:label1\" content=\"Tiempo de lectura\" \/>\n\t<meta name=\"twitter:data1\" content=\"2 minutos\" \/>\n<script type=\"application\/ld+json\" class=\"yoast-schema-graph\">{\"@context\":\"https:\\\/\\\/schema.org\",\"@graph\":[{\"@type\":\"WebPage\",\"@id\":\"https:\\\/\\\/bonsoleil.es\\\/es\\\/etapas\\\/lycee\\\/bachillerato-internacional-ib\\\/\",\"url\":\"https:\\\/\\\/bonsoleil.es\\\/es\\\/etapas\\\/lycee\\\/bachillerato-internacional-ib\\\/\",\"name\":\"BACHILLERATO INTERNACIONAL (IB) - Lyc\u00e9e International Barcelona \u00b7 Bon Soleil\",\"isPartOf\":{\"@id\":\"https:\\\/\\\/bonsoleil.es\\\/es\\\/#website\"},\"primaryImageOfPage\":{\"@id\":\"https:\\\/\\\/bonsoleil.es\\\/es\\\/etapas\\\/lycee\\\/bachillerato-internacional-ib\\\/#primaryimage\"},\"image\":{\"@id\":\"https:\\\/\\\/bonsoleil.es\\\/es\\\/etapas\\\/lycee\\\/bachillerato-internacional-ib\\\/#primaryimage\"},\"thumbnailUrl\":\"https:\\\/\\\/bonsoleil.es\\\/web\\\/wp-content\\\/uploads\\\/2022\\\/12\\\/ib.jpg\",\"datePublished\":\"2022-12-01T10:52:38+00:00\",\"dateModified\":\"2024-02-26T21:37:50+00:00\",\"breadcrumb\":{\"@id\":\"https:\\\/\\\/bonsoleil.es\\\/es\\\/etapas\\\/lycee\\\/bachillerato-internacional-ib\\\/#breadcrumb\"},\"inLanguage\":\"es\",\"potentialAction\":[{\"@type\":\"ReadAction\",\"target\":[\"https:\\\/\\\/bonsoleil.es\\\/es\\\/etapas\\\/lycee\\\/bachillerato-internacional-ib\\\/\"]}]},{\"@type\":\"ImageObject\",\"inLanguage\":\"es\",\"@id\":\"https:\\\/\\\/bonsoleil.es\\\/es\\\/etapas\\\/lycee\\\/bachillerato-internacional-ib\\\/#primaryimage\",\"url\":\"https:\\\/\\\/bonsoleil.es\\\/web\\\/wp-content\\\/uploads\\\/2022\\\/12\\\/ib.jpg\",\"contentUrl\":\"https:\\\/\\\/bonsoleil.es\\\/web\\\/wp-content\\\/uploads\\\/2022\\\/12\\\/ib.jpg\"},{\"@type\":\"BreadcrumbList\",\"@id\":\"https:\\\/\\\/bonsoleil.es\\\/es\\\/etapas\\\/lycee\\\/bachillerato-internacional-ib\\\/#breadcrumb\",\"itemListElement\":[{\"@type\":\"ListItem\",\"position\":1,\"name\":\"Portada\",\"item\":\"https:\\\/\\\/bonsoleil.es\\\/es\\\/\"},{\"@type\":\"ListItem\",\"position\":2,\"name\":\"Etapas\",\"item\":\"https:\\\/\\\/bonsoleil.es\\\/es\\\/etapas\\\/\"},{\"@type\":\"ListItem\",\"position\":3,\"name\":\"Lyc\u00e9e\",\"item\":\"https:\\\/\\\/bonsoleil.es\\\/es\\\/etapas\\\/lycee\\\/\"},{\"@type\":\"ListItem\",\"position\":4,\"name\":\"BACHILLERATO INTERNACIONAL (IB)\"}]},{\"@type\":\"WebSite\",\"@id\":\"https:\\\/\\\/bonsoleil.es\\\/es\\\/#website\",\"url\":\"https:\\\/\\\/bonsoleil.es\\\/es\\\/\",\"name\":\"Lyc\u00e9e International Barcelona \u00b7 Bon Soleil\",\"description\":\"Lyc\u00e9e International Barcelona\",\"potentialAction\":[{\"@type\":\"SearchAction\",\"target\":{\"@type\":\"EntryPoint\",\"urlTemplate\":\"https:\\\/\\\/bonsoleil.es\\\/es\\\/?s={search_term_string}\"},\"query-input\":{\"@type\":\"PropertyValueSpecification\",\"valueRequired\":true,\"valueName\":\"search_term_string\"}}],\"inLanguage\":\"es\"}]}<\/script>\n<!-- \/ Yoast SEO plugin. -->","yoast_head_json":{"title":"BACHILLERATO INTERNACIONAL (IB) - Lyc\u00e9e International Barcelona \u00b7 Bon Soleil","robots":{"index":"index","follow":"follow","max-snippet":"max-snippet:-1","max-image-preview":"max-image-preview:large","max-video-preview":"max-video-preview:-1"},"canonical":"https:\/\/bonsoleil.es\/es\/etapas\/lycee\/bachillerato-internacional-ib\/","og_locale":"es_ES","og_type":"article","og_title":"BACHILLERATO INTERNACIONAL (IB) - Lyc\u00e9e International Barcelona \u00b7 Bon Soleil","og_description":"El Bachillerato Internacional ofrece una formaci\u00f3n de car\u00e1cter global y hol\u00edstico. En este sentido, el programa del diploma IB busca que el alumno sea el protagonista de su propio aprendizaje, desarrolle su pensamiento cr\u00edtico y capacidad de an\u00e1lisis, se abra al mundo y se comunique e interact\u00fae con los dem\u00e1s. Se trata, asimismo, de un... Ver art\u00edculo","og_url":"https:\/\/bonsoleil.es\/es\/etapas\/lycee\/bachillerato-internacional-ib\/","og_site_name":"Lyc\u00e9e International Barcelona \u00b7 Bon Soleil","article_publisher":"https:\/\/www.facebook.com\/libBonSoleil\/","article_modified_time":"2024-02-26T21:37:50+00:00","og_image":[{"url":"https:\/\/bonsoleil.es\/web\/wp-content\/uploads\/2022\/12\/ib.jpg","type":"","width":"","height":""}],"twitter_card":"summary_large_image","twitter_site":"@lib_bonsoleil","twitter_misc":{"Tiempo de lectura":"2 minutos"},"schema":{"@context":"https:\/\/schema.org","@graph":[{"@type":"WebPage","@id":"https:\/\/bonsoleil.es\/es\/etapas\/lycee\/bachillerato-internacional-ib\/","url":"https:\/\/bonsoleil.es\/es\/etapas\/lycee\/bachillerato-internacional-ib\/","name":"BACHILLERATO INTERNACIONAL (IB) - Lyc\u00e9e International Barcelona \u00b7 Bon Soleil","isPartOf":{"@id":"https:\/\/bonsoleil.es\/es\/#website"},"primaryImageOfPage":{"@id":"https:\/\/bonsoleil.es\/es\/etapas\/lycee\/bachillerato-internacional-ib\/#primaryimage"},"image":{"@id":"https:\/\/bonsoleil.es\/es\/etapas\/lycee\/bachillerato-internacional-ib\/#primaryimage"},"thumbnailUrl":"https:\/\/bonsoleil.es\/web\/wp-content\/uploads\/2022\/12\/ib.jpg","datePublished":"2022-12-01T10:52:38+00:00","dateModified":"2024-02-26T21:37:50+00:00","breadcrumb":{"@id":"https:\/\/bonsoleil.es\/es\/etapas\/lycee\/bachillerato-internacional-ib\/#breadcrumb"},"inLanguage":"es","potentialAction":[{"@type":"ReadAction","target":["https:\/\/bonsoleil.es\/es\/etapas\/lycee\/bachillerato-internacional-ib\/"]}]},{"@type":"ImageObject","inLanguage":"es","@id":"https:\/\/bonsoleil.es\/es\/etapas\/lycee\/bachillerato-internacional-ib\/#primaryimage","url":"https:\/\/bonsoleil.es\/web\/wp-content\/uploads\/2022\/12\/ib.jpg","contentUrl":"https:\/\/bonsoleil.es\/web\/wp-content\/uploads\/2022\/12\/ib.jpg"},{"@type":"BreadcrumbList","@id":"https:\/\/bonsoleil.es\/es\/etapas\/lycee\/bachillerato-internacional-ib\/#breadcrumb","itemListElement":[{"@type":"ListItem","position":1,"name":"Portada","item":"https:\/\/bonsoleil.es\/es\/"},{"@type":"ListItem","position":2,"name":"Etapas","item":"https:\/\/bonsoleil.es\/es\/etapas\/"},{"@type":"ListItem","position":3,"name":"Lyc\u00e9e","item":"https:\/\/bonsoleil.es\/es\/etapas\/lycee\/"},{"@type":"ListItem","position":4,"name":"BACHILLERATO INTERNACIONAL (IB)"}]},{"@type":"WebSite","@id":"https:\/\/bonsoleil.es\/es\/#website","url":"https:\/\/bonsoleil.es\/es\/","name":"Lyc\u00e9e International Barcelona \u00b7 Bon Soleil","description":"Lyc\u00e9e International Barcelona","potentialAction":[{"@type":"SearchAction","target":{"@type":"EntryPoint","urlTemplate":"https:\/\/bonsoleil.es\/es\/?s={search_term_string}"},"query-input":{"@type":"PropertyValueSpecification","valueRequired":true,"valueName":"search_term_string"}}],"inLanguage":"es"}]}},"_links":{"self":[{"href":"https:\/\/bonsoleil.es\/es\/wp-json\/wp\/v2\/pages\/110231","targetHints":{"allow":["GET"]}}],"collection":[{"href":"https:\/\/bonsoleil.es\/es\/wp-json\/wp\/v2\/pages"}],"about":[{"href":"https:\/\/bonsoleil.es\/es\/wp-json\/wp\/v2\/types\/page"}],"author":[{"embeddable":true,"href":"https:\/\/bonsoleil.es\/es\/wp-json\/wp\/v2\/users\/1"}],"replies":[{"embeddable":true,"href":"https:\/\/bonsoleil.es\/es\/wp-json\/wp\/v2\/comments?post=110231"}],"version-history":[{"count":3,"href":"https:\/\/bonsoleil.es\/es\/wp-json\/wp\/v2\/pages\/110231\/revisions"}],"predecessor-version":[{"id":122062,"href":"https:\/\/bonsoleil.es\/es\/wp-json\/wp\/v2\/pages\/110231\/revisions\/122062"}],"up":[{"embeddable":true,"href":"https:\/\/bonsoleil.es\/es\/wp-json\/wp\/v2\/pages\/110202"}],"wp:attachment":[{"href":"https:\/\/bonsoleil.es\/es\/wp-json\/wp\/v2\/media?parent=110231"}],"curies":[{"name":"wp","href":"https:\/\/api.w.org\/{rel}","templated":true}]}}