{"id":110236,"date":"2022-09-23T12:04:43","date_gmt":"2022-09-23T10:04:43","guid":{"rendered":"https:\/\/bonsoleil.es\/proyecto-pedagogico\/valores\/"},"modified":"2024-04-04T11:26:33","modified_gmt":"2024-04-04T09:26:33","slug":"valores","status":"publish","type":"page","link":"https:\/\/bonsoleil.es\/es\/proyecto-pedagogico\/valores\/","title":{"rendered":"Valores"},"content":{"rendered":"\n<p>El objetivo principal de LIB Bon Soleil es ofrecer a todos nuestros alumnos una formaci\u00f3n completa para que puedan desarrollarse tanto a nivel acad\u00e9mico como personal. Para ello, es necesario comprender que cada ni\u00f1o es \u00fanico y que posee unas habilidades y talentos propios que es nuestro deber fomentar. De esta manera, podremos construir unas bases s\u00f3lidas que les permitir\u00e1n desarrollarse adecuadamente y responder a las necesidades de la sociedad actual gracias a la adquisici\u00f3n de las siguientes competencias: toma de decisiones, iniciativa, pensamiento cr\u00edtico, compromiso, liderazgo, cooperaci\u00f3n, tolerancia, solidaridad y altruismo. <\/p>\n\n\n\n<p>Nuestro centro es, por tanto, un lugar de transmisi\u00f3n del saber, del saber hacer y del saber estar.<\/p>\n\n\n\n<p><strong>NUESTROS VALORES FUNDAMENTALES SON:<\/strong><\/p>\n\n\n<div class=\"wp-block-image top80 bot80\">\n<figure class=\"aligncenter size-full\"><img loading=\"lazy\" decoding=\"async\" width=\"1316\" height=\"530\" src=\"https:\/\/bonsoleil.es\/web\/wp-content\/uploads\/2024\/04\/valores_cast.jpg\" alt=\"\" class=\"wp-image-123055\" srcset=\"https:\/\/bonsoleil.es\/web\/wp-content\/uploads\/2024\/04\/valores_cast.jpg 1316w, https:\/\/bonsoleil.es\/web\/wp-content\/uploads\/2024\/04\/valores_cast-250x101.jpg 250w, https:\/\/bonsoleil.es\/web\/wp-content\/uploads\/2024\/04\/valores_cast-700x282.jpg 700w, https:\/\/bonsoleil.es\/web\/wp-content\/uploads\/2024\/04\/valores_cast-768x309.jpg 768w, https:\/\/bonsoleil.es\/web\/wp-content\/uploads\/2024\/04\/valores_cast-120x48.jpg 120w\" sizes=\"auto, (max-width: 1316px) 100vw, 1316px\" \/><\/figure>\n<\/div>","protected":false},"excerpt":{"rendered":"El objetivo principal de LIB Bon Soleil es ofrecer a todos nuestros alumnos una formaci\u00f3n completa para que puedan desarrollarse tanto a nivel acad\u00e9mico como personal. Para ello, es necesario comprender que cada ni\u00f1o es \u00fanico y que posee unas habilidades y talentos propios que es nuestro deber fomentar. De esta manera, podremos construir unas&#8230; <a class=\"view-article\" href=\"https:\/\/bonsoleil.es\/es\/proyecto-pedagogico\/valores\/\">Ver art\u00edculo<\/a>","protected":false},"author":1,"featured_media":0,"parent":110234,"menu_order":1,"comment_status":"closed","ping_status":"closed","template":"page-valeurs.php","meta":{"_acf_changed":false,"rs_blank_template":"","rs_page_bg_color":"","slide_template_v7":"","footnotes":"","_links_to":"","_links_to_target":""},"class_list":["post-110236","page","type-page","status-publish","hentry"],"acf":[],"yoast_head":"<!-- This site is optimized with the Yoast SEO plugin v27.3 - https:\/\/yoast.com\/product\/yoast-seo-wordpress\/ -->\n<title>Valores - Lyc\u00e9e International Barcelona \u00b7 Bon Soleil<\/title>\n<meta name=\"robots\" content=\"index, follow, max-snippet:-1, max-image-preview:large, max-video-preview:-1\" \/>\n<link rel=\"canonical\" href=\"https:\/\/bonsoleil.es\/es\/proyecto-pedagogico\/valores\/\" \/>\n<meta property=\"og:locale\" content=\"es_ES\" \/>\n<meta property=\"og:type\" content=\"article\" \/>\n<meta property=\"og:title\" content=\"Valores - Lyc\u00e9e International Barcelona \u00b7 Bon Soleil\" \/>\n<meta property=\"og:description\" content=\"El objetivo principal de LIB Bon Soleil es ofrecer a todos nuestros alumnos una formaci\u00f3n completa para que puedan desarrollarse tanto a nivel acad\u00e9mico como personal. Para ello, es necesario comprender que cada ni\u00f1o es \u00fanico y que posee unas habilidades y talentos propios que es nuestro deber fomentar. De esta manera, podremos construir unas... Ver art\u00edculo\" \/>\n<meta property=\"og:url\" content=\"https:\/\/bonsoleil.es\/es\/proyecto-pedagogico\/valores\/\" \/>\n<meta property=\"og:site_name\" content=\"Lyc\u00e9e International Barcelona \u00b7 Bon Soleil\" \/>\n<meta property=\"article:publisher\" content=\"https:\/\/www.facebook.com\/libBonSoleil\/\" \/>\n<meta property=\"article:modified_time\" content=\"2024-04-04T09:26:33+00:00\" \/>\n<meta property=\"og:image\" content=\"https:\/\/bonsoleil.es\/web\/wp-content\/uploads\/2024\/04\/valores_cast.jpg\" \/>\n<meta name=\"twitter:card\" content=\"summary_large_image\" \/>\n<meta name=\"twitter:site\" content=\"@lib_bonsoleil\" \/>\n<meta name=\"twitter:label1\" content=\"Tiempo de lectura\" \/>\n\t<meta name=\"twitter:data1\" content=\"1 minuto\" \/>\n<script type=\"application\/ld+json\" class=\"yoast-schema-graph\">{\"@context\":\"https:\\\/\\\/schema.org\",\"@graph\":[{\"@type\":\"WebPage\",\"@id\":\"https:\\\/\\\/bonsoleil.es\\\/es\\\/proyecto-pedagogico\\\/valores\\\/\",\"url\":\"https:\\\/\\\/bonsoleil.es\\\/es\\\/proyecto-pedagogico\\\/valores\\\/\",\"name\":\"Valores - Lyc\u00e9e International Barcelona \u00b7 Bon Soleil\",\"isPartOf\":{\"@id\":\"https:\\\/\\\/bonsoleil.es\\\/es\\\/#website\"},\"primaryImageOfPage\":{\"@id\":\"https:\\\/\\\/bonsoleil.es\\\/es\\\/proyecto-pedagogico\\\/valores\\\/#primaryimage\"},\"image\":{\"@id\":\"https:\\\/\\\/bonsoleil.es\\\/es\\\/proyecto-pedagogico\\\/valores\\\/#primaryimage\"},\"thumbnailUrl\":\"https:\\\/\\\/bonsoleil.es\\\/web\\\/wp-content\\\/uploads\\\/2024\\\/04\\\/valores_cast.jpg\",\"datePublished\":\"2022-09-23T10:04:43+00:00\",\"dateModified\":\"2024-04-04T09:26:33+00:00\",\"breadcrumb\":{\"@id\":\"https:\\\/\\\/bonsoleil.es\\\/es\\\/proyecto-pedagogico\\\/valores\\\/#breadcrumb\"},\"inLanguage\":\"es\",\"potentialAction\":[{\"@type\":\"ReadAction\",\"target\":[\"https:\\\/\\\/bonsoleil.es\\\/es\\\/proyecto-pedagogico\\\/valores\\\/\"]}]},{\"@type\":\"ImageObject\",\"inLanguage\":\"es\",\"@id\":\"https:\\\/\\\/bonsoleil.es\\\/es\\\/proyecto-pedagogico\\\/valores\\\/#primaryimage\",\"url\":\"https:\\\/\\\/bonsoleil.es\\\/web\\\/wp-content\\\/uploads\\\/2024\\\/04\\\/valores_cast.jpg\",\"contentUrl\":\"https:\\\/\\\/bonsoleil.es\\\/web\\\/wp-content\\\/uploads\\\/2024\\\/04\\\/valores_cast.jpg\"},{\"@type\":\"BreadcrumbList\",\"@id\":\"https:\\\/\\\/bonsoleil.es\\\/es\\\/proyecto-pedagogico\\\/valores\\\/#breadcrumb\",\"itemListElement\":[{\"@type\":\"ListItem\",\"position\":1,\"name\":\"Portada\",\"item\":\"https:\\\/\\\/bonsoleil.es\\\/es\\\/\"},{\"@type\":\"ListItem\",\"position\":2,\"name\":\"Proyecto pedag\u00f3gico\",\"item\":\"https:\\\/\\\/bonsoleil.es\\\/es\\\/proyecto-pedagogico\\\/\"},{\"@type\":\"ListItem\",\"position\":3,\"name\":\"Valores\"}]},{\"@type\":\"WebSite\",\"@id\":\"https:\\\/\\\/bonsoleil.es\\\/es\\\/#website\",\"url\":\"https:\\\/\\\/bonsoleil.es\\\/es\\\/\",\"name\":\"Lyc\u00e9e International Barcelona \u00b7 Bon Soleil\",\"description\":\"Lyc\u00e9e International Barcelona\",\"potentialAction\":[{\"@type\":\"SearchAction\",\"target\":{\"@type\":\"EntryPoint\",\"urlTemplate\":\"https:\\\/\\\/bonsoleil.es\\\/es\\\/?s={search_term_string}\"},\"query-input\":{\"@type\":\"PropertyValueSpecification\",\"valueRequired\":true,\"valueName\":\"search_term_string\"}}],\"inLanguage\":\"es\"}]}<\/script>\n<!-- \/ Yoast SEO plugin. -->","yoast_head_json":{"title":"Valores - Lyc\u00e9e International Barcelona \u00b7 Bon Soleil","robots":{"index":"index","follow":"follow","max-snippet":"max-snippet:-1","max-image-preview":"max-image-preview:large","max-video-preview":"max-video-preview:-1"},"canonical":"https:\/\/bonsoleil.es\/es\/proyecto-pedagogico\/valores\/","og_locale":"es_ES","og_type":"article","og_title":"Valores - Lyc\u00e9e International Barcelona \u00b7 Bon Soleil","og_description":"El objetivo principal de LIB Bon Soleil es ofrecer a todos nuestros alumnos una formaci\u00f3n completa para que puedan desarrollarse tanto a nivel acad\u00e9mico como personal. Para ello, es necesario comprender que cada ni\u00f1o es \u00fanico y que posee unas habilidades y talentos propios que es nuestro deber fomentar. De esta manera, podremos construir unas... Ver art\u00edculo","og_url":"https:\/\/bonsoleil.es\/es\/proyecto-pedagogico\/valores\/","og_site_name":"Lyc\u00e9e International Barcelona \u00b7 Bon Soleil","article_publisher":"https:\/\/www.facebook.com\/libBonSoleil\/","article_modified_time":"2024-04-04T09:26:33+00:00","og_image":[{"url":"https:\/\/bonsoleil.es\/web\/wp-content\/uploads\/2024\/04\/valores_cast.jpg","type":"","width":"","height":""}],"twitter_card":"summary_large_image","twitter_site":"@lib_bonsoleil","twitter_misc":{"Tiempo de lectura":"1 minuto"},"schema":{"@context":"https:\/\/schema.org","@graph":[{"@type":"WebPage","@id":"https:\/\/bonsoleil.es\/es\/proyecto-pedagogico\/valores\/","url":"https:\/\/bonsoleil.es\/es\/proyecto-pedagogico\/valores\/","name":"Valores - Lyc\u00e9e International Barcelona \u00b7 Bon Soleil","isPartOf":{"@id":"https:\/\/bonsoleil.es\/es\/#website"},"primaryImageOfPage":{"@id":"https:\/\/bonsoleil.es\/es\/proyecto-pedagogico\/valores\/#primaryimage"},"image":{"@id":"https:\/\/bonsoleil.es\/es\/proyecto-pedagogico\/valores\/#primaryimage"},"thumbnailUrl":"https:\/\/bonsoleil.es\/web\/wp-content\/uploads\/2024\/04\/valores_cast.jpg","datePublished":"2022-09-23T10:04:43+00:00","dateModified":"2024-04-04T09:26:33+00:00","breadcrumb":{"@id":"https:\/\/bonsoleil.es\/es\/proyecto-pedagogico\/valores\/#breadcrumb"},"inLanguage":"es","potentialAction":[{"@type":"ReadAction","target":["https:\/\/bonsoleil.es\/es\/proyecto-pedagogico\/valores\/"]}]},{"@type":"ImageObject","inLanguage":"es","@id":"https:\/\/bonsoleil.es\/es\/proyecto-pedagogico\/valores\/#primaryimage","url":"https:\/\/bonsoleil.es\/web\/wp-content\/uploads\/2024\/04\/valores_cast.jpg","contentUrl":"https:\/\/bonsoleil.es\/web\/wp-content\/uploads\/2024\/04\/valores_cast.jpg"},{"@type":"BreadcrumbList","@id":"https:\/\/bonsoleil.es\/es\/proyecto-pedagogico\/valores\/#breadcrumb","itemListElement":[{"@type":"ListItem","position":1,"name":"Portada","item":"https:\/\/bonsoleil.es\/es\/"},{"@type":"ListItem","position":2,"name":"Proyecto pedag\u00f3gico","item":"https:\/\/bonsoleil.es\/es\/proyecto-pedagogico\/"},{"@type":"ListItem","position":3,"name":"Valores"}]},{"@type":"WebSite","@id":"https:\/\/bonsoleil.es\/es\/#website","url":"https:\/\/bonsoleil.es\/es\/","name":"Lyc\u00e9e International Barcelona \u00b7 Bon Soleil","description":"Lyc\u00e9e International Barcelona","potentialAction":[{"@type":"SearchAction","target":{"@type":"EntryPoint","urlTemplate":"https:\/\/bonsoleil.es\/es\/?s={search_term_string}"},"query-input":{"@type":"PropertyValueSpecification","valueRequired":true,"valueName":"search_term_string"}}],"inLanguage":"es"}]}},"_links":{"self":[{"href":"https:\/\/bonsoleil.es\/es\/wp-json\/wp\/v2\/pages\/110236","targetHints":{"allow":["GET"]}}],"collection":[{"href":"https:\/\/bonsoleil.es\/es\/wp-json\/wp\/v2\/pages"}],"about":[{"href":"https:\/\/bonsoleil.es\/es\/wp-json\/wp\/v2\/types\/page"}],"author":[{"embeddable":true,"href":"https:\/\/bonsoleil.es\/es\/wp-json\/wp\/v2\/users\/1"}],"replies":[{"embeddable":true,"href":"https:\/\/bonsoleil.es\/es\/wp-json\/wp\/v2\/comments?post=110236"}],"version-history":[{"count":2,"href":"https:\/\/bonsoleil.es\/es\/wp-json\/wp\/v2\/pages\/110236\/revisions"}],"predecessor-version":[{"id":123059,"href":"https:\/\/bonsoleil.es\/es\/wp-json\/wp\/v2\/pages\/110236\/revisions\/123059"}],"up":[{"embeddable":true,"href":"https:\/\/bonsoleil.es\/es\/wp-json\/wp\/v2\/pages\/110234"}],"wp:attachment":[{"href":"https:\/\/bonsoleil.es\/es\/wp-json\/wp\/v2\/media?parent=110236"}],"curies":[{"name":"wp","href":"https:\/\/api.w.org\/{rel}","templated":true}]}}