{"id":110238,"date":"2022-09-23T12:05:12","date_gmt":"2022-09-23T10:05:12","guid":{"rendered":"https:\/\/bonsoleil.es\/proyecto-pedagogico\/proyecto-educativo\/"},"modified":"2024-09-02T12:15:07","modified_gmt":"2024-09-02T10:15:07","slug":"proyecto-educativo","status":"publish","type":"page","link":"https:\/\/bonsoleil.es\/es\/proyecto-pedagogico\/proyecto-educativo\/","title":{"rendered":"Proyecto educativo"},"content":{"rendered":"\n<p>El objetivo principal del <strong>LIB Bon Soleil<\/strong> es la formaci\u00f3n integral de sus alumnos mediante la formaci\u00f3n y la educaci\u00f3n.<\/p>\n\n\n\n<p>Para alcanzarlo, los alumnos reciben una formaci\u00f3n intelectual, moral y c\u00edvica. Gracias a los m\u00e9todos pedag\u00f3gicos personalizados y la socializaci\u00f3n del individuo, esta formaci\u00f3n desarrolla, en todos y cada uno de nuestros alumnos, el sentido del esfuerzo y superaci\u00f3n personal, la tolerancia, la autodisciplina, el pensamiento cr\u00edtico y la contribuci\u00f3n personal a la comunidad.<\/p>\n\n\n<div class=\"wp-block-image top80\">\n<figure data-wp-context=\"{&quot;imageId&quot;:&quot;69e74b2179e96&quot;}\" data-wp-interactive=\"core\/image\" data-wp-key=\"69e74b2179e96\" class=\"aligncenter size-full wp-lightbox-container\"><img loading=\"lazy\" decoding=\"async\" width=\"1400\" height=\"548\" data-wp-class--hide=\"state.isContentHidden\" data-wp-class--show=\"state.isContentVisible\" data-wp-init=\"callbacks.setButtonStyles\" data-wp-on--click=\"actions.showLightbox\" data-wp-on--load=\"callbacks.setButtonStyles\" data-wp-on-window--resize=\"callbacks.setButtonStyles\" src=\"https:\/\/bonsoleil.es\/web\/wp-content\/uploads\/2024\/06\/proyecto_centro_CAS.png\" alt=\"\" class=\"wp-image-127047\" srcset=\"https:\/\/bonsoleil.es\/web\/wp-content\/uploads\/2024\/06\/proyecto_centro_CAS.png 1400w, https:\/\/bonsoleil.es\/web\/wp-content\/uploads\/2024\/06\/proyecto_centro_CAS-250x98.png 250w, https:\/\/bonsoleil.es\/web\/wp-content\/uploads\/2024\/06\/proyecto_centro_CAS-700x274.png 700w, https:\/\/bonsoleil.es\/web\/wp-content\/uploads\/2024\/06\/proyecto_centro_CAS-768x301.png 768w, https:\/\/bonsoleil.es\/web\/wp-content\/uploads\/2024\/06\/proyecto_centro_CAS-120x47.png 120w\" sizes=\"auto, (max-width: 1400px) 100vw, 1400px\" \/><button\n\t\t\tclass=\"lightbox-trigger\"\n\t\t\ttype=\"button\"\n\t\t\taria-haspopup=\"dialog\"\n\t\t\taria-label=\"Agrandar\"\n\t\t\tdata-wp-init=\"callbacks.initTriggerButton\"\n\t\t\tdata-wp-on--click=\"actions.showLightbox\"\n\t\t\tdata-wp-style--right=\"state.imageButtonRight\"\n\t\t\tdata-wp-style--top=\"state.imageButtonTop\"\n\t\t>\n\t\t\t<svg xmlns=\"http:\/\/www.w3.org\/2000\/svg\" width=\"12\" height=\"12\" fill=\"none\" viewBox=\"0 0 12 12\">\n\t\t\t\t<path fill=\"#fff\" d=\"M2 0a2 2 0 0 0-2 2v2h1.5V2a.5.5 0 0 1 .5-.5h2V0H2Zm2 10.5H2a.5.5 0 0 1-.5-.5V8H0v2a2 2 0 0 0 2 2h2v-1.5ZM8 12v-1.5h2a.5.5 0 0 0 .5-.5V8H12v2a2 2 0 0 1-2 2H8Zm2-12a2 2 0 0 1 2 2v2h-1.5V2a.5.5 0 0 0-.5-.5H8V0h2Z\" \/>\n\t\t\t<\/svg>\n\t\t<\/button><\/figure>\n<\/div>\n\n\n<div class=\"wp-block-buttons is-content-justification-center is-layout-flex wp-container-core-buttons-is-layout-16018d1d wp-block-buttons-is-layout-flex\">\n<div class=\"wp-block-button is-style-fill top40\"><a class=\"wp-block-button__link wp-element-button\" href=\"https:\/\/bonsoleil.es\/web\/wp-content\/themes\/bonsoleilre\/pdf\/projet_detablissement_2023_2027.pdf\" target=\"_blank\" rel=\"noreferrer noopener\">M\u00c1S INFORMACI\u00d3N<\/a><\/div>\n<\/div>\n\n\n\n<figure class=\"wp-block-gallery has-nested-images columns-default is-cropped wp-block-gallery-1 is-layout-flex wp-block-gallery-is-layout-flex\"><\/figure>\n","protected":false},"excerpt":{"rendered":"El objetivo principal del LIB Bon Soleil es la formaci\u00f3n integral de sus alumnos mediante la formaci\u00f3n y la educaci\u00f3n. Para alcanzarlo, los alumnos reciben una formaci\u00f3n intelectual, moral y c\u00edvica. Gracias a los m\u00e9todos pedag\u00f3gicos personalizados y la socializaci\u00f3n del individuo, esta formaci\u00f3n desarrolla, en todos y cada uno de nuestros alumnos, el sentido&#8230; <a class=\"view-article\" href=\"https:\/\/bonsoleil.es\/es\/proyecto-pedagogico\/proyecto-educativo\/\">Ver art\u00edculo<\/a>","protected":false},"author":1,"featured_media":0,"parent":110234,"menu_order":2,"comment_status":"closed","ping_status":"closed","template":"","meta":{"_acf_changed":false,"rs_blank_template":"","rs_page_bg_color":"","slide_template_v7":"","footnotes":"","_links_to":"","_links_to_target":""},"class_list":["post-110238","page","type-page","status-publish","hentry"],"acf":[],"yoast_head":"<!-- This site is optimized with the Yoast SEO plugin v27.4 - https:\/\/yoast.com\/product\/yoast-seo-wordpress\/ -->\n<title>Proyecto educativo - Lyc\u00e9e International Barcelona \u00b7 Bon Soleil<\/title>\n<meta name=\"robots\" content=\"index, follow, max-snippet:-1, max-image-preview:large, max-video-preview:-1\" \/>\n<link rel=\"canonical\" href=\"https:\/\/bonsoleil.es\/es\/proyecto-pedagogico\/proyecto-educativo\/\" \/>\n<meta property=\"og:locale\" content=\"es_ES\" \/>\n<meta property=\"og:type\" content=\"article\" \/>\n<meta property=\"og:title\" content=\"Proyecto educativo - Lyc\u00e9e International Barcelona \u00b7 Bon Soleil\" \/>\n<meta property=\"og:description\" content=\"El objetivo principal del LIB Bon Soleil es la formaci\u00f3n integral de sus alumnos mediante la formaci\u00f3n y la educaci\u00f3n. Para alcanzarlo, los alumnos reciben una formaci\u00f3n intelectual, moral y c\u00edvica. Gracias a los m\u00e9todos pedag\u00f3gicos personalizados y la socializaci\u00f3n del individuo, esta formaci\u00f3n desarrolla, en todos y cada uno de nuestros alumnos, el sentido... Ver art\u00edculo\" \/>\n<meta property=\"og:url\" content=\"https:\/\/bonsoleil.es\/es\/proyecto-pedagogico\/proyecto-educativo\/\" \/>\n<meta property=\"og:site_name\" content=\"Lyc\u00e9e International Barcelona \u00b7 Bon Soleil\" \/>\n<meta property=\"article:publisher\" content=\"https:\/\/www.facebook.com\/libBonSoleil\/\" \/>\n<meta property=\"article:modified_time\" content=\"2024-09-02T10:15:07+00:00\" \/>\n<meta property=\"og:image\" content=\"https:\/\/bonsoleil.es\/web\/wp-content\/uploads\/2024\/06\/proyecto_centro_CAS.png\" \/>\n<meta name=\"twitter:card\" content=\"summary_large_image\" \/>\n<meta name=\"twitter:site\" content=\"@lib_bonsoleil\" \/>\n<meta name=\"twitter:label1\" content=\"Tiempo de lectura\" \/>\n\t<meta name=\"twitter:data1\" content=\"1 minuto\" \/>\n<script type=\"application\/ld+json\" class=\"yoast-schema-graph\">{\"@context\":\"https:\\\/\\\/schema.org\",\"@graph\":[{\"@type\":\"WebPage\",\"@id\":\"https:\\\/\\\/bonsoleil.es\\\/es\\\/proyecto-pedagogico\\\/proyecto-educativo\\\/\",\"url\":\"https:\\\/\\\/bonsoleil.es\\\/es\\\/proyecto-pedagogico\\\/proyecto-educativo\\\/\",\"name\":\"Proyecto educativo - Lyc\u00e9e International Barcelona \u00b7 Bon Soleil\",\"isPartOf\":{\"@id\":\"https:\\\/\\\/bonsoleil.es\\\/es\\\/#website\"},\"primaryImageOfPage\":{\"@id\":\"https:\\\/\\\/bonsoleil.es\\\/es\\\/proyecto-pedagogico\\\/proyecto-educativo\\\/#primaryimage\"},\"image\":{\"@id\":\"https:\\\/\\\/bonsoleil.es\\\/es\\\/proyecto-pedagogico\\\/proyecto-educativo\\\/#primaryimage\"},\"thumbnailUrl\":\"https:\\\/\\\/bonsoleil.es\\\/web\\\/wp-content\\\/uploads\\\/2024\\\/06\\\/proyecto_centro_CAS.png\",\"datePublished\":\"2022-09-23T10:05:12+00:00\",\"dateModified\":\"2024-09-02T10:15:07+00:00\",\"breadcrumb\":{\"@id\":\"https:\\\/\\\/bonsoleil.es\\\/es\\\/proyecto-pedagogico\\\/proyecto-educativo\\\/#breadcrumb\"},\"inLanguage\":\"es\",\"potentialAction\":[{\"@type\":\"ReadAction\",\"target\":[\"https:\\\/\\\/bonsoleil.es\\\/es\\\/proyecto-pedagogico\\\/proyecto-educativo\\\/\"]}]},{\"@type\":\"ImageObject\",\"inLanguage\":\"es\",\"@id\":\"https:\\\/\\\/bonsoleil.es\\\/es\\\/proyecto-pedagogico\\\/proyecto-educativo\\\/#primaryimage\",\"url\":\"https:\\\/\\\/bonsoleil.es\\\/web\\\/wp-content\\\/uploads\\\/2024\\\/06\\\/proyecto_centro_CAS.png\",\"contentUrl\":\"https:\\\/\\\/bonsoleil.es\\\/web\\\/wp-content\\\/uploads\\\/2024\\\/06\\\/proyecto_centro_CAS.png\"},{\"@type\":\"BreadcrumbList\",\"@id\":\"https:\\\/\\\/bonsoleil.es\\\/es\\\/proyecto-pedagogico\\\/proyecto-educativo\\\/#breadcrumb\",\"itemListElement\":[{\"@type\":\"ListItem\",\"position\":1,\"name\":\"Portada\",\"item\":\"https:\\\/\\\/bonsoleil.es\\\/es\\\/\"},{\"@type\":\"ListItem\",\"position\":2,\"name\":\"Proyecto pedag\u00f3gico\",\"item\":\"https:\\\/\\\/bonsoleil.es\\\/es\\\/proyecto-pedagogico\\\/\"},{\"@type\":\"ListItem\",\"position\":3,\"name\":\"Proyecto educativo\"}]},{\"@type\":\"WebSite\",\"@id\":\"https:\\\/\\\/bonsoleil.es\\\/es\\\/#website\",\"url\":\"https:\\\/\\\/bonsoleil.es\\\/es\\\/\",\"name\":\"Lyc\u00e9e International Barcelona \u00b7 Bon Soleil\",\"description\":\"Lyc\u00e9e International Barcelona\",\"potentialAction\":[{\"@type\":\"SearchAction\",\"target\":{\"@type\":\"EntryPoint\",\"urlTemplate\":\"https:\\\/\\\/bonsoleil.es\\\/es\\\/?s={search_term_string}\"},\"query-input\":{\"@type\":\"PropertyValueSpecification\",\"valueRequired\":true,\"valueName\":\"search_term_string\"}}],\"inLanguage\":\"es\"}]}<\/script>\n<!-- \/ Yoast SEO plugin. -->","yoast_head_json":{"title":"Proyecto educativo - Lyc\u00e9e International Barcelona \u00b7 Bon Soleil","robots":{"index":"index","follow":"follow","max-snippet":"max-snippet:-1","max-image-preview":"max-image-preview:large","max-video-preview":"max-video-preview:-1"},"canonical":"https:\/\/bonsoleil.es\/es\/proyecto-pedagogico\/proyecto-educativo\/","og_locale":"es_ES","og_type":"article","og_title":"Proyecto educativo - Lyc\u00e9e International Barcelona \u00b7 Bon Soleil","og_description":"El objetivo principal del LIB Bon Soleil es la formaci\u00f3n integral de sus alumnos mediante la formaci\u00f3n y la educaci\u00f3n. Para alcanzarlo, los alumnos reciben una formaci\u00f3n intelectual, moral y c\u00edvica. Gracias a los m\u00e9todos pedag\u00f3gicos personalizados y la socializaci\u00f3n del individuo, esta formaci\u00f3n desarrolla, en todos y cada uno de nuestros alumnos, el sentido... Ver art\u00edculo","og_url":"https:\/\/bonsoleil.es\/es\/proyecto-pedagogico\/proyecto-educativo\/","og_site_name":"Lyc\u00e9e International Barcelona \u00b7 Bon Soleil","article_publisher":"https:\/\/www.facebook.com\/libBonSoleil\/","article_modified_time":"2024-09-02T10:15:07+00:00","og_image":[{"url":"https:\/\/bonsoleil.es\/web\/wp-content\/uploads\/2024\/06\/proyecto_centro_CAS.png","type":"","width":"","height":""}],"twitter_card":"summary_large_image","twitter_site":"@lib_bonsoleil","twitter_misc":{"Tiempo de lectura":"1 minuto"},"schema":{"@context":"https:\/\/schema.org","@graph":[{"@type":"WebPage","@id":"https:\/\/bonsoleil.es\/es\/proyecto-pedagogico\/proyecto-educativo\/","url":"https:\/\/bonsoleil.es\/es\/proyecto-pedagogico\/proyecto-educativo\/","name":"Proyecto educativo - Lyc\u00e9e International Barcelona \u00b7 Bon Soleil","isPartOf":{"@id":"https:\/\/bonsoleil.es\/es\/#website"},"primaryImageOfPage":{"@id":"https:\/\/bonsoleil.es\/es\/proyecto-pedagogico\/proyecto-educativo\/#primaryimage"},"image":{"@id":"https:\/\/bonsoleil.es\/es\/proyecto-pedagogico\/proyecto-educativo\/#primaryimage"},"thumbnailUrl":"https:\/\/bonsoleil.es\/web\/wp-content\/uploads\/2024\/06\/proyecto_centro_CAS.png","datePublished":"2022-09-23T10:05:12+00:00","dateModified":"2024-09-02T10:15:07+00:00","breadcrumb":{"@id":"https:\/\/bonsoleil.es\/es\/proyecto-pedagogico\/proyecto-educativo\/#breadcrumb"},"inLanguage":"es","potentialAction":[{"@type":"ReadAction","target":["https:\/\/bonsoleil.es\/es\/proyecto-pedagogico\/proyecto-educativo\/"]}]},{"@type":"ImageObject","inLanguage":"es","@id":"https:\/\/bonsoleil.es\/es\/proyecto-pedagogico\/proyecto-educativo\/#primaryimage","url":"https:\/\/bonsoleil.es\/web\/wp-content\/uploads\/2024\/06\/proyecto_centro_CAS.png","contentUrl":"https:\/\/bonsoleil.es\/web\/wp-content\/uploads\/2024\/06\/proyecto_centro_CAS.png"},{"@type":"BreadcrumbList","@id":"https:\/\/bonsoleil.es\/es\/proyecto-pedagogico\/proyecto-educativo\/#breadcrumb","itemListElement":[{"@type":"ListItem","position":1,"name":"Portada","item":"https:\/\/bonsoleil.es\/es\/"},{"@type":"ListItem","position":2,"name":"Proyecto pedag\u00f3gico","item":"https:\/\/bonsoleil.es\/es\/proyecto-pedagogico\/"},{"@type":"ListItem","position":3,"name":"Proyecto educativo"}]},{"@type":"WebSite","@id":"https:\/\/bonsoleil.es\/es\/#website","url":"https:\/\/bonsoleil.es\/es\/","name":"Lyc\u00e9e International Barcelona \u00b7 Bon Soleil","description":"Lyc\u00e9e International Barcelona","potentialAction":[{"@type":"SearchAction","target":{"@type":"EntryPoint","urlTemplate":"https:\/\/bonsoleil.es\/es\/?s={search_term_string}"},"query-input":{"@type":"PropertyValueSpecification","valueRequired":true,"valueName":"search_term_string"}}],"inLanguage":"es"}]}},"_links":{"self":[{"href":"https:\/\/bonsoleil.es\/es\/wp-json\/wp\/v2\/pages\/110238","targetHints":{"allow":["GET"]}}],"collection":[{"href":"https:\/\/bonsoleil.es\/es\/wp-json\/wp\/v2\/pages"}],"about":[{"href":"https:\/\/bonsoleil.es\/es\/wp-json\/wp\/v2\/types\/page"}],"author":[{"embeddable":true,"href":"https:\/\/bonsoleil.es\/es\/wp-json\/wp\/v2\/users\/1"}],"replies":[{"embeddable":true,"href":"https:\/\/bonsoleil.es\/es\/wp-json\/wp\/v2\/comments?post=110238"}],"version-history":[{"count":8,"href":"https:\/\/bonsoleil.es\/es\/wp-json\/wp\/v2\/pages\/110238\/revisions"}],"predecessor-version":[{"id":132456,"href":"https:\/\/bonsoleil.es\/es\/wp-json\/wp\/v2\/pages\/110238\/revisions\/132456"}],"up":[{"embeddable":true,"href":"https:\/\/bonsoleil.es\/es\/wp-json\/wp\/v2\/pages\/110234"}],"wp:attachment":[{"href":"https:\/\/bonsoleil.es\/es\/wp-json\/wp\/v2\/media?parent=110238"}],"curies":[{"name":"wp","href":"https:\/\/api.w.org\/{rel}","templated":true}]}}