{"id":110242,"date":"2022-09-23T12:05:39","date_gmt":"2022-09-23T10:05:39","guid":{"rendered":"https:\/\/bonsoleil.es\/proyecto-pedagogico\/proyecto-linguistico-plurilingue\/"},"modified":"2024-06-11T10:52:06","modified_gmt":"2024-06-11T08:52:06","slug":"proyecto-linguistico-plurilingue","status":"publish","type":"page","link":"https:\/\/bonsoleil.es\/es\/proyecto-pedagogico\/proyecto-linguistico-plurilingue\/","title":{"rendered":"Proyecto ling\u00fc\u00edstico pluriling\u00fce"},"content":{"rendered":"\n<p>La lengua vehicular del colegio es <strong>el franc\u00e9s<\/strong>, pero, dada nuestra vocaci\u00f3n internacional, el proyecto ling\u00fc\u00edstico y educativo de LIB Bon Soleil se basa en el <strong>pluriling\u00fcismo<\/strong>.<\/p>\n\n\n\n<p>El alumno aprende tambi\u00e9n el castellano<strong>, <\/strong>catal\u00e1n e ingl\u00e9s desde el primer a\u00f1o de Maternelle. En primer lugar, se adquiere una base oral y m\u00e1s tarde se aborda la lengua escrita, antes de profundizar en el estudio de cada idioma en el resto de ciclos.<\/p>\n\n\n\n<p>Tanto para los alumnos franc\u00f3fonos como los no franc\u00f3fonos, la inmersi\u00f3n en los idiomas que no dominan es progresiva. Asimismo, el dominio de un nuevo idioma se apoya tambi\u00e9n en la adquisici\u00f3n de competencias ling\u00fc\u00edsticas en el resto de idiomas. <\/p>\n\n\n\n<h4 class=\"wp-block-heading\">CERTIFICACIONES<\/h4>\n\n\n\n<p>En el siguiente gr\u00e1fico se muestra el nivel de idiomas de nuestros alumnos a lo largo de su vida escolar en LIB Bon Soleil. Nuestros alumnos acaban dominando a la perfecci\u00f3n el ingl\u00e9s, el franc\u00e9s, el espa\u00f1ol y el catal\u00e1n.<\/p>\n\n\n\n<img decoding=\"async\" src=\"https:\/\/bonsoleil.es\/web\/wp-content\/themes\/bonsoleilre\/img\/projet_linguistique.svg\" \/>\n","protected":false},"excerpt":{"rendered":"La lengua vehicular del colegio es el franc\u00e9s, pero, dada nuestra vocaci\u00f3n internacional, el proyecto ling\u00fc\u00edstico y educativo de LIB Bon Soleil se basa en el pluriling\u00fcismo. El alumno aprende tambi\u00e9n el castellano, catal\u00e1n e ingl\u00e9s desde el primer a\u00f1o de Maternelle. En primer lugar, se adquiere una base oral y m\u00e1s tarde se aborda&#8230; <a class=\"view-article\" href=\"https:\/\/bonsoleil.es\/es\/proyecto-pedagogico\/proyecto-linguistico-plurilingue\/\">Ver art\u00edculo<\/a>","protected":false},"author":1,"featured_media":0,"parent":110234,"menu_order":3,"comment_status":"closed","ping_status":"closed","template":"","meta":{"_acf_changed":false,"footnotes":"","_links_to":"","_links_to_target":""},"class_list":["post-110242","page","type-page","status-publish","hentry"],"acf":[],"yoast_head":"<!-- This site is optimized with the Yoast SEO plugin v27.3 - https:\/\/yoast.com\/product\/yoast-seo-wordpress\/ -->\n<title>Proyecto ling\u00fc\u00edstico pluriling\u00fce - Lyc\u00e9e International Barcelona \u00b7 Bon Soleil<\/title>\n<meta name=\"robots\" content=\"index, follow, max-snippet:-1, max-image-preview:large, max-video-preview:-1\" \/>\n<link rel=\"canonical\" href=\"https:\/\/bonsoleil.es\/es\/proyecto-pedagogico\/proyecto-linguistico-plurilingue\/\" \/>\n<meta property=\"og:locale\" content=\"es_ES\" \/>\n<meta property=\"og:type\" content=\"article\" \/>\n<meta property=\"og:title\" content=\"Proyecto ling\u00fc\u00edstico pluriling\u00fce - Lyc\u00e9e International Barcelona \u00b7 Bon Soleil\" \/>\n<meta property=\"og:description\" content=\"La lengua vehicular del colegio es el franc\u00e9s, pero, dada nuestra vocaci\u00f3n internacional, el proyecto ling\u00fc\u00edstico y educativo de LIB Bon Soleil se basa en el pluriling\u00fcismo. El alumno aprende tambi\u00e9n el castellano, catal\u00e1n e ingl\u00e9s desde el primer a\u00f1o de Maternelle. En primer lugar, se adquiere una base oral y m\u00e1s tarde se aborda... Ver art\u00edculo\" \/>\n<meta property=\"og:url\" content=\"https:\/\/bonsoleil.es\/es\/proyecto-pedagogico\/proyecto-linguistico-plurilingue\/\" \/>\n<meta property=\"og:site_name\" content=\"Lyc\u00e9e International Barcelona \u00b7 Bon Soleil\" \/>\n<meta property=\"article:publisher\" content=\"https:\/\/www.facebook.com\/libBonSoleil\/\" \/>\n<meta property=\"article:modified_time\" content=\"2024-06-11T08:52:06+00:00\" \/>\n<meta property=\"og:image\" content=\"https:\/\/bonsoleil.es\/web\/wp-content\/themes\/bonsoleilre\/img\/projet_linguistique.svg\" \/>\n<meta name=\"twitter:card\" content=\"summary_large_image\" \/>\n<meta name=\"twitter:site\" content=\"@lib_bonsoleil\" \/>\n<meta name=\"twitter:label1\" content=\"Tiempo de lectura\" \/>\n\t<meta name=\"twitter:data1\" content=\"1 minuto\" \/>\n<script type=\"application\/ld+json\" class=\"yoast-schema-graph\">{\"@context\":\"https:\\\/\\\/schema.org\",\"@graph\":[{\"@type\":\"WebPage\",\"@id\":\"https:\\\/\\\/bonsoleil.es\\\/es\\\/proyecto-pedagogico\\\/proyecto-linguistico-plurilingue\\\/\",\"url\":\"https:\\\/\\\/bonsoleil.es\\\/es\\\/proyecto-pedagogico\\\/proyecto-linguistico-plurilingue\\\/\",\"name\":\"Proyecto ling\u00fc\u00edstico pluriling\u00fce - Lyc\u00e9e International Barcelona \u00b7 Bon Soleil\",\"isPartOf\":{\"@id\":\"https:\\\/\\\/bonsoleil.es\\\/es\\\/#website\"},\"primaryImageOfPage\":{\"@id\":\"https:\\\/\\\/bonsoleil.es\\\/es\\\/proyecto-pedagogico\\\/proyecto-linguistico-plurilingue\\\/#primaryimage\"},\"image\":{\"@id\":\"https:\\\/\\\/bonsoleil.es\\\/es\\\/proyecto-pedagogico\\\/proyecto-linguistico-plurilingue\\\/#primaryimage\"},\"thumbnailUrl\":\"https:\\\/\\\/bonsoleil.es\\\/web\\\/wp-content\\\/themes\\\/bonsoleilre\\\/img\\\/projet_linguistique.svg\",\"datePublished\":\"2022-09-23T10:05:39+00:00\",\"dateModified\":\"2024-06-11T08:52:06+00:00\",\"breadcrumb\":{\"@id\":\"https:\\\/\\\/bonsoleil.es\\\/es\\\/proyecto-pedagogico\\\/proyecto-linguistico-plurilingue\\\/#breadcrumb\"},\"inLanguage\":\"es\",\"potentialAction\":[{\"@type\":\"ReadAction\",\"target\":[\"https:\\\/\\\/bonsoleil.es\\\/es\\\/proyecto-pedagogico\\\/proyecto-linguistico-plurilingue\\\/\"]}]},{\"@type\":\"ImageObject\",\"inLanguage\":\"es\",\"@id\":\"https:\\\/\\\/bonsoleil.es\\\/es\\\/proyecto-pedagogico\\\/proyecto-linguistico-plurilingue\\\/#primaryimage\",\"url\":\"https:\\\/\\\/bonsoleil.es\\\/web\\\/wp-content\\\/themes\\\/bonsoleilre\\\/img\\\/projet_linguistique.svg\",\"contentUrl\":\"https:\\\/\\\/bonsoleil.es\\\/web\\\/wp-content\\\/themes\\\/bonsoleilre\\\/img\\\/projet_linguistique.svg\"},{\"@type\":\"BreadcrumbList\",\"@id\":\"https:\\\/\\\/bonsoleil.es\\\/es\\\/proyecto-pedagogico\\\/proyecto-linguistico-plurilingue\\\/#breadcrumb\",\"itemListElement\":[{\"@type\":\"ListItem\",\"position\":1,\"name\":\"Portada\",\"item\":\"https:\\\/\\\/bonsoleil.es\\\/es\\\/\"},{\"@type\":\"ListItem\",\"position\":2,\"name\":\"Proyecto pedag\u00f3gico\",\"item\":\"https:\\\/\\\/bonsoleil.es\\\/es\\\/proyecto-pedagogico\\\/\"},{\"@type\":\"ListItem\",\"position\":3,\"name\":\"Proyecto ling\u00fc\u00edstico pluriling\u00fce\"}]},{\"@type\":\"WebSite\",\"@id\":\"https:\\\/\\\/bonsoleil.es\\\/es\\\/#website\",\"url\":\"https:\\\/\\\/bonsoleil.es\\\/es\\\/\",\"name\":\"Lyc\u00e9e International Barcelona \u00b7 Bon Soleil\",\"description\":\"Lyc\u00e9e International Barcelona\",\"potentialAction\":[{\"@type\":\"SearchAction\",\"target\":{\"@type\":\"EntryPoint\",\"urlTemplate\":\"https:\\\/\\\/bonsoleil.es\\\/es\\\/?s={search_term_string}\"},\"query-input\":{\"@type\":\"PropertyValueSpecification\",\"valueRequired\":true,\"valueName\":\"search_term_string\"}}],\"inLanguage\":\"es\"}]}<\/script>\n<!-- \/ Yoast SEO plugin. -->","yoast_head_json":{"title":"Proyecto ling\u00fc\u00edstico pluriling\u00fce - Lyc\u00e9e International Barcelona \u00b7 Bon Soleil","robots":{"index":"index","follow":"follow","max-snippet":"max-snippet:-1","max-image-preview":"max-image-preview:large","max-video-preview":"max-video-preview:-1"},"canonical":"https:\/\/bonsoleil.es\/es\/proyecto-pedagogico\/proyecto-linguistico-plurilingue\/","og_locale":"es_ES","og_type":"article","og_title":"Proyecto ling\u00fc\u00edstico pluriling\u00fce - Lyc\u00e9e International Barcelona \u00b7 Bon Soleil","og_description":"La lengua vehicular del colegio es el franc\u00e9s, pero, dada nuestra vocaci\u00f3n internacional, el proyecto ling\u00fc\u00edstico y educativo de LIB Bon Soleil se basa en el pluriling\u00fcismo. El alumno aprende tambi\u00e9n el castellano, catal\u00e1n e ingl\u00e9s desde el primer a\u00f1o de Maternelle. En primer lugar, se adquiere una base oral y m\u00e1s tarde se aborda... Ver art\u00edculo","og_url":"https:\/\/bonsoleil.es\/es\/proyecto-pedagogico\/proyecto-linguistico-plurilingue\/","og_site_name":"Lyc\u00e9e International Barcelona \u00b7 Bon Soleil","article_publisher":"https:\/\/www.facebook.com\/libBonSoleil\/","article_modified_time":"2024-06-11T08:52:06+00:00","og_image":[{"url":"https:\/\/bonsoleil.es\/web\/wp-content\/themes\/bonsoleilre\/img\/projet_linguistique.svg","type":"","width":"","height":""}],"twitter_card":"summary_large_image","twitter_site":"@lib_bonsoleil","twitter_misc":{"Tiempo de lectura":"1 minuto"},"schema":{"@context":"https:\/\/schema.org","@graph":[{"@type":"WebPage","@id":"https:\/\/bonsoleil.es\/es\/proyecto-pedagogico\/proyecto-linguistico-plurilingue\/","url":"https:\/\/bonsoleil.es\/es\/proyecto-pedagogico\/proyecto-linguistico-plurilingue\/","name":"Proyecto ling\u00fc\u00edstico pluriling\u00fce - Lyc\u00e9e International Barcelona \u00b7 Bon Soleil","isPartOf":{"@id":"https:\/\/bonsoleil.es\/es\/#website"},"primaryImageOfPage":{"@id":"https:\/\/bonsoleil.es\/es\/proyecto-pedagogico\/proyecto-linguistico-plurilingue\/#primaryimage"},"image":{"@id":"https:\/\/bonsoleil.es\/es\/proyecto-pedagogico\/proyecto-linguistico-plurilingue\/#primaryimage"},"thumbnailUrl":"https:\/\/bonsoleil.es\/web\/wp-content\/themes\/bonsoleilre\/img\/projet_linguistique.svg","datePublished":"2022-09-23T10:05:39+00:00","dateModified":"2024-06-11T08:52:06+00:00","breadcrumb":{"@id":"https:\/\/bonsoleil.es\/es\/proyecto-pedagogico\/proyecto-linguistico-plurilingue\/#breadcrumb"},"inLanguage":"es","potentialAction":[{"@type":"ReadAction","target":["https:\/\/bonsoleil.es\/es\/proyecto-pedagogico\/proyecto-linguistico-plurilingue\/"]}]},{"@type":"ImageObject","inLanguage":"es","@id":"https:\/\/bonsoleil.es\/es\/proyecto-pedagogico\/proyecto-linguistico-plurilingue\/#primaryimage","url":"https:\/\/bonsoleil.es\/web\/wp-content\/themes\/bonsoleilre\/img\/projet_linguistique.svg","contentUrl":"https:\/\/bonsoleil.es\/web\/wp-content\/themes\/bonsoleilre\/img\/projet_linguistique.svg"},{"@type":"BreadcrumbList","@id":"https:\/\/bonsoleil.es\/es\/proyecto-pedagogico\/proyecto-linguistico-plurilingue\/#breadcrumb","itemListElement":[{"@type":"ListItem","position":1,"name":"Portada","item":"https:\/\/bonsoleil.es\/es\/"},{"@type":"ListItem","position":2,"name":"Proyecto pedag\u00f3gico","item":"https:\/\/bonsoleil.es\/es\/proyecto-pedagogico\/"},{"@type":"ListItem","position":3,"name":"Proyecto ling\u00fc\u00edstico pluriling\u00fce"}]},{"@type":"WebSite","@id":"https:\/\/bonsoleil.es\/es\/#website","url":"https:\/\/bonsoleil.es\/es\/","name":"Lyc\u00e9e International Barcelona \u00b7 Bon Soleil","description":"Lyc\u00e9e International Barcelona","potentialAction":[{"@type":"SearchAction","target":{"@type":"EntryPoint","urlTemplate":"https:\/\/bonsoleil.es\/es\/?s={search_term_string}"},"query-input":{"@type":"PropertyValueSpecification","valueRequired":true,"valueName":"search_term_string"}}],"inLanguage":"es"}]}},"_links":{"self":[{"href":"https:\/\/bonsoleil.es\/es\/wp-json\/wp\/v2\/pages\/110242","targetHints":{"allow":["GET"]}}],"collection":[{"href":"https:\/\/bonsoleil.es\/es\/wp-json\/wp\/v2\/pages"}],"about":[{"href":"https:\/\/bonsoleil.es\/es\/wp-json\/wp\/v2\/types\/page"}],"author":[{"embeddable":true,"href":"https:\/\/bonsoleil.es\/es\/wp-json\/wp\/v2\/users\/1"}],"replies":[{"embeddable":true,"href":"https:\/\/bonsoleil.es\/es\/wp-json\/wp\/v2\/comments?post=110242"}],"version-history":[{"count":9,"href":"https:\/\/bonsoleil.es\/es\/wp-json\/wp\/v2\/pages\/110242\/revisions"}],"predecessor-version":[{"id":127028,"href":"https:\/\/bonsoleil.es\/es\/wp-json\/wp\/v2\/pages\/110242\/revisions\/127028"}],"up":[{"embeddable":true,"href":"https:\/\/bonsoleil.es\/es\/wp-json\/wp\/v2\/pages\/110234"}],"wp:attachment":[{"href":"https:\/\/bonsoleil.es\/es\/wp-json\/wp\/v2\/media?parent=110242"}],"curies":[{"name":"wp","href":"https:\/\/api.w.org\/{rel}","templated":true}]}}