{"id":110245,"date":"2022-09-23T12:06:14","date_gmt":"2022-09-23T10:06:14","guid":{"rendered":"https:\/\/bonsoleil.es\/proyecto-pedagogico\/linea-pedagogica\/"},"modified":"2024-06-11T11:09:30","modified_gmt":"2024-06-11T09:09:30","slug":"linea-pedagogica","status":"publish","type":"page","link":"https:\/\/bonsoleil.es\/es\/proyecto-pedagogico\/linea-pedagogica\/","title":{"rendered":"L\u00ednea pedag\u00f3gica"},"content":{"rendered":"\n<div class=\"wp-block-columns is-layout-flex wp-container-core-columns-is-layout-9d6595d7 wp-block-columns-is-layout-flex\">\n<div class=\"wp-block-column is-layout-flow wp-block-column-is-layout-flow\" style=\"flex-basis:33.33%\"><\/div>\n\n\n\n<div class=\"wp-block-column is-layout-flow wp-block-column-is-layout-flow\" style=\"flex-basis:66.66%\">\n<h5 class=\"wp-block-heading\" id=\"block-6df02f50-66dd-455f-829c-8c28bec7ae66\"><strong>\u00abM\u00e1s vale una cabeza bien hecha que una cabeza bien llena\u00bb<\/strong><br><strong>(Montaigne)<\/strong><\/h5>\n<\/div>\n<\/div>\n\n\n\n<div class=\"wp-block-columns is-layout-flex wp-container-core-columns-is-layout-9d6595d7 wp-block-columns-is-layout-flex\">\n<div class=\"wp-block-column is-layout-flow wp-block-column-is-layout-flow\" style=\"flex-basis:33.33%\">\n<p class=\"has-text-align-right projet_number\">01<\/p>\n\n\n\n<p class=\"has-text-align-right projet_title\"><strong><strong>EDUCACI\u00d3N PERSONALIZADA<\/strong><\/strong><\/p>\n<\/div>\n\n\n\n<div class=\"wp-block-column is-layout-flow wp-block-column-is-layout-flow\" style=\"flex-basis:66.66%\">\n<p>Nuestro m\u00e9todo pedag\u00f3gico est\u00e1 basado en la <strong>ense\u00f1anza personalizada<\/strong>. Es decir, el alumno es el centro de nuestro proyecto y de su propio proceso de aprendizaje.<\/p>\n<\/div>\n<\/div>\n\n\n\n<div class=\"wp-block-columns is-layout-flex wp-container-core-columns-is-layout-9d6595d7 wp-block-columns-is-layout-flex\">\n<div class=\"wp-block-column is-layout-flow wp-block-column-is-layout-flow\" style=\"flex-basis:33.33%\">\n<p class=\"has-text-align-right projet_number\">02<\/p>\n\n\n\n<p class=\"has-text-align-right projet_title\"><strong><strong>TRABAJO EN EQUIPO<\/strong><\/strong><\/p>\n<\/div>\n\n\n\n<div class=\"wp-block-column is-layout-flow wp-block-column-is-layout-flow\" style=\"flex-basis:66.66%\">\n<p>El <strong>trabajo en equipo<\/strong> del cuerpo docente, que mantiene un <strong>contacto permanente con las familias<\/strong>, garantiza la coherencia metodol\u00f3gica, el conocimiento y el seguimiento apropiado de cada alumno y alumna.<\/p>\n<\/div>\n<\/div>\n\n\n\n<div class=\"wp-block-columns is-layout-flex wp-container-core-columns-is-layout-9d6595d7 wp-block-columns-is-layout-flex\">\n<div class=\"wp-block-column is-layout-flow wp-block-column-is-layout-flow\" style=\"flex-basis:33.33%\">\n<p class=\"has-text-align-right projet_number\">03<\/p>\n\n\n\n<p class=\"has-text-align-right projet_title\"><strong>M\u00c9TODOS PEDAG\u00d3GICOS ACTIVOS<\/strong><\/p>\n<\/div>\n\n\n\n<div class=\"wp-block-column is-layout-flow wp-block-column-is-layout-flow\" style=\"flex-basis:66.66%\">\n<p>Nuestro objetivo principal es que nuestros alumnos puedan, adem\u00e1s de adquirir conocimientos, desarrollar <strong>competencias <\/strong>y elaborar <strong>estrategias <\/strong>que les permitan afrontar la vida en cada una de sus facetas: escolar, personal, emocional, social o profesional.<\/p>\n<\/div>\n<\/div>\n\n\n\n<div class=\"wp-block-columns is-layout-flex wp-container-core-columns-is-layout-9d6595d7 wp-block-columns-is-layout-flex\">\n<div class=\"wp-block-column is-layout-flow wp-block-column-is-layout-flow\" style=\"flex-basis:33.33%\">\n<p class=\"has-text-align-right projet_number\">04<\/p>\n\n\n\n<p class=\"has-text-align-right projet_title\"><strong><strong>ALUMNO<\/strong><\/strong><br><strong>LIB <strong>BON SOLEIL<\/strong><\/strong><\/p>\n<\/div>\n\n\n\n<div class=\"wp-block-column is-layout-flow wp-block-column-is-layout-flow\" style=\"flex-basis:66.66%\">\n<p>A pesar de que sigue siendo una condici\u00f3n necesaria, un diploma no lo es todo. Por esa raz\u00f3n, estimulamos el <strong>potencial <\/strong>de nuestros alumnos para que en un futuro puedan alcanzar el \u00e9xito, fomentando la <strong>iniciativa<\/strong>, el esp\u00edritu cr\u00edtico, el gusto por la <strong>innovaci\u00f3n <\/strong>y el <strong>trabajo en equipo.<\/strong> De esta forma, desarrollan un esp\u00edritu de <strong>colaboraci\u00f3n <\/strong>y <strong>tolerancia <\/strong>mutua.<\/p>\n<\/div>\n<\/div>\n\n\n\n<div class=\"wp-block-columns is-layout-flex wp-container-core-columns-is-layout-9d6595d7 wp-block-columns-is-layout-flex\">\n<div class=\"wp-block-column is-layout-flow wp-block-column-is-layout-flow\" style=\"flex-basis:33.33%\"><\/div>\n\n\n\n<div class=\"wp-block-column is-layout-flow wp-block-column-is-layout-flow\" style=\"flex-basis:66.66%\">\n<figure class=\"wp-block-image size-full\"><img loading=\"lazy\" decoding=\"async\" width=\"1080\" height=\"1080\" src=\"https:\/\/bonsoleil.es\/web\/wp-content\/uploads\/2024\/06\/4-3.jpg\" alt=\"\" class=\"wp-image-127032\" srcset=\"https:\/\/bonsoleil.es\/web\/wp-content\/uploads\/2024\/06\/4-3.jpg 1080w, https:\/\/bonsoleil.es\/web\/wp-content\/uploads\/2024\/06\/4-3-250x250.jpg 250w, https:\/\/bonsoleil.es\/web\/wp-content\/uploads\/2024\/06\/4-3-700x700.jpg 700w, https:\/\/bonsoleil.es\/web\/wp-content\/uploads\/2024\/06\/4-3-150x150.jpg 150w, https:\/\/bonsoleil.es\/web\/wp-content\/uploads\/2024\/06\/4-3-768x768.jpg 768w, https:\/\/bonsoleil.es\/web\/wp-content\/uploads\/2024\/06\/4-3-120x120.jpg 120w\" sizes=\"auto, (max-width: 1080px) 100vw, 1080px\" \/><\/figure>\n<\/div>\n<\/div>\n","protected":false},"excerpt":{"rendered":"\u00abM\u00e1s vale una cabeza bien hecha que una cabeza bien llena\u00bb(Montaigne) 01 EDUCACI\u00d3N PERSONALIZADA Nuestro m\u00e9todo pedag\u00f3gico est\u00e1 basado en la ense\u00f1anza personalizada. Es decir, el alumno es el centro de nuestro proyecto y de su propio proceso de aprendizaje. 02 TRABAJO EN EQUIPO El trabajo en equipo del cuerpo docente, que mantiene un contacto&#8230; <a class=\"view-article\" href=\"https:\/\/bonsoleil.es\/es\/proyecto-pedagogico\/linea-pedagogica\/\">Ver art\u00edculo<\/a>","protected":false},"author":1,"featured_media":0,"parent":110234,"menu_order":4,"comment_status":"closed","ping_status":"closed","template":"","meta":{"_acf_changed":false,"footnotes":"","_links_to":"","_links_to_target":""},"class_list":["post-110245","page","type-page","status-publish","hentry"],"acf":[],"yoast_head":"<!-- This site is optimized with the Yoast SEO plugin v27.3 - https:\/\/yoast.com\/product\/yoast-seo-wordpress\/ -->\n<title>L\u00ednea pedag\u00f3gica - Lyc\u00e9e International Barcelona \u00b7 Bon Soleil<\/title>\n<meta name=\"robots\" content=\"index, follow, max-snippet:-1, max-image-preview:large, max-video-preview:-1\" \/>\n<link rel=\"canonical\" href=\"https:\/\/bonsoleil.es\/es\/proyecto-pedagogico\/linea-pedagogica\/\" \/>\n<meta property=\"og:locale\" content=\"es_ES\" \/>\n<meta property=\"og:type\" content=\"article\" \/>\n<meta property=\"og:title\" content=\"L\u00ednea pedag\u00f3gica - Lyc\u00e9e International Barcelona \u00b7 Bon Soleil\" \/>\n<meta property=\"og:description\" content=\"\u00abM\u00e1s vale una cabeza bien hecha que una cabeza bien llena\u00bb(Montaigne) 01 EDUCACI\u00d3N PERSONALIZADA Nuestro m\u00e9todo pedag\u00f3gico est\u00e1 basado en la ense\u00f1anza personalizada. Es decir, el alumno es el centro de nuestro proyecto y de su propio proceso de aprendizaje. 02 TRABAJO EN EQUIPO El trabajo en equipo del cuerpo docente, que mantiene un contacto... Ver art\u00edculo\" \/>\n<meta property=\"og:url\" content=\"https:\/\/bonsoleil.es\/es\/proyecto-pedagogico\/linea-pedagogica\/\" \/>\n<meta property=\"og:site_name\" content=\"Lyc\u00e9e International Barcelona \u00b7 Bon Soleil\" \/>\n<meta property=\"article:publisher\" content=\"https:\/\/www.facebook.com\/libBonSoleil\/\" \/>\n<meta property=\"article:modified_time\" content=\"2024-06-11T09:09:30+00:00\" \/>\n<meta property=\"og:image\" content=\"https:\/\/bonsoleil.es\/web\/wp-content\/uploads\/2024\/06\/4-3.jpg\" \/>\n<meta name=\"twitter:card\" content=\"summary_large_image\" \/>\n<meta name=\"twitter:site\" content=\"@lib_bonsoleil\" \/>\n<meta name=\"twitter:label1\" content=\"Tiempo de lectura\" \/>\n\t<meta name=\"twitter:data1\" content=\"2 minutos\" \/>\n<script type=\"application\/ld+json\" class=\"yoast-schema-graph\">{\"@context\":\"https:\\\/\\\/schema.org\",\"@graph\":[{\"@type\":\"WebPage\",\"@id\":\"https:\\\/\\\/bonsoleil.es\\\/es\\\/proyecto-pedagogico\\\/linea-pedagogica\\\/\",\"url\":\"https:\\\/\\\/bonsoleil.es\\\/es\\\/proyecto-pedagogico\\\/linea-pedagogica\\\/\",\"name\":\"L\u00ednea pedag\u00f3gica - Lyc\u00e9e International Barcelona \u00b7 Bon Soleil\",\"isPartOf\":{\"@id\":\"https:\\\/\\\/bonsoleil.es\\\/es\\\/#website\"},\"primaryImageOfPage\":{\"@id\":\"https:\\\/\\\/bonsoleil.es\\\/es\\\/proyecto-pedagogico\\\/linea-pedagogica\\\/#primaryimage\"},\"image\":{\"@id\":\"https:\\\/\\\/bonsoleil.es\\\/es\\\/proyecto-pedagogico\\\/linea-pedagogica\\\/#primaryimage\"},\"thumbnailUrl\":\"https:\\\/\\\/bonsoleil.es\\\/web\\\/wp-content\\\/uploads\\\/2024\\\/06\\\/4-3.jpg\",\"datePublished\":\"2022-09-23T10:06:14+00:00\",\"dateModified\":\"2024-06-11T09:09:30+00:00\",\"breadcrumb\":{\"@id\":\"https:\\\/\\\/bonsoleil.es\\\/es\\\/proyecto-pedagogico\\\/linea-pedagogica\\\/#breadcrumb\"},\"inLanguage\":\"es\",\"potentialAction\":[{\"@type\":\"ReadAction\",\"target\":[\"https:\\\/\\\/bonsoleil.es\\\/es\\\/proyecto-pedagogico\\\/linea-pedagogica\\\/\"]}]},{\"@type\":\"ImageObject\",\"inLanguage\":\"es\",\"@id\":\"https:\\\/\\\/bonsoleil.es\\\/es\\\/proyecto-pedagogico\\\/linea-pedagogica\\\/#primaryimage\",\"url\":\"https:\\\/\\\/bonsoleil.es\\\/web\\\/wp-content\\\/uploads\\\/2024\\\/06\\\/4-3.jpg\",\"contentUrl\":\"https:\\\/\\\/bonsoleil.es\\\/web\\\/wp-content\\\/uploads\\\/2024\\\/06\\\/4-3.jpg\"},{\"@type\":\"BreadcrumbList\",\"@id\":\"https:\\\/\\\/bonsoleil.es\\\/es\\\/proyecto-pedagogico\\\/linea-pedagogica\\\/#breadcrumb\",\"itemListElement\":[{\"@type\":\"ListItem\",\"position\":1,\"name\":\"Portada\",\"item\":\"https:\\\/\\\/bonsoleil.es\\\/es\\\/\"},{\"@type\":\"ListItem\",\"position\":2,\"name\":\"Proyecto pedag\u00f3gico\",\"item\":\"https:\\\/\\\/bonsoleil.es\\\/es\\\/proyecto-pedagogico\\\/\"},{\"@type\":\"ListItem\",\"position\":3,\"name\":\"L\u00ednea pedag\u00f3gica\"}]},{\"@type\":\"WebSite\",\"@id\":\"https:\\\/\\\/bonsoleil.es\\\/es\\\/#website\",\"url\":\"https:\\\/\\\/bonsoleil.es\\\/es\\\/\",\"name\":\"Lyc\u00e9e International Barcelona \u00b7 Bon Soleil\",\"description\":\"Lyc\u00e9e International Barcelona\",\"potentialAction\":[{\"@type\":\"SearchAction\",\"target\":{\"@type\":\"EntryPoint\",\"urlTemplate\":\"https:\\\/\\\/bonsoleil.es\\\/es\\\/?s={search_term_string}\"},\"query-input\":{\"@type\":\"PropertyValueSpecification\",\"valueRequired\":true,\"valueName\":\"search_term_string\"}}],\"inLanguage\":\"es\"}]}<\/script>\n<!-- \/ Yoast SEO plugin. -->","yoast_head_json":{"title":"L\u00ednea pedag\u00f3gica - Lyc\u00e9e International Barcelona \u00b7 Bon Soleil","robots":{"index":"index","follow":"follow","max-snippet":"max-snippet:-1","max-image-preview":"max-image-preview:large","max-video-preview":"max-video-preview:-1"},"canonical":"https:\/\/bonsoleil.es\/es\/proyecto-pedagogico\/linea-pedagogica\/","og_locale":"es_ES","og_type":"article","og_title":"L\u00ednea pedag\u00f3gica - Lyc\u00e9e International Barcelona \u00b7 Bon Soleil","og_description":"\u00abM\u00e1s vale una cabeza bien hecha que una cabeza bien llena\u00bb(Montaigne) 01 EDUCACI\u00d3N PERSONALIZADA Nuestro m\u00e9todo pedag\u00f3gico est\u00e1 basado en la ense\u00f1anza personalizada. Es decir, el alumno es el centro de nuestro proyecto y de su propio proceso de aprendizaje. 02 TRABAJO EN EQUIPO El trabajo en equipo del cuerpo docente, que mantiene un contacto... Ver art\u00edculo","og_url":"https:\/\/bonsoleil.es\/es\/proyecto-pedagogico\/linea-pedagogica\/","og_site_name":"Lyc\u00e9e International Barcelona \u00b7 Bon Soleil","article_publisher":"https:\/\/www.facebook.com\/libBonSoleil\/","article_modified_time":"2024-06-11T09:09:30+00:00","og_image":[{"url":"https:\/\/bonsoleil.es\/web\/wp-content\/uploads\/2024\/06\/4-3.jpg","type":"","width":"","height":""}],"twitter_card":"summary_large_image","twitter_site":"@lib_bonsoleil","twitter_misc":{"Tiempo de lectura":"2 minutos"},"schema":{"@context":"https:\/\/schema.org","@graph":[{"@type":"WebPage","@id":"https:\/\/bonsoleil.es\/es\/proyecto-pedagogico\/linea-pedagogica\/","url":"https:\/\/bonsoleil.es\/es\/proyecto-pedagogico\/linea-pedagogica\/","name":"L\u00ednea pedag\u00f3gica - Lyc\u00e9e International Barcelona \u00b7 Bon Soleil","isPartOf":{"@id":"https:\/\/bonsoleil.es\/es\/#website"},"primaryImageOfPage":{"@id":"https:\/\/bonsoleil.es\/es\/proyecto-pedagogico\/linea-pedagogica\/#primaryimage"},"image":{"@id":"https:\/\/bonsoleil.es\/es\/proyecto-pedagogico\/linea-pedagogica\/#primaryimage"},"thumbnailUrl":"https:\/\/bonsoleil.es\/web\/wp-content\/uploads\/2024\/06\/4-3.jpg","datePublished":"2022-09-23T10:06:14+00:00","dateModified":"2024-06-11T09:09:30+00:00","breadcrumb":{"@id":"https:\/\/bonsoleil.es\/es\/proyecto-pedagogico\/linea-pedagogica\/#breadcrumb"},"inLanguage":"es","potentialAction":[{"@type":"ReadAction","target":["https:\/\/bonsoleil.es\/es\/proyecto-pedagogico\/linea-pedagogica\/"]}]},{"@type":"ImageObject","inLanguage":"es","@id":"https:\/\/bonsoleil.es\/es\/proyecto-pedagogico\/linea-pedagogica\/#primaryimage","url":"https:\/\/bonsoleil.es\/web\/wp-content\/uploads\/2024\/06\/4-3.jpg","contentUrl":"https:\/\/bonsoleil.es\/web\/wp-content\/uploads\/2024\/06\/4-3.jpg"},{"@type":"BreadcrumbList","@id":"https:\/\/bonsoleil.es\/es\/proyecto-pedagogico\/linea-pedagogica\/#breadcrumb","itemListElement":[{"@type":"ListItem","position":1,"name":"Portada","item":"https:\/\/bonsoleil.es\/es\/"},{"@type":"ListItem","position":2,"name":"Proyecto pedag\u00f3gico","item":"https:\/\/bonsoleil.es\/es\/proyecto-pedagogico\/"},{"@type":"ListItem","position":3,"name":"L\u00ednea pedag\u00f3gica"}]},{"@type":"WebSite","@id":"https:\/\/bonsoleil.es\/es\/#website","url":"https:\/\/bonsoleil.es\/es\/","name":"Lyc\u00e9e International Barcelona \u00b7 Bon Soleil","description":"Lyc\u00e9e International Barcelona","potentialAction":[{"@type":"SearchAction","target":{"@type":"EntryPoint","urlTemplate":"https:\/\/bonsoleil.es\/es\/?s={search_term_string}"},"query-input":{"@type":"PropertyValueSpecification","valueRequired":true,"valueName":"search_term_string"}}],"inLanguage":"es"}]}},"_links":{"self":[{"href":"https:\/\/bonsoleil.es\/es\/wp-json\/wp\/v2\/pages\/110245","targetHints":{"allow":["GET"]}}],"collection":[{"href":"https:\/\/bonsoleil.es\/es\/wp-json\/wp\/v2\/pages"}],"about":[{"href":"https:\/\/bonsoleil.es\/es\/wp-json\/wp\/v2\/types\/page"}],"author":[{"embeddable":true,"href":"https:\/\/bonsoleil.es\/es\/wp-json\/wp\/v2\/users\/1"}],"replies":[{"embeddable":true,"href":"https:\/\/bonsoleil.es\/es\/wp-json\/wp\/v2\/comments?post=110245"}],"version-history":[{"count":4,"href":"https:\/\/bonsoleil.es\/es\/wp-json\/wp\/v2\/pages\/110245\/revisions"}],"predecessor-version":[{"id":127036,"href":"https:\/\/bonsoleil.es\/es\/wp-json\/wp\/v2\/pages\/110245\/revisions\/127036"}],"up":[{"embeddable":true,"href":"https:\/\/bonsoleil.es\/es\/wp-json\/wp\/v2\/pages\/110234"}],"wp:attachment":[{"href":"https:\/\/bonsoleil.es\/es\/wp-json\/wp\/v2\/media?parent=110245"}],"curies":[{"name":"wp","href":"https:\/\/api.w.org\/{rel}","templated":true}]}}