{"id":110249,"date":"2022-07-18T06:44:00","date_gmt":"2022-07-18T04:44:00","guid":{"rendered":"https:\/\/bonsoleil.es\/quienes-somos\/"},"modified":"2025-07-17T13:23:51","modified_gmt":"2025-07-17T11:23:51","slug":"nuestro-centro","status":"publish","type":"page","link":"https:\/\/bonsoleil.es\/es\/nuestro-centro\/","title":{"rendered":"Nuestro centro"},"content":{"rendered":"\n<p><strong>Lyc\u00e9e Internacional Barcelona (LIB) Bon Soleil<\/strong> es un establecimiento apol\u00edtico y laico De car\u00e1cter independiente, humanista y europeo, donde los alumnos reciben una formaci\u00f3n igualitaria, sin ning\u00fan tipo de discriminaci\u00f3n.<\/p>\n\n\n\n<p>Fundado en 1969, <strong>LIB Bon Solei<\/strong>l es un centro homologado por el Ministerio de Educaci\u00f3n Nacional y de la Juventud (MEN) de Francia, por el Ministerio de Educaci\u00f3n espa\u00f1ol y por el Departamento de Educaci\u00f3n de la Generalitat de Catalunya. Est\u00e1 autorizado para impartir el programa de Bachillerato Internacional (International Baccalaureate).<br><strong>El LIB Bon Soleil forma parte de la red de la AEFE (Agencia para la ense\u00f1anza de los franceses en el extranjero).<\/strong><\/p>\n\n\n\n<p>El objetivo de <strong>LIB Bon Soleil<\/strong> es garantizar la educaci\u00f3n integral de sus alumnos. Esta misi\u00f3n implica que estos no solo adquieran cultura o conocimientos, sino que tambi\u00e9n conozcan y apliquen un m\u00e9todo intelectual basado en un enfoque racional y cr\u00edtico, as\u00ed como en la autonom\u00eda y la experimentaci\u00f3n En LIB Bon Soleil formamos a nuestros alumnos para que se conviertan en ciudadanos del mundo y desarrollen todo su potencial, sean cuales sean sus necesidades y capacidades.<\/p>\n\n\n\n<figure class=\"wp-block-embed aligncenter is-type-video is-provider-youtube wp-block-embed-youtube wp-embed-aspect-16-9 wp-has-aspect-ratio\"><div class=\"wp-block-embed__wrapper\">\n<iframe loading=\"lazy\" title=\"Conoce la pedagog\u00eda de LIB Bon Soleil\" width=\"900\" height=\"506\" src=\"https:\/\/www.youtube.com\/embed\/-LV_JlFiXDQ?feature=oembed\" frameborder=\"0\" allow=\"accelerometer; autoplay; clipboard-write; encrypted-media; gyroscope; picture-in-picture; web-share\" referrerpolicy=\"strict-origin-when-cross-origin\" allowfullscreen><\/iframe>\n<\/div><\/figure>\n","protected":false},"excerpt":{"rendered":"Lyc\u00e9e Internacional Barcelona (LIB) Bon Soleil es un establecimiento apol\u00edtico y laico De car\u00e1cter independiente, humanista y europeo, donde los alumnos reciben una formaci\u00f3n igualitaria, sin ning\u00fan tipo de discriminaci\u00f3n. Fundado en 1969, LIB Bon Soleil es un centro homologado por el Ministerio de Educaci\u00f3n Nacional y de la Juventud (MEN) de Francia, por el&#8230; <a class=\"view-article\" href=\"https:\/\/bonsoleil.es\/es\/nuestro-centro\/\">Ver art\u00edculo<\/a>","protected":false},"author":1,"featured_media":0,"parent":0,"menu_order":0,"comment_status":"closed","ping_status":"closed","template":"","meta":{"_acf_changed":false,"footnotes":"","_links_to":"","_links_to_target":""},"class_list":["post-110249","page","type-page","status-publish","hentry"],"acf":[],"yoast_head":"<!-- This site is optimized with the Yoast SEO plugin v27.3 - https:\/\/yoast.com\/product\/yoast-seo-wordpress\/ -->\n<title>Nuestro centro - Lyc\u00e9e International Barcelona \u00b7 Bon Soleil<\/title>\n<meta name=\"robots\" content=\"index, follow, max-snippet:-1, max-image-preview:large, max-video-preview:-1\" \/>\n<link rel=\"canonical\" href=\"https:\/\/bonsoleil.es\/es\/nuestro-centro\/\" \/>\n<meta property=\"og:locale\" content=\"es_ES\" \/>\n<meta property=\"og:type\" content=\"article\" \/>\n<meta property=\"og:title\" content=\"Nuestro centro - Lyc\u00e9e International Barcelona \u00b7 Bon Soleil\" \/>\n<meta property=\"og:description\" content=\"Lyc\u00e9e Internacional Barcelona (LIB) Bon Soleil es un establecimiento apol\u00edtico y laico De car\u00e1cter independiente, humanista y europeo, donde los alumnos reciben una formaci\u00f3n igualitaria, sin ning\u00fan tipo de discriminaci\u00f3n. Fundado en 1969, LIB Bon Soleil es un centro homologado por el Ministerio de Educaci\u00f3n Nacional y de la Juventud (MEN) de Francia, por el... Ver art\u00edculo\" \/>\n<meta property=\"og:url\" content=\"https:\/\/bonsoleil.es\/es\/nuestro-centro\/\" \/>\n<meta property=\"og:site_name\" content=\"Lyc\u00e9e International Barcelona \u00b7 Bon Soleil\" \/>\n<meta property=\"article:publisher\" content=\"https:\/\/www.facebook.com\/libBonSoleil\/\" \/>\n<meta property=\"article:modified_time\" content=\"2025-07-17T11:23:51+00:00\" \/>\n<meta name=\"twitter:card\" content=\"summary_large_image\" \/>\n<meta name=\"twitter:site\" content=\"@lib_bonsoleil\" \/>\n<meta name=\"twitter:label1\" content=\"Tiempo de lectura\" \/>\n\t<meta name=\"twitter:data1\" content=\"1 minuto\" \/>\n<script type=\"application\/ld+json\" class=\"yoast-schema-graph\">{\"@context\":\"https:\\\/\\\/schema.org\",\"@graph\":[{\"@type\":\"WebPage\",\"@id\":\"https:\\\/\\\/bonsoleil.es\\\/es\\\/nuestro-centro\\\/\",\"url\":\"https:\\\/\\\/bonsoleil.es\\\/es\\\/nuestro-centro\\\/\",\"name\":\"Nuestro centro - Lyc\u00e9e International Barcelona \u00b7 Bon Soleil\",\"isPartOf\":{\"@id\":\"https:\\\/\\\/bonsoleil.es\\\/es\\\/#website\"},\"datePublished\":\"2022-07-18T04:44:00+00:00\",\"dateModified\":\"2025-07-17T11:23:51+00:00\",\"breadcrumb\":{\"@id\":\"https:\\\/\\\/bonsoleil.es\\\/es\\\/nuestro-centro\\\/#breadcrumb\"},\"inLanguage\":\"es\",\"potentialAction\":[{\"@type\":\"ReadAction\",\"target\":[\"https:\\\/\\\/bonsoleil.es\\\/es\\\/nuestro-centro\\\/\"]}]},{\"@type\":\"BreadcrumbList\",\"@id\":\"https:\\\/\\\/bonsoleil.es\\\/es\\\/nuestro-centro\\\/#breadcrumb\",\"itemListElement\":[{\"@type\":\"ListItem\",\"position\":1,\"name\":\"Portada\",\"item\":\"https:\\\/\\\/bonsoleil.es\\\/es\\\/\"},{\"@type\":\"ListItem\",\"position\":2,\"name\":\"Nuestro centro\"}]},{\"@type\":\"WebSite\",\"@id\":\"https:\\\/\\\/bonsoleil.es\\\/es\\\/#website\",\"url\":\"https:\\\/\\\/bonsoleil.es\\\/es\\\/\",\"name\":\"Lyc\u00e9e International Barcelona \u00b7 Bon Soleil\",\"description\":\"Lyc\u00e9e International Barcelona\",\"potentialAction\":[{\"@type\":\"SearchAction\",\"target\":{\"@type\":\"EntryPoint\",\"urlTemplate\":\"https:\\\/\\\/bonsoleil.es\\\/es\\\/?s={search_term_string}\"},\"query-input\":{\"@type\":\"PropertyValueSpecification\",\"valueRequired\":true,\"valueName\":\"search_term_string\"}}],\"inLanguage\":\"es\"}]}<\/script>\n<!-- \/ Yoast SEO plugin. -->","yoast_head_json":{"title":"Nuestro centro - Lyc\u00e9e International Barcelona \u00b7 Bon Soleil","robots":{"index":"index","follow":"follow","max-snippet":"max-snippet:-1","max-image-preview":"max-image-preview:large","max-video-preview":"max-video-preview:-1"},"canonical":"https:\/\/bonsoleil.es\/es\/nuestro-centro\/","og_locale":"es_ES","og_type":"article","og_title":"Nuestro centro - Lyc\u00e9e International Barcelona \u00b7 Bon Soleil","og_description":"Lyc\u00e9e Internacional Barcelona (LIB) Bon Soleil es un establecimiento apol\u00edtico y laico De car\u00e1cter independiente, humanista y europeo, donde los alumnos reciben una formaci\u00f3n igualitaria, sin ning\u00fan tipo de discriminaci\u00f3n. Fundado en 1969, LIB Bon Soleil es un centro homologado por el Ministerio de Educaci\u00f3n Nacional y de la Juventud (MEN) de Francia, por el... Ver art\u00edculo","og_url":"https:\/\/bonsoleil.es\/es\/nuestro-centro\/","og_site_name":"Lyc\u00e9e International Barcelona \u00b7 Bon Soleil","article_publisher":"https:\/\/www.facebook.com\/libBonSoleil\/","article_modified_time":"2025-07-17T11:23:51+00:00","twitter_card":"summary_large_image","twitter_site":"@lib_bonsoleil","twitter_misc":{"Tiempo de lectura":"1 minuto"},"schema":{"@context":"https:\/\/schema.org","@graph":[{"@type":"WebPage","@id":"https:\/\/bonsoleil.es\/es\/nuestro-centro\/","url":"https:\/\/bonsoleil.es\/es\/nuestro-centro\/","name":"Nuestro centro - Lyc\u00e9e International Barcelona \u00b7 Bon Soleil","isPartOf":{"@id":"https:\/\/bonsoleil.es\/es\/#website"},"datePublished":"2022-07-18T04:44:00+00:00","dateModified":"2025-07-17T11:23:51+00:00","breadcrumb":{"@id":"https:\/\/bonsoleil.es\/es\/nuestro-centro\/#breadcrumb"},"inLanguage":"es","potentialAction":[{"@type":"ReadAction","target":["https:\/\/bonsoleil.es\/es\/nuestro-centro\/"]}]},{"@type":"BreadcrumbList","@id":"https:\/\/bonsoleil.es\/es\/nuestro-centro\/#breadcrumb","itemListElement":[{"@type":"ListItem","position":1,"name":"Portada","item":"https:\/\/bonsoleil.es\/es\/"},{"@type":"ListItem","position":2,"name":"Nuestro centro"}]},{"@type":"WebSite","@id":"https:\/\/bonsoleil.es\/es\/#website","url":"https:\/\/bonsoleil.es\/es\/","name":"Lyc\u00e9e International Barcelona \u00b7 Bon Soleil","description":"Lyc\u00e9e International Barcelona","potentialAction":[{"@type":"SearchAction","target":{"@type":"EntryPoint","urlTemplate":"https:\/\/bonsoleil.es\/es\/?s={search_term_string}"},"query-input":{"@type":"PropertyValueSpecification","valueRequired":true,"valueName":"search_term_string"}}],"inLanguage":"es"}]}},"_links":{"self":[{"href":"https:\/\/bonsoleil.es\/es\/wp-json\/wp\/v2\/pages\/110249","targetHints":{"allow":["GET"]}}],"collection":[{"href":"https:\/\/bonsoleil.es\/es\/wp-json\/wp\/v2\/pages"}],"about":[{"href":"https:\/\/bonsoleil.es\/es\/wp-json\/wp\/v2\/types\/page"}],"author":[{"embeddable":true,"href":"https:\/\/bonsoleil.es\/es\/wp-json\/wp\/v2\/users\/1"}],"replies":[{"embeddable":true,"href":"https:\/\/bonsoleil.es\/es\/wp-json\/wp\/v2\/comments?post=110249"}],"version-history":[{"count":4,"href":"https:\/\/bonsoleil.es\/es\/wp-json\/wp\/v2\/pages\/110249\/revisions"}],"predecessor-version":[{"id":138673,"href":"https:\/\/bonsoleil.es\/es\/wp-json\/wp\/v2\/pages\/110249\/revisions\/138673"}],"wp:attachment":[{"href":"https:\/\/bonsoleil.es\/es\/wp-json\/wp\/v2\/media?parent=110249"}],"curies":[{"name":"wp","href":"https:\/\/api.w.org\/{rel}","templated":true}]}}