{"id":110261,"date":"2022-07-18T07:46:18","date_gmt":"2022-07-18T05:46:18","guid":{"rendered":"https:\/\/bonsoleil.es\/quienes-somos\/bienvenidos\/"},"modified":"2025-09-03T10:25:40","modified_gmt":"2025-09-03T08:25:40","slug":"bienvenidos","status":"publish","type":"page","link":"https:\/\/bonsoleil.es\/es\/nuestro-centro\/bienvenidos\/","title":{"rendered":"Bienvenida"},"content":{"rendered":"\n<div class=\"wp-block-columns is-layout-flex wp-container-core-columns-is-layout-9d6595d7 wp-block-columns-is-layout-flex\">\n<div class=\"wp-block-column is-layout-flow wp-block-column-is-layout-flow\" style=\"flex-basis:33.33%\"><div class=\"wp-block-image borbot\">\n<figure class=\"aligncenter size-full\"><img loading=\"lazy\" decoding=\"async\" width=\"334\" height=\"366\" src=\"https:\/\/bonsoleil.es\/web\/wp-content\/uploads\/2022\/07\/Laurence.jpg\" alt=\"Laurence Brault\" class=\"wp-image-109\" srcset=\"https:\/\/bonsoleil.es\/web\/wp-content\/uploads\/2022\/07\/Laurence.jpg 334w, https:\/\/bonsoleil.es\/web\/wp-content\/uploads\/2022\/07\/Laurence-250x274.jpg 250w, https:\/\/bonsoleil.es\/web\/wp-content\/uploads\/2022\/07\/Laurence-120x131.jpg 120w\" sizes=\"auto, (max-width: 334px) 100vw, 334px\" \/><\/figure>\n<\/div><\/div>\n\n\n\n<div class=\"wp-block-column is-layout-flow wp-block-column-is-layout-flow\" style=\"flex-basis:66.66%\">\n<p><strong>Queridos miembros de la comunidad educativa,<\/strong><\/p>\n\n\n\n<p>En nombre de todo el equipo pedag\u00f3gico, me complace hacerles llegar mis mejores deseos para este nuevo curso escolar 2025-2026, que comienza en un entorno renovado tras las obras de acondicionamiento realizadas durante el verano en los alrededores del centro.<\/p>\n\n\n\n<p>Conscientes de la confianza que depositan en nosotros, reafirmamos nuestro compromiso de acompa\u00f1arles, queridas familias, en la misi\u00f3n educativa que se nos encomienda. Una misi\u00f3n que asumimos con rigor, exigencia y, sobre todo, con pasi\u00f3n.<\/p>\n\n\n\n<p>M\u00e1s que nunca, seguiremos promoviendo los valores fundamentales que nos inspiran. La Escuela no se limita \u00fanicamente a los aprendizajes acad\u00e9micos: es un espacio de transmisi\u00f3n de principios compartidos, de experiencias colectivas y de construcci\u00f3n personal y social. En ella, cada alumno aprende a ejercer sus derechos, pero tambi\u00e9n a respetar las normas que hacen posible la convivencia. En este sentido, nuestro objetivo ser\u00e1 no solo sensibilizar a los estudiantes, sino tambi\u00e9n responsabilizarlos, tanto en su comportamiento dentro del aula como fuera de ella. Solo en un entorno sereno y bien cuidado cada uno podr\u00e1 crecer, desarrollarse y dar lo mejor de s\u00ed mismo.<\/p>\n\n\n\n<p>Al mismo tiempo, aspiramos a mantener la ambici\u00f3n de excelencia que nos une como comunidad. Gracias a su esfuerzo personal y al acompa\u00f1amiento de nuestros equipos, cada alumno debe poder alcanzar sus metas y realizarse plenamente, sea cual sea su camino educativo. El curso que comienza se presenta prometedor: los excelentes resultados obtenidos en 2024-2025 en las Certificaciones de idiomas, en el Diploma Nacional de la ESO, as\u00ed como en los programas Bachibac y Bachillerato Internacional, reflejan la calidad del trabajo realizado y refuerzan nuestra determinaci\u00f3n para afrontar con entusiasmo los nuevos retos pedag\u00f3gicos.<\/p>\n\n\n\n<p>Les deseo a todos un curso lleno de aprendizajes, crecimiento y logros compartidos.<\/p>\n\n\n\n<p><strong>Laurence Brault<\/strong><br>Directora<\/p>\n\n\n\n<p><\/p>\n\n\n\n<p><\/p>\n<\/div>\n<\/div>\n","protected":false},"excerpt":{"rendered":"Queridos miembros de la comunidad educativa, En nombre de todo el equipo pedag\u00f3gico, me complace hacerles llegar mis mejores deseos para este nuevo curso escolar 2025-2026, que comienza en un entorno renovado tras las obras de acondicionamiento realizadas durante el verano en los alrededores del centro. Conscientes de la confianza que depositan en nosotros, reafirmamos&#8230; <a class=\"view-article\" href=\"https:\/\/bonsoleil.es\/es\/nuestro-centro\/bienvenidos\/\">Ver art\u00edculo<\/a>","protected":false},"author":1,"featured_media":0,"parent":110249,"menu_order":0,"comment_status":"closed","ping_status":"closed","template":"","meta":{"_acf_changed":false,"footnotes":"","_links_to":"","_links_to_target":""},"class_list":["post-110261","page","type-page","status-publish","hentry"],"acf":[],"yoast_head":"<!-- This site is optimized with the Yoast SEO plugin v27.3 - https:\/\/yoast.com\/product\/yoast-seo-wordpress\/ -->\n<title>Bienvenida - Lyc\u00e9e International Barcelona \u00b7 Bon Soleil<\/title>\n<meta name=\"robots\" content=\"index, follow, max-snippet:-1, max-image-preview:large, max-video-preview:-1\" \/>\n<link rel=\"canonical\" href=\"https:\/\/bonsoleil.es\/es\/nuestro-centro\/bienvenidos\/\" \/>\n<meta property=\"og:locale\" content=\"es_ES\" \/>\n<meta property=\"og:type\" content=\"article\" \/>\n<meta property=\"og:title\" content=\"Bienvenida - Lyc\u00e9e International Barcelona \u00b7 Bon Soleil\" \/>\n<meta property=\"og:description\" content=\"Queridos miembros de la comunidad educativa, En nombre de todo el equipo pedag\u00f3gico, me complace hacerles llegar mis mejores deseos para este nuevo curso escolar 2025-2026, que comienza en un entorno renovado tras las obras de acondicionamiento realizadas durante el verano en los alrededores del centro. Conscientes de la confianza que depositan en nosotros, reafirmamos... Ver art\u00edculo\" \/>\n<meta property=\"og:url\" content=\"https:\/\/bonsoleil.es\/es\/nuestro-centro\/bienvenidos\/\" \/>\n<meta property=\"og:site_name\" content=\"Lyc\u00e9e International Barcelona \u00b7 Bon Soleil\" \/>\n<meta property=\"article:publisher\" content=\"https:\/\/www.facebook.com\/libBonSoleil\/\" \/>\n<meta property=\"article:modified_time\" content=\"2025-09-03T08:25:40+00:00\" \/>\n<meta property=\"og:image\" content=\"https:\/\/bonsoleil.es\/web\/wp-content\/uploads\/2022\/07\/Laurence.jpg\" \/>\n\t<meta property=\"og:image:width\" content=\"334\" \/>\n\t<meta property=\"og:image:height\" content=\"366\" \/>\n\t<meta property=\"og:image:type\" content=\"image\/jpeg\" \/>\n<meta name=\"twitter:card\" content=\"summary_large_image\" \/>\n<meta name=\"twitter:site\" content=\"@lib_bonsoleil\" \/>\n<meta name=\"twitter:label1\" content=\"Tiempo de lectura\" \/>\n\t<meta name=\"twitter:data1\" content=\"2 minutos\" \/>\n<script type=\"application\/ld+json\" class=\"yoast-schema-graph\">{\"@context\":\"https:\\\/\\\/schema.org\",\"@graph\":[{\"@type\":\"WebPage\",\"@id\":\"https:\\\/\\\/bonsoleil.es\\\/es\\\/nuestro-centro\\\/bienvenidos\\\/\",\"url\":\"https:\\\/\\\/bonsoleil.es\\\/es\\\/nuestro-centro\\\/bienvenidos\\\/\",\"name\":\"Bienvenida - Lyc\u00e9e International Barcelona \u00b7 Bon Soleil\",\"isPartOf\":{\"@id\":\"https:\\\/\\\/bonsoleil.es\\\/es\\\/#website\"},\"primaryImageOfPage\":{\"@id\":\"https:\\\/\\\/bonsoleil.es\\\/es\\\/nuestro-centro\\\/bienvenidos\\\/#primaryimage\"},\"image\":{\"@id\":\"https:\\\/\\\/bonsoleil.es\\\/es\\\/nuestro-centro\\\/bienvenidos\\\/#primaryimage\"},\"thumbnailUrl\":\"https:\\\/\\\/bonsoleil.es\\\/web\\\/wp-content\\\/uploads\\\/2022\\\/07\\\/Laurence.jpg\",\"datePublished\":\"2022-07-18T05:46:18+00:00\",\"dateModified\":\"2025-09-03T08:25:40+00:00\",\"breadcrumb\":{\"@id\":\"https:\\\/\\\/bonsoleil.es\\\/es\\\/nuestro-centro\\\/bienvenidos\\\/#breadcrumb\"},\"inLanguage\":\"es\",\"potentialAction\":[{\"@type\":\"ReadAction\",\"target\":[\"https:\\\/\\\/bonsoleil.es\\\/es\\\/nuestro-centro\\\/bienvenidos\\\/\"]}]},{\"@type\":\"ImageObject\",\"inLanguage\":\"es\",\"@id\":\"https:\\\/\\\/bonsoleil.es\\\/es\\\/nuestro-centro\\\/bienvenidos\\\/#primaryimage\",\"url\":\"https:\\\/\\\/bonsoleil.es\\\/web\\\/wp-content\\\/uploads\\\/2022\\\/07\\\/Laurence.jpg\",\"contentUrl\":\"https:\\\/\\\/bonsoleil.es\\\/web\\\/wp-content\\\/uploads\\\/2022\\\/07\\\/Laurence.jpg\"},{\"@type\":\"BreadcrumbList\",\"@id\":\"https:\\\/\\\/bonsoleil.es\\\/es\\\/nuestro-centro\\\/bienvenidos\\\/#breadcrumb\",\"itemListElement\":[{\"@type\":\"ListItem\",\"position\":1,\"name\":\"Portada\",\"item\":\"https:\\\/\\\/bonsoleil.es\\\/es\\\/\"},{\"@type\":\"ListItem\",\"position\":2,\"name\":\"Nuestro centro\",\"item\":\"https:\\\/\\\/bonsoleil.es\\\/es\\\/nuestro-centro\\\/\"},{\"@type\":\"ListItem\",\"position\":3,\"name\":\"Bienvenida\"}]},{\"@type\":\"WebSite\",\"@id\":\"https:\\\/\\\/bonsoleil.es\\\/es\\\/#website\",\"url\":\"https:\\\/\\\/bonsoleil.es\\\/es\\\/\",\"name\":\"Lyc\u00e9e International Barcelona \u00b7 Bon Soleil\",\"description\":\"Lyc\u00e9e International Barcelona\",\"potentialAction\":[{\"@type\":\"SearchAction\",\"target\":{\"@type\":\"EntryPoint\",\"urlTemplate\":\"https:\\\/\\\/bonsoleil.es\\\/es\\\/?s={search_term_string}\"},\"query-input\":{\"@type\":\"PropertyValueSpecification\",\"valueRequired\":true,\"valueName\":\"search_term_string\"}}],\"inLanguage\":\"es\"}]}<\/script>\n<!-- \/ Yoast SEO plugin. -->","yoast_head_json":{"title":"Bienvenida - Lyc\u00e9e International Barcelona \u00b7 Bon Soleil","robots":{"index":"index","follow":"follow","max-snippet":"max-snippet:-1","max-image-preview":"max-image-preview:large","max-video-preview":"max-video-preview:-1"},"canonical":"https:\/\/bonsoleil.es\/es\/nuestro-centro\/bienvenidos\/","og_locale":"es_ES","og_type":"article","og_title":"Bienvenida - Lyc\u00e9e International Barcelona \u00b7 Bon Soleil","og_description":"Queridos miembros de la comunidad educativa, En nombre de todo el equipo pedag\u00f3gico, me complace hacerles llegar mis mejores deseos para este nuevo curso escolar 2025-2026, que comienza en un entorno renovado tras las obras de acondicionamiento realizadas durante el verano en los alrededores del centro. Conscientes de la confianza que depositan en nosotros, reafirmamos... Ver art\u00edculo","og_url":"https:\/\/bonsoleil.es\/es\/nuestro-centro\/bienvenidos\/","og_site_name":"Lyc\u00e9e International Barcelona \u00b7 Bon Soleil","article_publisher":"https:\/\/www.facebook.com\/libBonSoleil\/","article_modified_time":"2025-09-03T08:25:40+00:00","og_image":[{"width":334,"height":366,"url":"https:\/\/bonsoleil.es\/web\/wp-content\/uploads\/2022\/07\/Laurence.jpg","type":"image\/jpeg"}],"twitter_card":"summary_large_image","twitter_site":"@lib_bonsoleil","twitter_misc":{"Tiempo de lectura":"2 minutos"},"schema":{"@context":"https:\/\/schema.org","@graph":[{"@type":"WebPage","@id":"https:\/\/bonsoleil.es\/es\/nuestro-centro\/bienvenidos\/","url":"https:\/\/bonsoleil.es\/es\/nuestro-centro\/bienvenidos\/","name":"Bienvenida - Lyc\u00e9e International Barcelona \u00b7 Bon Soleil","isPartOf":{"@id":"https:\/\/bonsoleil.es\/es\/#website"},"primaryImageOfPage":{"@id":"https:\/\/bonsoleil.es\/es\/nuestro-centro\/bienvenidos\/#primaryimage"},"image":{"@id":"https:\/\/bonsoleil.es\/es\/nuestro-centro\/bienvenidos\/#primaryimage"},"thumbnailUrl":"https:\/\/bonsoleil.es\/web\/wp-content\/uploads\/2022\/07\/Laurence.jpg","datePublished":"2022-07-18T05:46:18+00:00","dateModified":"2025-09-03T08:25:40+00:00","breadcrumb":{"@id":"https:\/\/bonsoleil.es\/es\/nuestro-centro\/bienvenidos\/#breadcrumb"},"inLanguage":"es","potentialAction":[{"@type":"ReadAction","target":["https:\/\/bonsoleil.es\/es\/nuestro-centro\/bienvenidos\/"]}]},{"@type":"ImageObject","inLanguage":"es","@id":"https:\/\/bonsoleil.es\/es\/nuestro-centro\/bienvenidos\/#primaryimage","url":"https:\/\/bonsoleil.es\/web\/wp-content\/uploads\/2022\/07\/Laurence.jpg","contentUrl":"https:\/\/bonsoleil.es\/web\/wp-content\/uploads\/2022\/07\/Laurence.jpg"},{"@type":"BreadcrumbList","@id":"https:\/\/bonsoleil.es\/es\/nuestro-centro\/bienvenidos\/#breadcrumb","itemListElement":[{"@type":"ListItem","position":1,"name":"Portada","item":"https:\/\/bonsoleil.es\/es\/"},{"@type":"ListItem","position":2,"name":"Nuestro centro","item":"https:\/\/bonsoleil.es\/es\/nuestro-centro\/"},{"@type":"ListItem","position":3,"name":"Bienvenida"}]},{"@type":"WebSite","@id":"https:\/\/bonsoleil.es\/es\/#website","url":"https:\/\/bonsoleil.es\/es\/","name":"Lyc\u00e9e International Barcelona \u00b7 Bon Soleil","description":"Lyc\u00e9e International Barcelona","potentialAction":[{"@type":"SearchAction","target":{"@type":"EntryPoint","urlTemplate":"https:\/\/bonsoleil.es\/es\/?s={search_term_string}"},"query-input":{"@type":"PropertyValueSpecification","valueRequired":true,"valueName":"search_term_string"}}],"inLanguage":"es"}]}},"_links":{"self":[{"href":"https:\/\/bonsoleil.es\/es\/wp-json\/wp\/v2\/pages\/110261","targetHints":{"allow":["GET"]}}],"collection":[{"href":"https:\/\/bonsoleil.es\/es\/wp-json\/wp\/v2\/pages"}],"about":[{"href":"https:\/\/bonsoleil.es\/es\/wp-json\/wp\/v2\/types\/page"}],"author":[{"embeddable":true,"href":"https:\/\/bonsoleil.es\/es\/wp-json\/wp\/v2\/users\/1"}],"replies":[{"embeddable":true,"href":"https:\/\/bonsoleil.es\/es\/wp-json\/wp\/v2\/comments?post=110261"}],"version-history":[{"count":11,"href":"https:\/\/bonsoleil.es\/es\/wp-json\/wp\/v2\/pages\/110261\/revisions"}],"predecessor-version":[{"id":138922,"href":"https:\/\/bonsoleil.es\/es\/wp-json\/wp\/v2\/pages\/110261\/revisions\/138922"}],"up":[{"embeddable":true,"href":"https:\/\/bonsoleil.es\/es\/wp-json\/wp\/v2\/pages\/110249"}],"wp:attachment":[{"href":"https:\/\/bonsoleil.es\/es\/wp-json\/wp\/v2\/media?parent=110261"}],"curies":[{"name":"wp","href":"https:\/\/api.w.org\/{rel}","templated":true}]}}