{"id":110299,"date":"2022-12-01T13:52:19","date_gmt":"2022-12-01T12:52:19","guid":{"rendered":"https:\/\/bonsoleil.es\/vida-escola\/uniforme-tienda-bon-soleil\/"},"modified":"2025-09-18T10:15:20","modified_gmt":"2025-09-18T08:15:20","slug":"uniforme-tienda-bon-soleil","status":"publish","type":"page","link":"https:\/\/bonsoleil.es\/es\/vida-escola\/uniforme-tienda-bon-soleil\/","title":{"rendered":"Tienda Bon Soleil"},"content":{"rendered":"\n<p>La uniformidad es obligatoria para todos nuestros alumnos. Los uniformes se pueden <strong>adquirir en nuestra tienda f\u00edsica<\/strong> dentro del centro u <strong>online<\/strong>.<\/p>\n\n\n<div class=\"wp-block-image top100\">\n<figure class=\"aligncenter size-full\"><img loading=\"lazy\" decoding=\"async\" width=\"560\" height=\"130\" src=\"https:\/\/bonsoleil.es\/web\/wp-content\/uploads\/2023\/02\/Logo_Boutique_ok.jpg\" alt=\"\" class=\"wp-image-113845\" srcset=\"https:\/\/bonsoleil.es\/web\/wp-content\/uploads\/2023\/02\/Logo_Boutique_ok.jpg 560w, https:\/\/bonsoleil.es\/web\/wp-content\/uploads\/2023\/02\/Logo_Boutique_ok-250x58.jpg 250w, https:\/\/bonsoleil.es\/web\/wp-content\/uploads\/2023\/02\/Logo_Boutique_ok-120x28.jpg 120w\" sizes=\"auto, (max-width: 560px) 100vw, 560px\" \/><\/figure>\n<\/div>\n\n\n<h4 class=\"wp-block-heading has-text-align-center bot0\">HORARIOS DE LA BOUTIQUE<\/h4>\n\n\n\n<div class=\"wp-block-columns is-layout-flex wp-container-core-columns-is-layout-9d6595d7 wp-block-columns-is-layout-flex\">\n<div class=\"wp-block-column is-layout-flow wp-block-column-is-layout-flow\">\n<p class=\"has-text-align-center\">de Mi\u00e9rcoles a Viernes:<br>de 9h00 a 12h00<br>de 15h30 a 18h00<\/p>\n\n\n\n<p class=\"has-text-align-center\">Excepto d\u00edas festivos y vacaciones escolares<br><\/p>\n\n\n\n<div class=\"wp-block-columns is-layout-flex wp-container-core-columns-is-layout-9d6595d7 wp-block-columns-is-layout-flex\">\n<div class=\"wp-block-column is-layout-flow wp-block-column-is-layout-flow\"><div class=\"wp-block-image top0\">\n<figure class=\"alignright size-thumbnail is-resized\"><a href=\"https:\/\/wa.me\/34698542591\" target=\"_blank\" rel=\"noreferrer noopener\"><img loading=\"lazy\" decoding=\"async\" width=\"150\" height=\"150\" src=\"https:\/\/bonsoleil.es\/web\/wp-content\/uploads\/2023\/08\/whatsapp-logo-transparent-free-png-150x150.webp\" alt=\"\" class=\"wp-image-113963\" style=\"width:50px;height:undefinedpx\" srcset=\"https:\/\/bonsoleil.es\/web\/wp-content\/uploads\/2023\/08\/whatsapp-logo-transparent-free-png-150x150.webp 150w, https:\/\/bonsoleil.es\/web\/wp-content\/uploads\/2023\/08\/whatsapp-logo-transparent-free-png-250x250.webp 250w, https:\/\/bonsoleil.es\/web\/wp-content\/uploads\/2023\/08\/whatsapp-logo-transparent-free-png-700x700.webp 700w, https:\/\/bonsoleil.es\/web\/wp-content\/uploads\/2023\/08\/whatsapp-logo-transparent-free-png-768x768.webp 768w, https:\/\/bonsoleil.es\/web\/wp-content\/uploads\/2023\/08\/whatsapp-logo-transparent-free-png-1536x1536.webp 1536w, https:\/\/bonsoleil.es\/web\/wp-content\/uploads\/2023\/08\/whatsapp-logo-transparent-free-png-120x120.webp 120w, https:\/\/bonsoleil.es\/web\/wp-content\/uploads\/2023\/08\/whatsapp-logo-transparent-free-png.webp 1920w\" sizes=\"auto, (max-width: 150px) 100vw, 150px\" \/><\/a><\/figure>\n<\/div><\/div>\n\n\n\n<div class=\"wp-block-column is-layout-flow wp-block-column-is-layout-flow\">\n<p><strong><a href=\"https:\/\/wa.me\/34698542591\" target=\"_blank\" rel=\"noreferrer noopener\">698542591<\/a><\/strong><\/p>\n<\/div>\n<\/div>\n<\/div>\n<\/div>\n\n\n\n<div class=\"wp-block-buttons is-content-justification-center is-layout-flex wp-container-core-buttons-is-layout-16018d1d wp-block-buttons-is-layout-flex\">\n<div class=\"wp-block-button is-style-fill-libsstore\"><a class=\"wp-block-button__link wp-element-button\" href=\"http:\/\/libs.store\/\" style=\"border-radius:0px\" target=\"_blank\" rel=\"noreferrer noopener\">VISITE NUESTRA BOUTIQUE<\/a><\/div>\n<\/div>\n\n\n\n<div class=\"wp-block-columns top60 is-layout-flex wp-container-core-columns-is-layout-9d6595d7 wp-block-columns-is-layout-flex\">\n<div class=\"wp-block-column is-layout-flow wp-block-column-is-layout-flow\">\n<figure class=\"wp-block-image size-large\"><a href=\"http:\/\/bonsoleil.es\/web\/wp-content\/uploads\/2025\/09\/productos_red_2025_tps.jpg\"><img loading=\"lazy\" decoding=\"async\" width=\"700\" height=\"495\" src=\"http:\/\/bonsoleil.es\/web\/wp-content\/uploads\/2025\/09\/productos_red_2025_tps-700x495.jpg\" alt=\"\" class=\"wp-image-138972\" srcset=\"https:\/\/bonsoleil.es\/web\/wp-content\/uploads\/2025\/09\/productos_red_2025_tps-700x495.jpg 700w, https:\/\/bonsoleil.es\/web\/wp-content\/uploads\/2025\/09\/productos_red_2025_tps-250x177.jpg 250w, https:\/\/bonsoleil.es\/web\/wp-content\/uploads\/2025\/09\/productos_red_2025_tps-768x543.jpg 768w, https:\/\/bonsoleil.es\/web\/wp-content\/uploads\/2025\/09\/productos_red_2025_tps-1536x1086.jpg 1536w, https:\/\/bonsoleil.es\/web\/wp-content\/uploads\/2025\/09\/productos_red_2025_tps-2048x1448.jpg 2048w, https:\/\/bonsoleil.es\/web\/wp-content\/uploads\/2025\/09\/productos_red_2025_tps-120x85.jpg 120w\" sizes=\"auto, (max-width: 700px) 100vw, 700px\" \/><\/a><\/figure>\n<\/div>\n\n\n\n<div class=\"wp-block-column is-layout-flow wp-block-column-is-layout-flow\">\n<figure class=\"wp-block-image size-large\"><a href=\"https:\/\/bonsoleil.es\/web\/wp-content\/uploads\/2024\/01\/productos_red_2024_maternelle.jpg\"><img loading=\"lazy\" decoding=\"async\" width=\"700\" height=\"495\" src=\"https:\/\/bonsoleil.es\/web\/wp-content\/uploads\/2024\/01\/productos_red_2024_maternelle-700x495.jpg\" alt=\"\" class=\"wp-image-120003\" srcset=\"https:\/\/bonsoleil.es\/web\/wp-content\/uploads\/2024\/01\/productos_red_2024_maternelle-700x495.jpg 700w, https:\/\/bonsoleil.es\/web\/wp-content\/uploads\/2024\/01\/productos_red_2024_maternelle-250x177.jpg 250w, https:\/\/bonsoleil.es\/web\/wp-content\/uploads\/2024\/01\/productos_red_2024_maternelle-768x543.jpg 768w, https:\/\/bonsoleil.es\/web\/wp-content\/uploads\/2024\/01\/productos_red_2024_maternelle-1536x1086.jpg 1536w, https:\/\/bonsoleil.es\/web\/wp-content\/uploads\/2024\/01\/productos_red_2024_maternelle-2048x1448.jpg 2048w, https:\/\/bonsoleil.es\/web\/wp-content\/uploads\/2024\/01\/productos_red_2024_maternelle-120x85.jpg 120w\" sizes=\"auto, (max-width: 700px) 100vw, 700px\" \/><\/a><\/figure>\n<\/div>\n<\/div>\n\n\n\n<div class=\"wp-block-columns is-layout-flex wp-container-core-columns-is-layout-9d6595d7 wp-block-columns-is-layout-flex\">\n<div class=\"wp-block-column is-layout-flow wp-block-column-is-layout-flow\">\n<figure class=\"wp-block-image size-large\"><a href=\"https:\/\/bonsoleil.es\/web\/wp-content\/uploads\/2024\/01\/productos_red_2024_elementaire.jpg\"><img loading=\"lazy\" decoding=\"async\" width=\"700\" height=\"495\" src=\"https:\/\/bonsoleil.es\/web\/wp-content\/uploads\/2024\/01\/productos_red_2024_elementaire-700x495.jpg\" alt=\"\" class=\"wp-image-119995\" srcset=\"https:\/\/bonsoleil.es\/web\/wp-content\/uploads\/2024\/01\/productos_red_2024_elementaire-700x495.jpg 700w, https:\/\/bonsoleil.es\/web\/wp-content\/uploads\/2024\/01\/productos_red_2024_elementaire-250x177.jpg 250w, https:\/\/bonsoleil.es\/web\/wp-content\/uploads\/2024\/01\/productos_red_2024_elementaire-768x543.jpg 768w, https:\/\/bonsoleil.es\/web\/wp-content\/uploads\/2024\/01\/productos_red_2024_elementaire-1536x1086.jpg 1536w, https:\/\/bonsoleil.es\/web\/wp-content\/uploads\/2024\/01\/productos_red_2024_elementaire-2048x1448.jpg 2048w, https:\/\/bonsoleil.es\/web\/wp-content\/uploads\/2024\/01\/productos_red_2024_elementaire-120x85.jpg 120w\" sizes=\"auto, (max-width: 700px) 100vw, 700px\" \/><\/a><\/figure>\n<\/div>\n\n\n\n<div class=\"wp-block-column is-layout-flow wp-block-column-is-layout-flow\">\n<figure class=\"wp-block-image size-large\"><a href=\"https:\/\/bonsoleil.es\/web\/wp-content\/uploads\/2024\/01\/productos_red_2024_college.jpg\"><img loading=\"lazy\" decoding=\"async\" width=\"700\" height=\"495\" src=\"https:\/\/bonsoleil.es\/web\/wp-content\/uploads\/2024\/01\/productos_red_2024_college-700x495.jpg\" alt=\"\" class=\"wp-image-119991\" srcset=\"https:\/\/bonsoleil.es\/web\/wp-content\/uploads\/2024\/01\/productos_red_2024_college-700x495.jpg 700w, https:\/\/bonsoleil.es\/web\/wp-content\/uploads\/2024\/01\/productos_red_2024_college-250x177.jpg 250w, https:\/\/bonsoleil.es\/web\/wp-content\/uploads\/2024\/01\/productos_red_2024_college-768x543.jpg 768w, https:\/\/bonsoleil.es\/web\/wp-content\/uploads\/2024\/01\/productos_red_2024_college-1536x1086.jpg 1536w, https:\/\/bonsoleil.es\/web\/wp-content\/uploads\/2024\/01\/productos_red_2024_college-2048x1448.jpg 2048w, https:\/\/bonsoleil.es\/web\/wp-content\/uploads\/2024\/01\/productos_red_2024_college-120x85.jpg 120w\" sizes=\"auto, (max-width: 700px) 100vw, 700px\" \/><\/a><\/figure>\n<\/div>\n<\/div>\n\n\n\n<div class=\"wp-block-columns is-layout-flex wp-container-core-columns-is-layout-9d6595d7 wp-block-columns-is-layout-flex\">\n<div class=\"wp-block-column is-layout-flow wp-block-column-is-layout-flow\">\n<figure class=\"wp-block-image size-large\"><a href=\"https:\/\/bonsoleil.es\/web\/wp-content\/uploads\/2024\/01\/productos_red_2024_lycee.jpg\"><img loading=\"lazy\" decoding=\"async\" width=\"700\" height=\"495\" src=\"https:\/\/bonsoleil.es\/web\/wp-content\/uploads\/2024\/01\/productos_red_2024_lycee-700x495.jpg\" alt=\"\" class=\"wp-image-119999\" srcset=\"https:\/\/bonsoleil.es\/web\/wp-content\/uploads\/2024\/01\/productos_red_2024_lycee-700x495.jpg 700w, https:\/\/bonsoleil.es\/web\/wp-content\/uploads\/2024\/01\/productos_red_2024_lycee-250x177.jpg 250w, https:\/\/bonsoleil.es\/web\/wp-content\/uploads\/2024\/01\/productos_red_2024_lycee-768x543.jpg 768w, https:\/\/bonsoleil.es\/web\/wp-content\/uploads\/2024\/01\/productos_red_2024_lycee-1536x1086.jpg 1536w, https:\/\/bonsoleil.es\/web\/wp-content\/uploads\/2024\/01\/productos_red_2024_lycee-2048x1448.jpg 2048w, https:\/\/bonsoleil.es\/web\/wp-content\/uploads\/2024\/01\/productos_red_2024_lycee-120x85.jpg 120w\" sizes=\"auto, (max-width: 700px) 100vw, 700px\" \/><\/a><\/figure>\n<\/div>\n\n\n\n<div class=\"wp-block-column is-layout-flow wp-block-column-is-layout-flow\"><\/div>\n<\/div>\n","protected":false},"excerpt":{"rendered":"La uniformidad es obligatoria para todos nuestros alumnos. Los uniformes se pueden adquirir en nuestra tienda f\u00edsica dentro del centro u online. HORARIOS DE LA BOUTIQUE de Mi\u00e9rcoles a Viernes:de 9h00 a 12h00de 15h30 a 18h00 Excepto d\u00edas festivos y vacaciones escolares 698542591","protected":false},"author":1,"featured_media":0,"parent":110276,"menu_order":0,"comment_status":"closed","ping_status":"closed","template":"","meta":{"_acf_changed":false,"footnotes":"","_links_to":"","_links_to_target":""},"class_list":["post-110299","page","type-page","status-publish","hentry"],"acf":[],"yoast_head":"<!-- This site is optimized with the Yoast SEO plugin v27.3 - https:\/\/yoast.com\/product\/yoast-seo-wordpress\/ -->\n<title>Tienda Bon Soleil - Lyc\u00e9e International Barcelona \u00b7 Bon Soleil<\/title>\n<meta name=\"robots\" content=\"index, follow, max-snippet:-1, max-image-preview:large, max-video-preview:-1\" \/>\n<link rel=\"canonical\" href=\"https:\/\/bonsoleil.es\/es\/vida-escola\/uniforme-tienda-bon-soleil\/\" \/>\n<meta property=\"og:locale\" content=\"es_ES\" \/>\n<meta property=\"og:type\" content=\"article\" \/>\n<meta property=\"og:title\" content=\"Tienda Bon Soleil - Lyc\u00e9e International Barcelona \u00b7 Bon Soleil\" \/>\n<meta property=\"og:description\" content=\"La uniformidad es obligatoria para todos nuestros alumnos. Los uniformes se pueden adquirir en nuestra tienda f\u00edsica dentro del centro u online. HORARIOS DE LA BOUTIQUE de Mi\u00e9rcoles a Viernes:de 9h00 a 12h00de 15h30 a 18h00 Excepto d\u00edas festivos y vacaciones escolares 698542591\" \/>\n<meta property=\"og:url\" content=\"https:\/\/bonsoleil.es\/es\/vida-escola\/uniforme-tienda-bon-soleil\/\" \/>\n<meta property=\"og:site_name\" content=\"Lyc\u00e9e International Barcelona \u00b7 Bon Soleil\" \/>\n<meta property=\"article:publisher\" content=\"https:\/\/www.facebook.com\/libBonSoleil\/\" \/>\n<meta property=\"article:modified_time\" content=\"2025-09-18T08:15:20+00:00\" \/>\n<meta property=\"og:image\" content=\"https:\/\/bonsoleil.es\/web\/wp-content\/uploads\/2023\/02\/Logo_Boutique_ok.jpg\" \/>\n\t<meta property=\"og:image:width\" content=\"560\" \/>\n\t<meta property=\"og:image:height\" content=\"130\" \/>\n\t<meta property=\"og:image:type\" content=\"image\/jpeg\" \/>\n<meta name=\"twitter:card\" content=\"summary_large_image\" \/>\n<meta name=\"twitter:site\" content=\"@lib_bonsoleil\" \/>\n<meta name=\"twitter:label1\" content=\"Tiempo de lectura\" \/>\n\t<meta name=\"twitter:data1\" content=\"2 minutos\" \/>\n<script type=\"application\/ld+json\" class=\"yoast-schema-graph\">{\"@context\":\"https:\\\/\\\/schema.org\",\"@graph\":[{\"@type\":\"WebPage\",\"@id\":\"https:\\\/\\\/bonsoleil.es\\\/es\\\/vida-escola\\\/uniforme-tienda-bon-soleil\\\/\",\"url\":\"https:\\\/\\\/bonsoleil.es\\\/es\\\/vida-escola\\\/uniforme-tienda-bon-soleil\\\/\",\"name\":\"Tienda Bon Soleil - Lyc\u00e9e International Barcelona \u00b7 Bon Soleil\",\"isPartOf\":{\"@id\":\"https:\\\/\\\/bonsoleil.es\\\/es\\\/#website\"},\"primaryImageOfPage\":{\"@id\":\"https:\\\/\\\/bonsoleil.es\\\/es\\\/vida-escola\\\/uniforme-tienda-bon-soleil\\\/#primaryimage\"},\"image\":{\"@id\":\"https:\\\/\\\/bonsoleil.es\\\/es\\\/vida-escola\\\/uniforme-tienda-bon-soleil\\\/#primaryimage\"},\"thumbnailUrl\":\"https:\\\/\\\/bonsoleil.es\\\/web\\\/wp-content\\\/uploads\\\/2023\\\/02\\\/Logo_Boutique_ok.jpg\",\"datePublished\":\"2022-12-01T12:52:19+00:00\",\"dateModified\":\"2025-09-18T08:15:20+00:00\",\"breadcrumb\":{\"@id\":\"https:\\\/\\\/bonsoleil.es\\\/es\\\/vida-escola\\\/uniforme-tienda-bon-soleil\\\/#breadcrumb\"},\"inLanguage\":\"es\",\"potentialAction\":[{\"@type\":\"ReadAction\",\"target\":[\"https:\\\/\\\/bonsoleil.es\\\/es\\\/vida-escola\\\/uniforme-tienda-bon-soleil\\\/\"]}]},{\"@type\":\"ImageObject\",\"inLanguage\":\"es\",\"@id\":\"https:\\\/\\\/bonsoleil.es\\\/es\\\/vida-escola\\\/uniforme-tienda-bon-soleil\\\/#primaryimage\",\"url\":\"https:\\\/\\\/bonsoleil.es\\\/web\\\/wp-content\\\/uploads\\\/2023\\\/02\\\/Logo_Boutique_ok.jpg\",\"contentUrl\":\"https:\\\/\\\/bonsoleil.es\\\/web\\\/wp-content\\\/uploads\\\/2023\\\/02\\\/Logo_Boutique_ok.jpg\"},{\"@type\":\"BreadcrumbList\",\"@id\":\"https:\\\/\\\/bonsoleil.es\\\/es\\\/vida-escola\\\/uniforme-tienda-bon-soleil\\\/#breadcrumb\",\"itemListElement\":[{\"@type\":\"ListItem\",\"position\":1,\"name\":\"Portada\",\"item\":\"https:\\\/\\\/bonsoleil.es\\\/es\\\/\"},{\"@type\":\"ListItem\",\"position\":2,\"name\":\"Vida Escolar\",\"item\":\"https:\\\/\\\/bonsoleil.es\\\/es\\\/vida-escola\\\/\"},{\"@type\":\"ListItem\",\"position\":3,\"name\":\"Tienda Bon Soleil\"}]},{\"@type\":\"WebSite\",\"@id\":\"https:\\\/\\\/bonsoleil.es\\\/es\\\/#website\",\"url\":\"https:\\\/\\\/bonsoleil.es\\\/es\\\/\",\"name\":\"Lyc\u00e9e International Barcelona \u00b7 Bon Soleil\",\"description\":\"Lyc\u00e9e International Barcelona\",\"potentialAction\":[{\"@type\":\"SearchAction\",\"target\":{\"@type\":\"EntryPoint\",\"urlTemplate\":\"https:\\\/\\\/bonsoleil.es\\\/es\\\/?s={search_term_string}\"},\"query-input\":{\"@type\":\"PropertyValueSpecification\",\"valueRequired\":true,\"valueName\":\"search_term_string\"}}],\"inLanguage\":\"es\"}]}<\/script>\n<!-- \/ Yoast SEO plugin. -->","yoast_head_json":{"title":"Tienda Bon Soleil - Lyc\u00e9e International Barcelona \u00b7 Bon Soleil","robots":{"index":"index","follow":"follow","max-snippet":"max-snippet:-1","max-image-preview":"max-image-preview:large","max-video-preview":"max-video-preview:-1"},"canonical":"https:\/\/bonsoleil.es\/es\/vida-escola\/uniforme-tienda-bon-soleil\/","og_locale":"es_ES","og_type":"article","og_title":"Tienda Bon Soleil - Lyc\u00e9e International Barcelona \u00b7 Bon Soleil","og_description":"La uniformidad es obligatoria para todos nuestros alumnos. Los uniformes se pueden adquirir en nuestra tienda f\u00edsica dentro del centro u online. HORARIOS DE LA BOUTIQUE de Mi\u00e9rcoles a Viernes:de 9h00 a 12h00de 15h30 a 18h00 Excepto d\u00edas festivos y vacaciones escolares 698542591","og_url":"https:\/\/bonsoleil.es\/es\/vida-escola\/uniforme-tienda-bon-soleil\/","og_site_name":"Lyc\u00e9e International Barcelona \u00b7 Bon Soleil","article_publisher":"https:\/\/www.facebook.com\/libBonSoleil\/","article_modified_time":"2025-09-18T08:15:20+00:00","og_image":[{"width":560,"height":130,"url":"https:\/\/bonsoleil.es\/web\/wp-content\/uploads\/2023\/02\/Logo_Boutique_ok.jpg","type":"image\/jpeg"}],"twitter_card":"summary_large_image","twitter_site":"@lib_bonsoleil","twitter_misc":{"Tiempo de lectura":"2 minutos"},"schema":{"@context":"https:\/\/schema.org","@graph":[{"@type":"WebPage","@id":"https:\/\/bonsoleil.es\/es\/vida-escola\/uniforme-tienda-bon-soleil\/","url":"https:\/\/bonsoleil.es\/es\/vida-escola\/uniforme-tienda-bon-soleil\/","name":"Tienda Bon Soleil - Lyc\u00e9e International Barcelona \u00b7 Bon Soleil","isPartOf":{"@id":"https:\/\/bonsoleil.es\/es\/#website"},"primaryImageOfPage":{"@id":"https:\/\/bonsoleil.es\/es\/vida-escola\/uniforme-tienda-bon-soleil\/#primaryimage"},"image":{"@id":"https:\/\/bonsoleil.es\/es\/vida-escola\/uniforme-tienda-bon-soleil\/#primaryimage"},"thumbnailUrl":"https:\/\/bonsoleil.es\/web\/wp-content\/uploads\/2023\/02\/Logo_Boutique_ok.jpg","datePublished":"2022-12-01T12:52:19+00:00","dateModified":"2025-09-18T08:15:20+00:00","breadcrumb":{"@id":"https:\/\/bonsoleil.es\/es\/vida-escola\/uniforme-tienda-bon-soleil\/#breadcrumb"},"inLanguage":"es","potentialAction":[{"@type":"ReadAction","target":["https:\/\/bonsoleil.es\/es\/vida-escola\/uniforme-tienda-bon-soleil\/"]}]},{"@type":"ImageObject","inLanguage":"es","@id":"https:\/\/bonsoleil.es\/es\/vida-escola\/uniforme-tienda-bon-soleil\/#primaryimage","url":"https:\/\/bonsoleil.es\/web\/wp-content\/uploads\/2023\/02\/Logo_Boutique_ok.jpg","contentUrl":"https:\/\/bonsoleil.es\/web\/wp-content\/uploads\/2023\/02\/Logo_Boutique_ok.jpg"},{"@type":"BreadcrumbList","@id":"https:\/\/bonsoleil.es\/es\/vida-escola\/uniforme-tienda-bon-soleil\/#breadcrumb","itemListElement":[{"@type":"ListItem","position":1,"name":"Portada","item":"https:\/\/bonsoleil.es\/es\/"},{"@type":"ListItem","position":2,"name":"Vida Escolar","item":"https:\/\/bonsoleil.es\/es\/vida-escola\/"},{"@type":"ListItem","position":3,"name":"Tienda Bon Soleil"}]},{"@type":"WebSite","@id":"https:\/\/bonsoleil.es\/es\/#website","url":"https:\/\/bonsoleil.es\/es\/","name":"Lyc\u00e9e International Barcelona \u00b7 Bon Soleil","description":"Lyc\u00e9e International Barcelona","potentialAction":[{"@type":"SearchAction","target":{"@type":"EntryPoint","urlTemplate":"https:\/\/bonsoleil.es\/es\/?s={search_term_string}"},"query-input":{"@type":"PropertyValueSpecification","valueRequired":true,"valueName":"search_term_string"}}],"inLanguage":"es"}]}},"_links":{"self":[{"href":"https:\/\/bonsoleil.es\/es\/wp-json\/wp\/v2\/pages\/110299","targetHints":{"allow":["GET"]}}],"collection":[{"href":"https:\/\/bonsoleil.es\/es\/wp-json\/wp\/v2\/pages"}],"about":[{"href":"https:\/\/bonsoleil.es\/es\/wp-json\/wp\/v2\/types\/page"}],"author":[{"embeddable":true,"href":"https:\/\/bonsoleil.es\/es\/wp-json\/wp\/v2\/users\/1"}],"replies":[{"embeddable":true,"href":"https:\/\/bonsoleil.es\/es\/wp-json\/wp\/v2\/comments?post=110299"}],"version-history":[{"count":38,"href":"https:\/\/bonsoleil.es\/es\/wp-json\/wp\/v2\/pages\/110299\/revisions"}],"predecessor-version":[{"id":138974,"href":"https:\/\/bonsoleil.es\/es\/wp-json\/wp\/v2\/pages\/110299\/revisions\/138974"}],"up":[{"embeddable":true,"href":"https:\/\/bonsoleil.es\/es\/wp-json\/wp\/v2\/pages\/110276"}],"wp:attachment":[{"href":"https:\/\/bonsoleil.es\/es\/wp-json\/wp\/v2\/media?parent=110299"}],"curies":[{"name":"wp","href":"https:\/\/api.w.org\/{rel}","templated":true}]}}