{"id":110301,"date":"2022-09-23T12:11:47","date_gmt":"2022-09-23T10:11:47","guid":{"rendered":"https:\/\/bonsoleil.es\/vida-escola\/transporte-escolar\/"},"modified":"2025-07-14T14:51:10","modified_gmt":"2025-07-14T12:51:10","slug":"transporte-escolar","status":"publish","type":"page","link":"https:\/\/bonsoleil.es\/es\/vida-escola\/transporte-escolar\/","title":{"rendered":"Transporte escolar"},"content":{"rendered":"\n<div class=\"wp-block-columns is-layout-flex wp-container-core-columns-is-layout-9d6595d7 wp-block-columns-is-layout-flex\">\n<div class=\"wp-block-column is-layout-flow wp-block-column-is-layout-flow\" style=\"flex-basis:33.33%\">\n<figure class=\"wp-block-image size-full\"><img loading=\"lazy\" decoding=\"async\" width=\"498\" height=\"315\" src=\"https:\/\/bonsoleil.es\/web\/wp-content\/uploads\/2022\/12\/bus.jpg\" alt=\"\" class=\"wp-image-362\" srcset=\"https:\/\/bonsoleil.es\/web\/wp-content\/uploads\/2022\/12\/bus.jpg 498w, https:\/\/bonsoleil.es\/web\/wp-content\/uploads\/2022\/12\/bus-250x158.jpg 250w, https:\/\/bonsoleil.es\/web\/wp-content\/uploads\/2022\/12\/bus-120x76.jpg 120w\" sizes=\"auto, (max-width: 498px) 100vw, 498px\" \/><\/figure>\n<\/div>\n\n\n\n<div class=\"wp-block-column is-layout-flow wp-block-column-is-layout-flow\" style=\"flex-basis:66.66%\">\n<p><strong>LIB Bon Soleil<\/strong> propone diferentes itinerarios desde <strong>Barcelona, Sitges, Cornell\u00e0 y Castelldefels<\/strong> y ofrece un servicio de gran calidad a todas las familias, desde los primeros a\u00f1os de educaci\u00f3n infantil hasta el bachillerato.<\/p>\n\n\n\n<p>Para m\u00e1s informaci\u00f3n, contactar con <a href=\"mailto:eguene@bonsoleil.es\" target=\"_blank\" rel=\"noreferrer noopener\">eguene@bonsoleil.es<\/a><\/p>\n\n\n\n<p>Para solicitar el servicio de transporte escolar, basta rellenar el siguiente formulario:<\/p>\n\n\n\n<div class=\"wp-block-group\"><div class=\"wp-block-group__inner-container is-layout-constrained wp-block-group-is-layout-constrained\">\n<div class=\"wp-block-columns is-layout-flex wp-container-core-columns-is-layout-9d6595d7 wp-block-columns-is-layout-flex\">\n<div class=\"wp-block-column is-layout-flow wp-block-column-is-layout-flow\">\n<div class=\"wp-block-buttons is-layout-flex wp-block-buttons-is-layout-flex\">\n<div class=\"wp-block-button is-style-fill\"><a class=\"wp-block-button__link wp-element-button\" href=\"https:\/\/bonsoleil.es\/web\/wp-content\/themes\/bonsoleilre\/pdf\/HORARIOS_BUS_2025_2026.pdf\" style=\"border-radius:0px\" target=\"_blank\" rel=\"noreferrer noopener\">DETALLE HORARIO DE LAS PARADAS<\/a><\/div>\n<\/div>\n<\/div>\n\n\n\n<div class=\"wp-block-column is-layout-flow wp-block-column-is-layout-flow\">\n<div class=\"wp-block-buttons is-layout-flex wp-block-buttons-is-layout-flex\">\n<div class=\"wp-block-button is-style-fill\"><a class=\"wp-block-button__link wp-element-button\" href=\"https:\/\/forms.gle\/J4UcX9esBUMrdsv9A\" style=\"border-radius:0px\" target=\"_blank\" rel=\"noreferrer noopener\">FORMULARIO<\/a><\/div>\n<\/div>\n<\/div>\n<\/div>\n<\/div><\/div>\n\n\n\n<p>Mapa de los itinerarios propuestos:<\/p>\n<\/div>\n<\/div>\n\n\n\n<h4 class=\"wp-block-heading\">Ruta 1 &#8211; SANT PERE DE RIBES \/ SITGES \/ CASTELLDEFELS<\/h4>\n\n\n\n<iframe loading=\"lazy\" src=\"https:\/\/www.google.com\/maps\/d\/embed?mid=12gwlVQCvmMqSewBRbw2_1GXqw0k&#038;hl=es&#038;ehbc=2E312F\" width=\"100%\" height=\"480\" style=\"border:none\"><\/iframe>\n\n\n\n<h4 class=\"wp-block-heading\">Ruta 2 &#8211; BARCELONA \/ EL PRAT \/ GAV\u00c0 MAR \/ CASTELLDEFELS<\/h4>\n\n\n\n<iframe loading=\"lazy\" src=\"https:\/\/www.google.com\/maps\/d\/embed?mid=1HTeih-_EimE-FZe_QpijcIaHj-8&#038;ehbc=2E312F\" width=\"100%\" height=\"480\" style=\"border:none\"><\/iframe>\n\n\n\n<h4 class=\"wp-block-heading\">Ruta 3 &#8211; CORNELL\u00c0 \/ SANT BOI \/ VILADECANS \/ GAV\u00c0 \/ CASTELLDEFELS<\/h4>\n\n\n\n<iframe loading=\"lazy\" src=\"https:\/\/www.google.com\/maps\/d\/embed?mid=1VBJ2YqaJUqjCrOUgjTOHryrt474&#038;ehbc=2E312F\" width=\"100%\" height=\"480\" style=\"border:none\"><\/iframe>\n","protected":false},"excerpt":{"rendered":"LIB Bon Soleil propone diferentes itinerarios desde Barcelona, Sitges, Cornell\u00e0 y Castelldefels y ofrece un servicio de gran calidad a todas las familias, desde los primeros a\u00f1os de educaci\u00f3n infantil hasta el bachillerato. Para m\u00e1s informaci\u00f3n, contactar con eguene@bonsoleil.es Para solicitar el servicio de transporte escolar, basta rellenar el siguiente formulario: Mapa de los itinerarios&#8230; <a class=\"view-article\" href=\"https:\/\/bonsoleil.es\/es\/vida-escola\/transporte-escolar\/\">Ver art\u00edculo<\/a>","protected":false},"author":1,"featured_media":0,"parent":110276,"menu_order":0,"comment_status":"closed","ping_status":"closed","template":"","meta":{"_acf_changed":false,"footnotes":"","_links_to":"","_links_to_target":""},"class_list":["post-110301","page","type-page","status-publish","hentry"],"acf":[],"yoast_head":"<!-- This site is optimized with the Yoast SEO plugin v27.2 - https:\/\/yoast.com\/product\/yoast-seo-wordpress\/ -->\n<title>Transporte escolar - Lyc\u00e9e International Barcelona \u00b7 Bon Soleil<\/title>\n<meta name=\"robots\" content=\"index, follow, max-snippet:-1, max-image-preview:large, max-video-preview:-1\" \/>\n<link rel=\"canonical\" href=\"https:\/\/bonsoleil.es\/es\/vida-escola\/transporte-escolar\/\" \/>\n<meta property=\"og:locale\" content=\"es_ES\" \/>\n<meta property=\"og:type\" content=\"article\" \/>\n<meta property=\"og:title\" content=\"Transporte escolar - Lyc\u00e9e International Barcelona \u00b7 Bon Soleil\" \/>\n<meta property=\"og:description\" content=\"LIB Bon Soleil propone diferentes itinerarios desde Barcelona, Sitges, Cornell\u00e0 y Castelldefels y ofrece un servicio de gran calidad a todas las familias, desde los primeros a\u00f1os de educaci\u00f3n infantil hasta el bachillerato. Para m\u00e1s informaci\u00f3n, contactar con eguene@bonsoleil.es Para solicitar el servicio de transporte escolar, basta rellenar el siguiente formulario: Mapa de los itinerarios... Ver art\u00edculo\" \/>\n<meta property=\"og:url\" content=\"https:\/\/bonsoleil.es\/es\/vida-escola\/transporte-escolar\/\" \/>\n<meta property=\"og:site_name\" content=\"Lyc\u00e9e International Barcelona \u00b7 Bon Soleil\" \/>\n<meta property=\"article:publisher\" content=\"https:\/\/www.facebook.com\/libBonSoleil\/\" \/>\n<meta property=\"article:modified_time\" content=\"2025-07-14T12:51:10+00:00\" \/>\n<meta property=\"og:image\" content=\"https:\/\/bonsoleil.es\/web\/wp-content\/uploads\/2022\/12\/bus.jpg\" \/>\n<meta name=\"twitter:card\" content=\"summary_large_image\" \/>\n<meta name=\"twitter:site\" content=\"@lib_bonsoleil\" \/>\n<meta name=\"twitter:label1\" content=\"Tiempo de lectura\" \/>\n\t<meta name=\"twitter:data1\" content=\"1 minuto\" \/>\n<script type=\"application\/ld+json\" class=\"yoast-schema-graph\">{\"@context\":\"https:\/\/schema.org\",\"@graph\":[{\"@type\":\"WebPage\",\"@id\":\"https:\/\/bonsoleil.es\/es\/vida-escola\/transporte-escolar\/\",\"url\":\"https:\/\/bonsoleil.es\/es\/vida-escola\/transporte-escolar\/\",\"name\":\"Transporte escolar - Lyc\u00e9e International Barcelona \u00b7 Bon Soleil\",\"isPartOf\":{\"@id\":\"https:\/\/bonsoleil.es\/es\/#website\"},\"primaryImageOfPage\":{\"@id\":\"https:\/\/bonsoleil.es\/es\/vida-escola\/transporte-escolar\/#primaryimage\"},\"image\":{\"@id\":\"https:\/\/bonsoleil.es\/es\/vida-escola\/transporte-escolar\/#primaryimage\"},\"thumbnailUrl\":\"https:\/\/bonsoleil.es\/web\/wp-content\/uploads\/2022\/12\/bus.jpg\",\"datePublished\":\"2022-09-23T10:11:47+00:00\",\"dateModified\":\"2025-07-14T12:51:10+00:00\",\"breadcrumb\":{\"@id\":\"https:\/\/bonsoleil.es\/es\/vida-escola\/transporte-escolar\/#breadcrumb\"},\"inLanguage\":\"es\",\"potentialAction\":[{\"@type\":\"ReadAction\",\"target\":[\"https:\/\/bonsoleil.es\/es\/vida-escola\/transporte-escolar\/\"]}]},{\"@type\":\"ImageObject\",\"inLanguage\":\"es\",\"@id\":\"https:\/\/bonsoleil.es\/es\/vida-escola\/transporte-escolar\/#primaryimage\",\"url\":\"https:\/\/bonsoleil.es\/web\/wp-content\/uploads\/2022\/12\/bus.jpg\",\"contentUrl\":\"https:\/\/bonsoleil.es\/web\/wp-content\/uploads\/2022\/12\/bus.jpg\"},{\"@type\":\"BreadcrumbList\",\"@id\":\"https:\/\/bonsoleil.es\/es\/vida-escola\/transporte-escolar\/#breadcrumb\",\"itemListElement\":[{\"@type\":\"ListItem\",\"position\":1,\"name\":\"Portada\",\"item\":\"https:\/\/bonsoleil.es\/es\/\"},{\"@type\":\"ListItem\",\"position\":2,\"name\":\"Vida Escolar\",\"item\":\"https:\/\/bonsoleil.es\/es\/vida-escola\/\"},{\"@type\":\"ListItem\",\"position\":3,\"name\":\"Transporte escolar\"}]},{\"@type\":\"WebSite\",\"@id\":\"https:\/\/bonsoleil.es\/es\/#website\",\"url\":\"https:\/\/bonsoleil.es\/es\/\",\"name\":\"Lyc\u00e9e International Barcelona \u00b7 Bon Soleil\",\"description\":\"Lyc\u00e9e International Barcelona\",\"potentialAction\":[{\"@type\":\"SearchAction\",\"target\":{\"@type\":\"EntryPoint\",\"urlTemplate\":\"https:\/\/bonsoleil.es\/es\/?s={search_term_string}\"},\"query-input\":{\"@type\":\"PropertyValueSpecification\",\"valueRequired\":true,\"valueName\":\"search_term_string\"}}],\"inLanguage\":\"es\"}]}<\/script>\n<!-- \/ Yoast SEO plugin. -->","yoast_head_json":{"title":"Transporte escolar - Lyc\u00e9e International Barcelona \u00b7 Bon Soleil","robots":{"index":"index","follow":"follow","max-snippet":"max-snippet:-1","max-image-preview":"max-image-preview:large","max-video-preview":"max-video-preview:-1"},"canonical":"https:\/\/bonsoleil.es\/es\/vida-escola\/transporte-escolar\/","og_locale":"es_ES","og_type":"article","og_title":"Transporte escolar - Lyc\u00e9e International Barcelona \u00b7 Bon Soleil","og_description":"LIB Bon Soleil propone diferentes itinerarios desde Barcelona, Sitges, Cornell\u00e0 y Castelldefels y ofrece un servicio de gran calidad a todas las familias, desde los primeros a\u00f1os de educaci\u00f3n infantil hasta el bachillerato. Para m\u00e1s informaci\u00f3n, contactar con eguene@bonsoleil.es Para solicitar el servicio de transporte escolar, basta rellenar el siguiente formulario: Mapa de los itinerarios... Ver art\u00edculo","og_url":"https:\/\/bonsoleil.es\/es\/vida-escola\/transporte-escolar\/","og_site_name":"Lyc\u00e9e International Barcelona \u00b7 Bon Soleil","article_publisher":"https:\/\/www.facebook.com\/libBonSoleil\/","article_modified_time":"2025-07-14T12:51:10+00:00","og_image":[{"url":"https:\/\/bonsoleil.es\/web\/wp-content\/uploads\/2022\/12\/bus.jpg","type":"","width":"","height":""}],"twitter_card":"summary_large_image","twitter_site":"@lib_bonsoleil","twitter_misc":{"Tiempo de lectura":"1 minuto"},"schema":{"@context":"https:\/\/schema.org","@graph":[{"@type":"WebPage","@id":"https:\/\/bonsoleil.es\/es\/vida-escola\/transporte-escolar\/","url":"https:\/\/bonsoleil.es\/es\/vida-escola\/transporte-escolar\/","name":"Transporte escolar - Lyc\u00e9e International Barcelona \u00b7 Bon Soleil","isPartOf":{"@id":"https:\/\/bonsoleil.es\/es\/#website"},"primaryImageOfPage":{"@id":"https:\/\/bonsoleil.es\/es\/vida-escola\/transporte-escolar\/#primaryimage"},"image":{"@id":"https:\/\/bonsoleil.es\/es\/vida-escola\/transporte-escolar\/#primaryimage"},"thumbnailUrl":"https:\/\/bonsoleil.es\/web\/wp-content\/uploads\/2022\/12\/bus.jpg","datePublished":"2022-09-23T10:11:47+00:00","dateModified":"2025-07-14T12:51:10+00:00","breadcrumb":{"@id":"https:\/\/bonsoleil.es\/es\/vida-escola\/transporte-escolar\/#breadcrumb"},"inLanguage":"es","potentialAction":[{"@type":"ReadAction","target":["https:\/\/bonsoleil.es\/es\/vida-escola\/transporte-escolar\/"]}]},{"@type":"ImageObject","inLanguage":"es","@id":"https:\/\/bonsoleil.es\/es\/vida-escola\/transporte-escolar\/#primaryimage","url":"https:\/\/bonsoleil.es\/web\/wp-content\/uploads\/2022\/12\/bus.jpg","contentUrl":"https:\/\/bonsoleil.es\/web\/wp-content\/uploads\/2022\/12\/bus.jpg"},{"@type":"BreadcrumbList","@id":"https:\/\/bonsoleil.es\/es\/vida-escola\/transporte-escolar\/#breadcrumb","itemListElement":[{"@type":"ListItem","position":1,"name":"Portada","item":"https:\/\/bonsoleil.es\/es\/"},{"@type":"ListItem","position":2,"name":"Vida Escolar","item":"https:\/\/bonsoleil.es\/es\/vida-escola\/"},{"@type":"ListItem","position":3,"name":"Transporte escolar"}]},{"@type":"WebSite","@id":"https:\/\/bonsoleil.es\/es\/#website","url":"https:\/\/bonsoleil.es\/es\/","name":"Lyc\u00e9e International Barcelona \u00b7 Bon Soleil","description":"Lyc\u00e9e International Barcelona","potentialAction":[{"@type":"SearchAction","target":{"@type":"EntryPoint","urlTemplate":"https:\/\/bonsoleil.es\/es\/?s={search_term_string}"},"query-input":{"@type":"PropertyValueSpecification","valueRequired":true,"valueName":"search_term_string"}}],"inLanguage":"es"}]}},"_links":{"self":[{"href":"https:\/\/bonsoleil.es\/es\/wp-json\/wp\/v2\/pages\/110301","targetHints":{"allow":["GET"]}}],"collection":[{"href":"https:\/\/bonsoleil.es\/es\/wp-json\/wp\/v2\/pages"}],"about":[{"href":"https:\/\/bonsoleil.es\/es\/wp-json\/wp\/v2\/types\/page"}],"author":[{"embeddable":true,"href":"https:\/\/bonsoleil.es\/es\/wp-json\/wp\/v2\/users\/1"}],"replies":[{"embeddable":true,"href":"https:\/\/bonsoleil.es\/es\/wp-json\/wp\/v2\/comments?post=110301"}],"version-history":[{"count":9,"href":"https:\/\/bonsoleil.es\/es\/wp-json\/wp\/v2\/pages\/110301\/revisions"}],"predecessor-version":[{"id":138641,"href":"https:\/\/bonsoleil.es\/es\/wp-json\/wp\/v2\/pages\/110301\/revisions\/138641"}],"up":[{"embeddable":true,"href":"https:\/\/bonsoleil.es\/es\/wp-json\/wp\/v2\/pages\/110276"}],"wp:attachment":[{"href":"https:\/\/bonsoleil.es\/es\/wp-json\/wp\/v2\/media?parent=110301"}],"curies":[{"name":"wp","href":"https:\/\/api.w.org\/{rel}","templated":true}]}}