{"id":110308,"date":"2023-01-16T08:10:17","date_gmt":"2023-01-16T07:10:17","guid":{"rendered":"https:\/\/bonsoleil.es\/politica-de-privacidad\/"},"modified":"2023-01-27T13:44:43","modified_gmt":"2023-01-27T12:44:43","slug":"politica-de-privacidad","status":"publish","type":"page","link":"https:\/\/bonsoleil.es\/es\/politica-de-privacidad\/","title":{"rendered":"Pol\u00edtica de Privacidad"},"content":{"rendered":"\n<h4 class=\"wp-block-heading\" id=\"politica-de-privacidad-y-tratamiento-de-la-informacion-de-la-ecole-bon-soleil-s-a\"><strong>POL\u00cdTICA DE PRIVACIDAD Y TRATAMIENTO DE LA INFORMACI\u00d3N DE LA \u00c9COLE BON SOLEIL S.A.<\/strong><\/h4>\n\n<p><strong>1.- DERECHO DE INFORMACI\u00d3N<\/strong><\/p>\n\n<p>En aplicaci\u00f3n a lo dispuesto en el art\u00edculo 11 de la Ley Org\u00e1nica 3\/2018, de 5 de diciembre, de Protecci\u00f3n de Datos Personales y Garant\u00eda de los Derechos Digitales (LOPDPGDD) y en el art\u00edculo 13 del Reglamento General de Protecci\u00f3n de Datos (RGPD), les informamos de:<\/p>\n\n<p><strong>1.1.- Identificaci\u00f3n del responsable de tratamiento:<\/strong><\/p>\n\n<p>El responsable del tratamiento es la entidad que decide la recogida de datos y el uso que se har\u00e1 de la informaci\u00f3n que gestiona. En este caso, el responsable es:<\/p>\n\n<ul class=\"wp-block-list\">\n<li><strong>\u00c9cole Bon Soleil S.A<\/strong>., con domicilio en cam\u00ed de la Pava n\u00ba 15, 08850 Gav\u00e0 (Barcelona), NIF: A08650483 inscrito en el Registro TOMO 43674, FOLIO 163, HOJA B 11249, INSCRIPCION 20 <\/li>\n<\/ul>\n\n<ul class=\"wp-block-list\">\n<li><strong>Correo electr\u00f3nico<\/strong> de contacto: <a href=\"mailto:courrier@bonsoleil.es\" target=\"_blank\" rel=\"noreferrer noopener\">courrier@bonsoleil.es<\/a><\/li>\n\n\n\n<li><strong>Tel\u00e9fono<\/strong>: 93.633.13.58<\/li>\n<\/ul>\n\n<p>El delegado de protecci\u00f3n de datos es CIPDI, Tratamiento de la Informaci\u00f3n SL. Es la persona que controla que se aplique correctamente las normas que regulan el tratamiento de informaci\u00f3n que hace el responsable. Puede contactar con el delegado al correo electr\u00f3nico <a href=\"mailto:dpd@cipdi.com\" target=\"_blank\" rel=\"noreferrer noopener\">dpd@cipdi.com<\/a>.<\/p>\n\n<p><strong>1.2.- Finalidad del tratamiento de los datos, per\u00edodos de conservaci\u00f3n y base jur\u00eddica<\/strong><\/p>\n\n<p>El responsable del tratamiento utilizar\u00e1 los datos que nos facilite por cualquier medio mientras mantenga relaci\u00f3n con el responsable del tratamiento se incorporar\u00e1n, tal como nos los ceda, a una base de datos titularidad del responsable del tratamiento.<\/p>\n\n<p>Utilizaremos los datos por:<\/p>\n\n<ul class=\"wp-block-list\">\n<li>prestarle los servicios que nos solicite<\/li>\n\n\n\n<li>enviarle informaci\u00f3n de nuestras actividades por correo electr\u00f3nico o direcci\u00f3n postal.<\/li>\n<\/ul>\n\n<p>La base jur\u00eddica de este tratamiento ser\u00e1 la relaci\u00f3n contractual, o de otro tipo, que mantenga con el responsable del tratamiento y el consentimiento que otorga al aceptar esta pol\u00edtica.<\/p>\n\n<p>Los datos generados se conservar\u00e1n mientras mantenga la relaci\u00f3n con el responsable del tratamiento y, posteriormente, durante el plazo de prescripci\u00f3n de las acciones legales que, en algunos casos pueden llegar a los 10 a\u00f1os.<\/p>\n\n<p><strong>1.2.2.- Tratamiento de im\u00e1genes.<\/strong><\/p>\n\n<p>El responsable del tratamiento documenta los eventos de car\u00e1cter p\u00fablico que organiza con fotograf\u00edas y v\u00eddeos con el fin de hacer difusi\u00f3n en su web o dem\u00e1s espacios de difusi\u00f3n p\u00fablica de informaci\u00f3n como son: la propia web, las redes sociales donde el responsable del tratamiento disponga de perfil creado y publicaciones propias o prensa. Puede obtener m\u00e1s informaci\u00f3n sobre este apartado consultando la web del responsable del tratamiento o contactando con el DPO.<\/p>\n\n<p>El tratamiento de estas im\u00e1genes est\u00e1 legitimado con el consentimiento de los afectados o en aplicaci\u00f3n del art\u00edculo 8 de la <a href=\"https:\/\/www.boe.es\/buscar\/doc.php?id=BOE-A-1982-11196\" target=\"_blank\" rel=\"noreferrer noopener\">LO 1\/1982 de protecci\u00f3n del derecho al honor, la intimidad y la propia imagen<\/a>.<\/p>\n\n<p>Las im\u00e1genes captadas se conservar\u00e1n con car\u00e1cter hist\u00f3rico hasta que se revoque la autorizaci\u00f3n que nos proporcione.<\/p>\n\n<p><strong>1.3.- Categor\u00edas de destinatarios.<\/strong><\/p>\n\n<p>Para dar cumplimiento a las finalidades anteriores tendr\u00e1n acceso a sus datos:<\/p>\n\n<ul class=\"wp-block-list\">\n<li>El personal debidamente autorizado por el responsable del tratamiento.<\/li>\n\n\n\n<li>Los proveedores necesarios para dar cumplimiento a su demanda.<\/li>\n\n\n\n<li>Las administraciones p\u00fablicas en el \u00e1mbito de sus competencias.<\/li>\n<\/ul>\n\n<p>Puede ampliar esta informaci\u00f3n consultando al DPO.<\/p>\n\n<p><strong>1.4.- Transferencia internacional de datos.<\/strong><\/p>\n\n<p>El responsable del tratamiento utiliza las siguientes plataformas que pueden implicar transferencias de datos fuera del espacio Schengen:<\/p>\n\n<p>I.- Google (G-Suite). Para obtener m\u00e1s informaci\u00f3n sobre las pol\u00edticas de privacidad de G-Suite puede visitar el siguiente enlace: <a href=\"https:\/\/support.google.com\/a\/answer\/2888485?hl=es\" target=\"_blank\" rel=\"noreferrer noopener\">https:\/\/support.google.com\/a\/answer\/2888485?hl=es<\/a><\/p>\n\n<p>II. Microsoft. Para m\u00e1s informaci\u00f3n: <a href=\"https:\/\/privacy.microsoft.com\/es-es\/privacystatement\" target=\"_blank\" rel=\"noreferrer noopener\">https:\/\/privacy.microsoft.com\/es-es\/privacystatement<\/a><\/p>\n\n<p>III. Mailchimp. Para m\u00e1s informaci\u00f3n: <a href=\"https:\/\/www.intuit.com\/privacy\/statement\/\" target=\"_blank\" rel=\"noreferrer noopener\">https:\/\/www.intuit.com\/privacy\/statement\/<\/a><\/p>\n\n<p>IV. Managebac. Para m\u00e1s informaci\u00f3n: <a href=\"https:\/\/www.managebac.com\/terms\/privacy-policy\" target=\"_blank\" rel=\"noreferrer noopener\">Privacy Policy &#8211; ManageBac<\/a><\/p>\n\n<p>V. Turnitin. Para m\u00e1s informaci\u00f3n: <a href=\"https:\/\/help.turnitin.com\/Privacy_and_Security\/Privacy_and_Security.htm\" target=\"_blank\" rel=\"noreferrer noopener\">Privacy and Security (turnitin.com)<\/a><\/p>\n\n<p>VIX.- Redes sociales que constan anunciadas en nuestra web.<\/p>\n\n<p>Toda la informaci\u00f3n sobre los derechos de los usuarios que han permitido el tratamiento digitalizado se encuentra a los avisos legales de las webs que contienen los softwares y las aplicaciones. Como el acceso es libre, damos por reproducido todo el contenido de los avisos. Dada la extensi\u00f3n de los contenidos de las pol\u00edticas publicadas, puede solicitar una copia dirigi\u00e9ndose al responsable del tratamiento a las direcciones que constan en el punto 1.1 de este documento.<\/p>\n\n<p><strong>1.5.- Derechos de los interesados<\/strong><\/p>\n\n<p>Todos los interesados tienen derecho a acceder, rectificar, suprimir, oponerse a que el responsable trate sus datos, a limitar el tratamiento, a pedir la portabilidad, a no estar sometido a decisiones individuales automatizadas y a revocar el consentimiento cuando lo estime oportuno.<\/p>\n\n<p>Para ejercer estos derechos puede dirigirse por escrito a las direcciones del responsable del tratamiento que constan en esta pol\u00edtica, o enviar un correo electr\u00f3nico a <a href=\"mailto:dpd@cipdi.com\">dpd@cipdi.com<\/a>, con el texto \u00abPROTECCI\u00d3N DE DATOS\u00bb en el asunto, acompa\u00f1ando fotocopia del DNI, NIE o pasaporte en el correo.<\/p>\n\n<p><strong>1.6.- Derecho a reclamar.<\/strong><\/p>\n\n<p>El organismo competente para conocer acerca de la correcta aplicaci\u00f3n de las normas sobre tratamiento de la informaci\u00f3n es la Autoridad de Protecci\u00f3n de Datos, Agencia Espa\u00f1ola de Protecci\u00f3n de Datos con domicilio en la Calle Jorge Juan n. 6 de Madrid.<\/p>\n\n<p><strong>1.7.- Obligaciones del interesado.<\/strong><\/p>\n\n<p>Los interesados deben aportar informaci\u00f3n veraz y actualizada en todos los procesos de recogida de datos, constituy\u00e9ndose en los \u00fanicos responsables de la vulneraci\u00f3n de esta obligaci\u00f3n.<\/p>\n\n<p>En los formularios de recogida de datos est\u00e1n marcados los datos que son obligatorios aportar, en funci\u00f3n de la demanda que haga el afectado. La falta de la aportaci\u00f3n de estos datos puede suponer la imposibilidad de participar de la actividad o proporcionar el servicio que se solicita.<\/p>\n\n<p><strong>1.8.- Elaboraci\u00f3n de perfiles.<\/strong><\/p>\n\n<p>Para cumplir los objetivos del responsable del tratamiento y, sobre todo, para prestar una atenci\u00f3n m\u00e1s personalizada, cuidadosa y eficaz a los usuarios y a los interesados, en ocasiones, conviene elaborar perfiles de los destinatarios de los servicios. En ning\u00fan caso se elaboran perfiles personales de forma automatizada.<\/p>\n\n<h4 class=\"wp-block-heading\" id=\"2-consentimiento-del-usuario\"><strong>2.- CONSENTIMIENTO DEL USUARIO <\/strong><\/h4>\n\n<p>Se entiende que el usuario acepta las condiciones establecidas si pulsa el bot\u00f3n &#8216;ACEPTAR&#8217; que se encuentra en todos los formularios de recogida de datos, o si env\u00eda un mensaje por correo electr\u00f3nico a las direcciones de contacto que figuran en la web.<\/p>\n\n<p>Los datos personales se guardan en la base de datos general de administraci\u00f3n del responsable del tratamiento que, en todo caso, garantiza las medidas t\u00e9cnicas y organizativas para preservar la integridad y la seguridad de la informaci\u00f3n que trata.<\/p>\n\n<h4 class=\"wp-block-heading\" id=\"3-seguridad\"><strong>3.- SEGURIDAD<\/strong><\/h4>\n\n<p>La base de datos general est\u00e1 dotada del preceptivo documento de seguridad y dispone de todos los medios t\u00e9cnicos a su alcance para evitar la p\u00e9rdida, mal uso, alteraci\u00f3n, acceso no autorizado o robo de los datos que nos facilite. El tratamiento de los datos personales est\u00e1 ajustado a las disposiciones de la Ley Org\u00e1nica 3\/2018 de protecci\u00f3n de datos y garant\u00eda de los derechos digitales y el Reglamento (UE) 2016\/679 del Parlamento Europeo y del Consejo, de 27 de abril de 2016.<\/p>\n\n<h4 class=\"wp-block-heading\" id=\"4-uso-de-direcciones-ip\"><strong>4.- USO DE DIRECCIONES IP<\/strong><\/h4>\n\n<p>Para facilitar la b\u00fasqueda de recursos que creemos que son de su inter\u00e9s, puede encontrar en esta web enlaces a otras p\u00e1ginas. Esta pol\u00edtica de privacidad s\u00f3lo se aplica a esta web. El responsable del tratamiento no garantiza el cumplimiento de esta pol\u00edtica en otras webs, ni se hace responsable de los accesos mediante enlaces desde este sitio.<\/p>\n","protected":false},"excerpt":{"rendered":"POL\u00cdTICA DE PRIVACIDAD Y TRATAMIENTO DE LA INFORMACI\u00d3N DE LA \u00c9COLE BON SOLEIL S.A. 1.- DERECHO DE INFORMACI\u00d3N En aplicaci\u00f3n a lo dispuesto en el art\u00edculo 11 de la Ley Org\u00e1nica 3\/2018, de 5 de diciembre, de Protecci\u00f3n de Datos Personales y Garant\u00eda de los Derechos Digitales (LOPDPGDD) y en el art\u00edculo 13 del Reglamento&#8230; <a class=\"view-article\" href=\"https:\/\/bonsoleil.es\/es\/politica-de-privacidad\/\">Ver art\u00edculo<\/a>","protected":false},"author":1,"featured_media":0,"parent":0,"menu_order":0,"comment_status":"closed","ping_status":"closed","template":"","meta":{"_acf_changed":false,"footnotes":"","_links_to":"","_links_to_target":""},"class_list":["post-110308","page","type-page","status-publish","hentry"],"acf":[],"yoast_head":"<!-- This site is optimized with the Yoast SEO plugin v27.3 - https:\/\/yoast.com\/product\/yoast-seo-wordpress\/ -->\n<title>Pol\u00edtica de Privacidad - Lyc\u00e9e International Barcelona \u00b7 Bon Soleil<\/title>\n<meta name=\"robots\" content=\"index, follow, max-snippet:-1, max-image-preview:large, max-video-preview:-1\" \/>\n<link rel=\"canonical\" href=\"https:\/\/bonsoleil.es\/es\/politica-de-privacidad\/\" \/>\n<meta property=\"og:locale\" content=\"es_ES\" \/>\n<meta property=\"og:type\" content=\"article\" \/>\n<meta property=\"og:title\" content=\"Pol\u00edtica de Privacidad - Lyc\u00e9e International Barcelona \u00b7 Bon Soleil\" \/>\n<meta property=\"og:description\" content=\"POL\u00cdTICA DE PRIVACIDAD Y TRATAMIENTO DE LA INFORMACI\u00d3N DE LA \u00c9COLE BON SOLEIL S.A. 1.- DERECHO DE INFORMACI\u00d3N En aplicaci\u00f3n a lo dispuesto en el art\u00edculo 11 de la Ley Org\u00e1nica 3\/2018, de 5 de diciembre, de Protecci\u00f3n de Datos Personales y Garant\u00eda de los Derechos Digitales (LOPDPGDD) y en el art\u00edculo 13 del Reglamento... Ver art\u00edculo\" \/>\n<meta property=\"og:url\" content=\"https:\/\/bonsoleil.es\/es\/politica-de-privacidad\/\" \/>\n<meta property=\"og:site_name\" content=\"Lyc\u00e9e International Barcelona \u00b7 Bon Soleil\" \/>\n<meta property=\"article:publisher\" content=\"https:\/\/www.facebook.com\/libBonSoleil\/\" \/>\n<meta property=\"article:modified_time\" content=\"2023-01-27T12:44:43+00:00\" \/>\n<meta name=\"twitter:card\" content=\"summary_large_image\" \/>\n<meta name=\"twitter:site\" content=\"@lib_bonsoleil\" \/>\n<meta name=\"twitter:label1\" content=\"Tiempo de lectura\" \/>\n\t<meta name=\"twitter:data1\" content=\"6 minutos\" \/>\n<script type=\"application\/ld+json\" class=\"yoast-schema-graph\">{\"@context\":\"https:\\\/\\\/schema.org\",\"@graph\":[{\"@type\":\"WebPage\",\"@id\":\"https:\\\/\\\/bonsoleil.es\\\/es\\\/politica-de-privacidad\\\/\",\"url\":\"https:\\\/\\\/bonsoleil.es\\\/es\\\/politica-de-privacidad\\\/\",\"name\":\"Pol\u00edtica de Privacidad - Lyc\u00e9e International Barcelona \u00b7 Bon Soleil\",\"isPartOf\":{\"@id\":\"https:\\\/\\\/bonsoleil.es\\\/es\\\/#website\"},\"datePublished\":\"2023-01-16T07:10:17+00:00\",\"dateModified\":\"2023-01-27T12:44:43+00:00\",\"breadcrumb\":{\"@id\":\"https:\\\/\\\/bonsoleil.es\\\/es\\\/politica-de-privacidad\\\/#breadcrumb\"},\"inLanguage\":\"es\",\"potentialAction\":[{\"@type\":\"ReadAction\",\"target\":[\"https:\\\/\\\/bonsoleil.es\\\/es\\\/politica-de-privacidad\\\/\"]}]},{\"@type\":\"BreadcrumbList\",\"@id\":\"https:\\\/\\\/bonsoleil.es\\\/es\\\/politica-de-privacidad\\\/#breadcrumb\",\"itemListElement\":[{\"@type\":\"ListItem\",\"position\":1,\"name\":\"Portada\",\"item\":\"https:\\\/\\\/bonsoleil.es\\\/es\\\/\"},{\"@type\":\"ListItem\",\"position\":2,\"name\":\"Pol\u00edtica de Privacidad\"}]},{\"@type\":\"WebSite\",\"@id\":\"https:\\\/\\\/bonsoleil.es\\\/es\\\/#website\",\"url\":\"https:\\\/\\\/bonsoleil.es\\\/es\\\/\",\"name\":\"Lyc\u00e9e International Barcelona \u00b7 Bon Soleil\",\"description\":\"Lyc\u00e9e International Barcelona\",\"potentialAction\":[{\"@type\":\"SearchAction\",\"target\":{\"@type\":\"EntryPoint\",\"urlTemplate\":\"https:\\\/\\\/bonsoleil.es\\\/es\\\/?s={search_term_string}\"},\"query-input\":{\"@type\":\"PropertyValueSpecification\",\"valueRequired\":true,\"valueName\":\"search_term_string\"}}],\"inLanguage\":\"es\"}]}<\/script>\n<!-- \/ Yoast SEO plugin. -->","yoast_head_json":{"title":"Pol\u00edtica de Privacidad - Lyc\u00e9e International Barcelona \u00b7 Bon Soleil","robots":{"index":"index","follow":"follow","max-snippet":"max-snippet:-1","max-image-preview":"max-image-preview:large","max-video-preview":"max-video-preview:-1"},"canonical":"https:\/\/bonsoleil.es\/es\/politica-de-privacidad\/","og_locale":"es_ES","og_type":"article","og_title":"Pol\u00edtica de Privacidad - Lyc\u00e9e International Barcelona \u00b7 Bon Soleil","og_description":"POL\u00cdTICA DE PRIVACIDAD Y TRATAMIENTO DE LA INFORMACI\u00d3N DE LA \u00c9COLE BON SOLEIL S.A. 1.- DERECHO DE INFORMACI\u00d3N En aplicaci\u00f3n a lo dispuesto en el art\u00edculo 11 de la Ley Org\u00e1nica 3\/2018, de 5 de diciembre, de Protecci\u00f3n de Datos Personales y Garant\u00eda de los Derechos Digitales (LOPDPGDD) y en el art\u00edculo 13 del Reglamento... Ver art\u00edculo","og_url":"https:\/\/bonsoleil.es\/es\/politica-de-privacidad\/","og_site_name":"Lyc\u00e9e International Barcelona \u00b7 Bon Soleil","article_publisher":"https:\/\/www.facebook.com\/libBonSoleil\/","article_modified_time":"2023-01-27T12:44:43+00:00","twitter_card":"summary_large_image","twitter_site":"@lib_bonsoleil","twitter_misc":{"Tiempo de lectura":"6 minutos"},"schema":{"@context":"https:\/\/schema.org","@graph":[{"@type":"WebPage","@id":"https:\/\/bonsoleil.es\/es\/politica-de-privacidad\/","url":"https:\/\/bonsoleil.es\/es\/politica-de-privacidad\/","name":"Pol\u00edtica de Privacidad - Lyc\u00e9e International Barcelona \u00b7 Bon Soleil","isPartOf":{"@id":"https:\/\/bonsoleil.es\/es\/#website"},"datePublished":"2023-01-16T07:10:17+00:00","dateModified":"2023-01-27T12:44:43+00:00","breadcrumb":{"@id":"https:\/\/bonsoleil.es\/es\/politica-de-privacidad\/#breadcrumb"},"inLanguage":"es","potentialAction":[{"@type":"ReadAction","target":["https:\/\/bonsoleil.es\/es\/politica-de-privacidad\/"]}]},{"@type":"BreadcrumbList","@id":"https:\/\/bonsoleil.es\/es\/politica-de-privacidad\/#breadcrumb","itemListElement":[{"@type":"ListItem","position":1,"name":"Portada","item":"https:\/\/bonsoleil.es\/es\/"},{"@type":"ListItem","position":2,"name":"Pol\u00edtica de Privacidad"}]},{"@type":"WebSite","@id":"https:\/\/bonsoleil.es\/es\/#website","url":"https:\/\/bonsoleil.es\/es\/","name":"Lyc\u00e9e International Barcelona \u00b7 Bon Soleil","description":"Lyc\u00e9e International Barcelona","potentialAction":[{"@type":"SearchAction","target":{"@type":"EntryPoint","urlTemplate":"https:\/\/bonsoleil.es\/es\/?s={search_term_string}"},"query-input":{"@type":"PropertyValueSpecification","valueRequired":true,"valueName":"search_term_string"}}],"inLanguage":"es"}]}},"_links":{"self":[{"href":"https:\/\/bonsoleil.es\/es\/wp-json\/wp\/v2\/pages\/110308","targetHints":{"allow":["GET"]}}],"collection":[{"href":"https:\/\/bonsoleil.es\/es\/wp-json\/wp\/v2\/pages"}],"about":[{"href":"https:\/\/bonsoleil.es\/es\/wp-json\/wp\/v2\/types\/page"}],"author":[{"embeddable":true,"href":"https:\/\/bonsoleil.es\/es\/wp-json\/wp\/v2\/users\/1"}],"replies":[{"embeddable":true,"href":"https:\/\/bonsoleil.es\/es\/wp-json\/wp\/v2\/comments?post=110308"}],"version-history":[{"count":1,"href":"https:\/\/bonsoleil.es\/es\/wp-json\/wp\/v2\/pages\/110308\/revisions"}],"predecessor-version":[{"id":110309,"href":"https:\/\/bonsoleil.es\/es\/wp-json\/wp\/v2\/pages\/110308\/revisions\/110309"}],"wp:attachment":[{"href":"https:\/\/bonsoleil.es\/es\/wp-json\/wp\/v2\/media?parent=110308"}],"curies":[{"name":"wp","href":"https:\/\/api.w.org\/{rel}","templated":true}]}}