{"id":110310,"date":"2023-01-16T08:12:52","date_gmt":"2023-01-16T07:12:52","guid":{"rendered":"https:\/\/bonsoleil.es\/aviso-legal\/"},"modified":"2025-03-18T14:56:52","modified_gmt":"2025-03-18T13:56:52","slug":"aviso-legal","status":"publish","type":"page","link":"https:\/\/bonsoleil.es\/es\/aviso-legal\/","title":{"rendered":"Aviso Legal"},"content":{"rendered":"\n<h4 class=\"wp-block-heading\" id=\"aviso-legal-de-la-web-del-lycee-international-barcelona-bon-soleil\"><strong>AV\u00cdSO LEGAL DE LA WEB DEL LYC\u00c9E INTERNATIONAL BARCELONA &#8211; BON SOLEIL<\/strong><\/h4>\n\n\n\n<h4 class=\"wp-block-heading\" id=\"1-identificacion-del-titular-del-dominio\"><strong>1. IDENTIFICACI\u00d3N DEL TITULAR DEL DOMINIO <\/strong><\/h4>\n\n\n\n<p>Cumpliendo lo dispuesto en el art\u00edculo 10 de la Ley 34\/2002, de 11 de julio, de Servicios de la Sociedad de la Informaci\u00f3n y del Comercio Electr\u00f3nico, se informa a todos los usuarios de este sitio web:<\/p>\n\n\n\n<ul class=\"wp-block-list\">\n<li><strong>El titular de la web<\/strong> es la \u00c9cole Bon Soleil S.L. con domicilio en el Cam\u00ed de la Pava n\u00ba 15, 08850 Gav\u00e0 (Barcelona)<\/li>\n\n\n\n<li><strong>CIF<\/strong>: B08650483. Inscripci\u00f3n registral: TOMO 43674, FOLIO 163, HOJA B 11249, INSCRIPCION 20.<\/li>\n\n\n\n<li><strong>Correo electr\u00f3nico<\/strong> de contacto: <a href=\"mailto:courrier@bonsoleil.es\">courrier@bonsoleil.es<\/a><\/li>\n\n\n\n<li><strong>Tel\u00e9fono<\/strong>: 93 633 13 58<\/li>\n<\/ul>\n\n\n\n<h4 class=\"wp-block-heading\" id=\"2-normas-de-uso-del-portal\"><strong>2. NORMAS DE USO DEL PORTAL<\/strong><\/h4>\n\n\n\n<p>Quien acceda y use este sitio web, tendr\u00e1 la consideraci\u00f3n de usuario. El usuario, por el solo hecho de serlo, acepta todas las condiciones de uso.<\/p>\n\n\n\n<p><strong>2.1. GEN\u00c9RICAS<\/strong><\/p>\n\n\n\n<p>Est\u00e1 prohibido publicar en esta web, en nuestros blogs, y dem\u00e1s herramientas de participaci\u00f3n de contenidos que atenten contra los siguientes principios:<\/p>\n\n\n\n<p><\/p>\n\n\n\n<ul class=\"wp-block-list\">\n<li>La salvaguarda del orden p\u00fablico, la investigaci\u00f3n penal, seguridad p\u00fablica y defensa nacional.<\/li>\n\n\n\n<li>La protecci\u00f3n de la salud p\u00fablica o de las personas f\u00edsicas que tengan la condici\u00f3n de consumidores o usuarios.<\/li>\n\n\n\n<li>El respeto a la dignidad de la persona y al principio de no discriminaci\u00f3n por motivos de raza, sexo, opini\u00f3n, nacionalidad, discapacidad o cualquier otra circunstancia personal o social.<\/li>\n\n\n\n<li>La protecci\u00f3n de la juventud y de la infancia.<\/li>\n\n\n\n<li>El respeto a la autonom\u00eda de la voluntad del afectado.<\/li>\n\n\n\n<li>El respeto a la propiedad intelectual de lo publicado.<\/li>\n\n\n\n<li>En general, el respeto a la legalidad vigente.<\/li>\n<\/ul>\n\n\n\n<p id=\"2-2-particulares\"><strong>2.2. PARTICULARES<\/strong><\/p>\n\n\n\n<p>El usuario asume la responsabilidad del uso del portal. Esta responsabilidad se extiende al registro que fuese necesario para acceder a determinados servicios o contenidos. El usuario ser\u00e1 responsable de aportar informaci\u00f3n veraz y l\u00edcita en el proceso de registro.<\/p>\n\n\n\n<p>El usuario se compromete a hacer un uso adecuado de los contenidos y servicios que el titular del dominio ofrece a trav\u00e9s de sus websites y herramientas de participaci\u00f3n; con car\u00e1cter enunciativo, pero no limitativo, tambi\u00e9n se compromete a no usarlas para:<\/p>\n\n\n\n<ul class=\"wp-block-list\">\n<li>Provocar da\u00f1os en los sistemas f\u00edsicos y l\u00f3gicos del responsable del tratamiento, de sus proveedores o de terceras personas, introducir o difundir en la red virus inform\u00e1ticos o cualesquiera otros sistemas f\u00edsicos o l\u00f3gicos que sean susceptibles de provocar da\u00f1os.<\/li>\n\n\n\n<li>Intentar acceder y, en su caso, utilizar las cuentas de correo electr\u00f3nico de otros usuarios y modificar o manipular sus mensajes.<\/li>\n<\/ul>\n\n\n\n<p>El titular del dominio se reserva el derecho de retirar todos los comentarios y aportaciones que vulneren el respeto a la dignidad de la persona, que sean discriminatorios, xen\u00f3fobos, racistas, pornogr\u00e1ficos que atenten contra las personas, especialmente, contra los intereses de la juventud o de la infancia, el orden o la seguridad p\u00fablica o que, no resultaran adecuados para su publicaci\u00f3n a criterio de la direcci\u00f3n del centro.<\/p>\n\n\n\n<p>En cualquier caso, el titular del dominio no es responsable de las opiniones vertidas por los usuarios a trav\u00e9s de los foros, chats, u otras herramientas de participaci\u00f3n.<\/p>\n\n\n\n<p><strong>2.3. USO DE CONTRASE\u00d1AS.<\/strong><\/p>\n\n\n\n<p>Para acceder a determinados contenidos hay que introducir un c\u00f3digo de usuario y una contrase\u00f1a. Si no dispone de una, puede pedirlo a <a href=\"mailto:courrier@bonsoleil.es\">courrier@bonsoleil.es<\/a>.<\/p>\n\n\n\n<p>Os informamos que las contrase\u00f1as son personales e intransferibles. El usuario es el \u00fanico responsable de las consecuencias que se puedan derivar del uso de su contrase\u00f1a. Para cualquier incidencia con las contrase\u00f1as puede contactar con <a href=\"mailto:courrier@bonsoleil.es\">courrier@bonsoleil.es<\/a><\/p>\n\n\n\n<h4 class=\"wp-block-heading\" id=\"3-propiedad-intelectual-e-industrial\"><strong>3.- PROPIEDAD INTELECTUAL E INDUSTRIAL<\/strong><\/h4>\n\n\n\n<p>El titular del dominio es titular de todos los derechos de propiedad intelectual e industrial de sus p\u00e1ginas web, como tambi\u00e9n lo es de todo su contenido, por lo que toda reproducci\u00f3n, distribuci\u00f3n y comunicaci\u00f3n p\u00fablica total o parcial de su contenido queda expresamente prohibida sin la autorizaci\u00f3n expresa de la direcci\u00f3n del titular del dominio. Cualquier uso no autorizado previamente, se considera un incumplimiento grave de los derechos de propiedad intelectual o industrial del autor.<\/p>\n\n\n\n<h4 class=\"wp-block-heading\" id=\"4-responsabilidad\"><strong>4.- RESPONSABILIDAD<\/strong><\/h4>\n\n\n\n<p>El titular del dominio no se hace responsable de los da\u00f1os y perjuicios que se puedan derivar de interferencias o aver\u00edas telef\u00f3nicas, desconexiones en el sistema electr\u00f3nico, presencia de virus inform\u00e1ticos, programas maliciosos o cualquier otro factor ajeno a su control. Tampoco se hace responsable de los contenidos o sistemas de terceros conectados con el dominio del responsable del tratamiento a trav\u00e9s de enlaces.<\/p>\n\n\n\n<p>El titular del dominio se reserva el ejercicio de las acciones legales que correspondan contra los que vulneren estas condiciones.<\/p>\n\n\n\n<h4 class=\"wp-block-heading\" id=\"5-modificaciones-de-las-presentes-condiciones\"><strong>5.- MODIFICACIONES DE LAS PRESENTES CONDICIONES<\/strong><\/h4>\n\n\n\n<p>El titular del dominio puede modificar estas condiciones en cualquier momento, sin previo aviso, publicando sus modificaciones.<\/p>\n\n\n\n<h4 class=\"wp-block-heading\" id=\"6-legislacion-aplicable-y-jurisdiccion\"><strong>6.- LEGISLACI\u00d3N APLICABLE Y JURISDICCI\u00d3N<\/strong> <\/h4>\n\n\n\n<p>La relaci\u00f3n entre EL titular del dominio y el usuario se regir\u00e1 por la normativa espa\u00f1ola vigente y cualquier controversia se someter\u00e1 a los Juzgados y tribunales que correspondan a la ciudad de Gav\u00e0.<\/p>\n","protected":false},"excerpt":{"rendered":"AV\u00cdSO LEGAL DE LA WEB DEL LYC\u00c9E INTERNATIONAL BARCELONA &#8211; BON SOLEIL 1. IDENTIFICACI\u00d3N DEL TITULAR DEL DOMINIO Cumpliendo lo dispuesto en el art\u00edculo 10 de la Ley 34\/2002, de 11 de julio, de Servicios de la Sociedad de la Informaci\u00f3n y del Comercio Electr\u00f3nico, se informa a todos los usuarios de este sitio web:&#8230; <a class=\"view-article\" href=\"https:\/\/bonsoleil.es\/es\/aviso-legal\/\">Ver art\u00edculo<\/a>","protected":false},"author":1,"featured_media":0,"parent":0,"menu_order":0,"comment_status":"closed","ping_status":"closed","template":"","meta":{"_acf_changed":false,"footnotes":"","_links_to":"","_links_to_target":""},"class_list":["post-110310","page","type-page","status-publish","hentry"],"acf":[],"yoast_head":"<!-- This site is optimized with the Yoast SEO plugin v27.2 - https:\/\/yoast.com\/product\/yoast-seo-wordpress\/ -->\n<title>Aviso Legal - Lyc\u00e9e International Barcelona \u00b7 Bon Soleil<\/title>\n<meta name=\"robots\" content=\"index, follow, max-snippet:-1, max-image-preview:large, max-video-preview:-1\" \/>\n<link rel=\"canonical\" href=\"https:\/\/bonsoleil.es\/es\/aviso-legal\/\" \/>\n<meta property=\"og:locale\" content=\"es_ES\" \/>\n<meta property=\"og:type\" content=\"article\" \/>\n<meta property=\"og:title\" content=\"Aviso Legal - Lyc\u00e9e International Barcelona \u00b7 Bon Soleil\" \/>\n<meta property=\"og:description\" content=\"AV\u00cdSO LEGAL DE LA WEB DEL LYC\u00c9E INTERNATIONAL BARCELONA &#8211; BON SOLEIL 1. IDENTIFICACI\u00d3N DEL TITULAR DEL DOMINIO Cumpliendo lo dispuesto en el art\u00edculo 10 de la Ley 34\/2002, de 11 de julio, de Servicios de la Sociedad de la Informaci\u00f3n y del Comercio Electr\u00f3nico, se informa a todos los usuarios de este sitio web:... Ver art\u00edculo\" \/>\n<meta property=\"og:url\" content=\"https:\/\/bonsoleil.es\/es\/aviso-legal\/\" \/>\n<meta property=\"og:site_name\" content=\"Lyc\u00e9e International Barcelona \u00b7 Bon Soleil\" \/>\n<meta property=\"article:publisher\" content=\"https:\/\/www.facebook.com\/libBonSoleil\/\" \/>\n<meta property=\"article:modified_time\" content=\"2025-03-18T13:56:52+00:00\" \/>\n<meta name=\"twitter:card\" content=\"summary_large_image\" \/>\n<meta name=\"twitter:site\" content=\"@lib_bonsoleil\" \/>\n<meta name=\"twitter:label1\" content=\"Tiempo de lectura\" \/>\n\t<meta name=\"twitter:data1\" content=\"4 minutos\" \/>\n<script type=\"application\/ld+json\" class=\"yoast-schema-graph\">{\"@context\":\"https:\/\/schema.org\",\"@graph\":[{\"@type\":\"WebPage\",\"@id\":\"https:\/\/bonsoleil.es\/es\/aviso-legal\/\",\"url\":\"https:\/\/bonsoleil.es\/es\/aviso-legal\/\",\"name\":\"Aviso Legal - Lyc\u00e9e International Barcelona \u00b7 Bon Soleil\",\"isPartOf\":{\"@id\":\"https:\/\/bonsoleil.es\/es\/#website\"},\"datePublished\":\"2023-01-16T07:12:52+00:00\",\"dateModified\":\"2025-03-18T13:56:52+00:00\",\"breadcrumb\":{\"@id\":\"https:\/\/bonsoleil.es\/es\/aviso-legal\/#breadcrumb\"},\"inLanguage\":\"es\",\"potentialAction\":[{\"@type\":\"ReadAction\",\"target\":[\"https:\/\/bonsoleil.es\/es\/aviso-legal\/\"]}]},{\"@type\":\"BreadcrumbList\",\"@id\":\"https:\/\/bonsoleil.es\/es\/aviso-legal\/#breadcrumb\",\"itemListElement\":[{\"@type\":\"ListItem\",\"position\":1,\"name\":\"Portada\",\"item\":\"https:\/\/bonsoleil.es\/es\/\"},{\"@type\":\"ListItem\",\"position\":2,\"name\":\"Aviso Legal\"}]},{\"@type\":\"WebSite\",\"@id\":\"https:\/\/bonsoleil.es\/es\/#website\",\"url\":\"https:\/\/bonsoleil.es\/es\/\",\"name\":\"Lyc\u00e9e International Barcelona \u00b7 Bon Soleil\",\"description\":\"Lyc\u00e9e International Barcelona\",\"potentialAction\":[{\"@type\":\"SearchAction\",\"target\":{\"@type\":\"EntryPoint\",\"urlTemplate\":\"https:\/\/bonsoleil.es\/es\/?s={search_term_string}\"},\"query-input\":{\"@type\":\"PropertyValueSpecification\",\"valueRequired\":true,\"valueName\":\"search_term_string\"}}],\"inLanguage\":\"es\"}]}<\/script>\n<!-- \/ Yoast SEO plugin. -->","yoast_head_json":{"title":"Aviso Legal - Lyc\u00e9e International Barcelona \u00b7 Bon Soleil","robots":{"index":"index","follow":"follow","max-snippet":"max-snippet:-1","max-image-preview":"max-image-preview:large","max-video-preview":"max-video-preview:-1"},"canonical":"https:\/\/bonsoleil.es\/es\/aviso-legal\/","og_locale":"es_ES","og_type":"article","og_title":"Aviso Legal - Lyc\u00e9e International Barcelona \u00b7 Bon Soleil","og_description":"AV\u00cdSO LEGAL DE LA WEB DEL LYC\u00c9E INTERNATIONAL BARCELONA &#8211; BON SOLEIL 1. IDENTIFICACI\u00d3N DEL TITULAR DEL DOMINIO Cumpliendo lo dispuesto en el art\u00edculo 10 de la Ley 34\/2002, de 11 de julio, de Servicios de la Sociedad de la Informaci\u00f3n y del Comercio Electr\u00f3nico, se informa a todos los usuarios de este sitio web:... Ver art\u00edculo","og_url":"https:\/\/bonsoleil.es\/es\/aviso-legal\/","og_site_name":"Lyc\u00e9e International Barcelona \u00b7 Bon Soleil","article_publisher":"https:\/\/www.facebook.com\/libBonSoleil\/","article_modified_time":"2025-03-18T13:56:52+00:00","twitter_card":"summary_large_image","twitter_site":"@lib_bonsoleil","twitter_misc":{"Tiempo de lectura":"4 minutos"},"schema":{"@context":"https:\/\/schema.org","@graph":[{"@type":"WebPage","@id":"https:\/\/bonsoleil.es\/es\/aviso-legal\/","url":"https:\/\/bonsoleil.es\/es\/aviso-legal\/","name":"Aviso Legal - Lyc\u00e9e International Barcelona \u00b7 Bon Soleil","isPartOf":{"@id":"https:\/\/bonsoleil.es\/es\/#website"},"datePublished":"2023-01-16T07:12:52+00:00","dateModified":"2025-03-18T13:56:52+00:00","breadcrumb":{"@id":"https:\/\/bonsoleil.es\/es\/aviso-legal\/#breadcrumb"},"inLanguage":"es","potentialAction":[{"@type":"ReadAction","target":["https:\/\/bonsoleil.es\/es\/aviso-legal\/"]}]},{"@type":"BreadcrumbList","@id":"https:\/\/bonsoleil.es\/es\/aviso-legal\/#breadcrumb","itemListElement":[{"@type":"ListItem","position":1,"name":"Portada","item":"https:\/\/bonsoleil.es\/es\/"},{"@type":"ListItem","position":2,"name":"Aviso Legal"}]},{"@type":"WebSite","@id":"https:\/\/bonsoleil.es\/es\/#website","url":"https:\/\/bonsoleil.es\/es\/","name":"Lyc\u00e9e International Barcelona \u00b7 Bon Soleil","description":"Lyc\u00e9e International Barcelona","potentialAction":[{"@type":"SearchAction","target":{"@type":"EntryPoint","urlTemplate":"https:\/\/bonsoleil.es\/es\/?s={search_term_string}"},"query-input":{"@type":"PropertyValueSpecification","valueRequired":true,"valueName":"search_term_string"}}],"inLanguage":"es"}]}},"_links":{"self":[{"href":"https:\/\/bonsoleil.es\/es\/wp-json\/wp\/v2\/pages\/110310","targetHints":{"allow":["GET"]}}],"collection":[{"href":"https:\/\/bonsoleil.es\/es\/wp-json\/wp\/v2\/pages"}],"about":[{"href":"https:\/\/bonsoleil.es\/es\/wp-json\/wp\/v2\/types\/page"}],"author":[{"embeddable":true,"href":"https:\/\/bonsoleil.es\/es\/wp-json\/wp\/v2\/users\/1"}],"replies":[{"embeddable":true,"href":"https:\/\/bonsoleil.es\/es\/wp-json\/wp\/v2\/comments?post=110310"}],"version-history":[{"count":2,"href":"https:\/\/bonsoleil.es\/es\/wp-json\/wp\/v2\/pages\/110310\/revisions"}],"predecessor-version":[{"id":136593,"href":"https:\/\/bonsoleil.es\/es\/wp-json\/wp\/v2\/pages\/110310\/revisions\/136593"}],"wp:attachment":[{"href":"https:\/\/bonsoleil.es\/es\/wp-json\/wp\/v2\/media?parent=110310"}],"curies":[{"name":"wp","href":"https:\/\/api.w.org\/{rel}","templated":true}]}}