{"id":110312,"date":"2022-09-23T12:09:47","date_gmt":"2022-09-23T10:09:47","guid":{"rendered":"https:\/\/bonsoleil.es\/etapas\/ecole-elementaire\/"},"modified":"2024-04-04T12:53:48","modified_gmt":"2024-04-04T10:53:48","slug":"ecole-elementaire","status":"publish","type":"page","link":"https:\/\/bonsoleil.es\/es\/etapas\/ecole-elementaire\/","title":{"rendered":"\u00c9cole \u00c9l\u00e9mentaire"},"content":{"rendered":"\n<p>Es la primera etapa del viaje educativo de los alumnos, en la que adquieren las habilidades fundamentales (leer, escribir, contar y respetar a los dem\u00e1s) hasta llegar a primaria.<\/p>\n\n\n\n<div class=\"wp-block-columns is-layout-flex wp-container-core-columns-is-layout-9d6595d7 wp-block-columns-is-layout-flex\">\n<div class=\"wp-block-column is-vertically-aligned-center is-layout-flow wp-block-column-is-layout-flow\">\n<p class=\"has-text-align-center title_box title_elem\">CICLO 2<br>Ciclo de aprendizaje de habilidades fundamentales<\/p>\n<\/div>\n\n\n\n<div class=\"wp-block-column is-vertically-aligned-center is-layout-flow wp-block-column-is-layout-flow\">\n<p class=\"has-text-align-center title_box title_elem\">CICLO 3<br>Ciclo de aprendizaje de habilidades fundamentales<\/p>\n<\/div>\n<\/div>\n\n\n\n<div class=\"wp-block-columns is-layout-flex wp-container-core-columns-is-layout-9d6595d7 wp-block-columns-is-layout-flex\">\n<div class=\"wp-block-column txt_box_elem is-layout-flow wp-block-column-is-layout-flow\">\n<p class=\"has-text-align-center\">Curso preparatorio (CP)<\/p>\n\n\n\n<p class=\"has-text-align-center\">1<sup>er<\/sup> a\u00f1o de \u00c9l\u00e9mentaire, CE1<\/p>\n\n\n\n<p class=\"has-text-align-center\"><a><\/a>2\u00ba a\u00f1o de \u00c9l\u00e9mentaire, CE2<\/p>\n<\/div>\n\n\n\n<div class=\"wp-block-column txt_box_elem is-layout-flow wp-block-column-is-layout-flow\">\n<p class=\"has-text-align-center\" style=\"font-size:15px\">Ciclo de consolidaci\u00f3n &nbsp;(CM1, CM2, 6\u00e8me).<br>Une los dos \u00faltimos a\u00f1os de Primaria con el primer a\u00f1o de <em>Coll\u00e8ge<\/em>.<\/p>\n\n\n\n<p class=\"has-text-align-center\">1er a\u00f1o de curso intermedio, CM1<\/p>\n\n\n\n<p class=\"has-text-align-center\">y 2\u00ba a\u00f1o de curso intermedio. CM2<\/p>\n<\/div>\n<\/div>\n\n\n\n<p>\u201cLa escuela primaria assure l\u2019acquisition des fondamentaux : lire, \u00e9crire, compter, respecter autrui.\u201d<\/p>\n\n\n\n<h4 class=\"wp-block-heading\">ASIGNATURAS<\/h4>\n\n\n\n<figure class=\"wp-block-table\"><table><thead><tr><th>Asignaturas Ciclo 2<\/th><th>Asignaturas en CM<\/th><\/tr><\/thead><tbody><tr><td>Franc\u00e9s<\/td><td>Franc\u00e9s<\/td><\/tr><tr><td>Ingl\u00e9s<\/td><td>Ingl\u00e9s<\/td><\/tr><tr><td>Espa\u00f1ol<\/td><td>Espa\u00f1ol<\/td><\/tr><tr><td>Catal\u00e1n<\/td><td>Catal\u00e1n<\/td><\/tr><tr><td>Matem\u00e1ticas<\/td><td>Matem\u00e1ticas<\/td><\/tr><tr><td>Educaci\u00f3n F\u00edsica<\/td><td>Educaci\u00f3n F\u00edsica<\/td><\/tr><tr><td>Educaci\u00f3n C\u00edvica y Moral<\/td><td>Educaci\u00f3n C\u00edvica y Moral<\/td><\/tr><tr><td>Educaci\u00f3n art\u00edstica<\/td><td>Educaci\u00f3n art\u00edstica\/Historia del arte<\/td><\/tr><tr><td>Cuestionar el mundo<\/td><td>Historia\/Geograf\u00eda<\/td><\/tr><tr><td><\/td><td>Ciencias y Tecnolog\u00eda<\/td><\/tr><\/tbody><\/table><\/figure>\n\n\n\n<p><\/p>\n\n\n\n<h4 class=\"wp-block-heading\">PARTICULARIDADES DEL PRIMER CICLO DE PRIMARIA EN LIB BON SOLEIL:<\/h4>\n","protected":false},"excerpt":{"rendered":"Es la primera etapa del viaje educativo de los alumnos, en la que adquieren las habilidades fundamentales (leer, escribir, contar y respetar a los dem\u00e1s) hasta llegar a primaria. CICLO 2Ciclo de aprendizaje de habilidades fundamentales CICLO 3Ciclo de aprendizaje de habilidades fundamentales Curso preparatorio (CP) 1er a\u00f1o de \u00c9l\u00e9mentaire, CE1 2\u00ba a\u00f1o de \u00c9l\u00e9mentaire,&#8230; <a class=\"view-article\" href=\"https:\/\/bonsoleil.es\/es\/etapas\/ecole-elementaire\/\">Ver art\u00edculo<\/a>","protected":false},"author":1,"featured_media":0,"parent":110190,"menu_order":1,"comment_status":"closed","ping_status":"closed","template":"page-elementaire.php","meta":{"_acf_changed":false,"footnotes":"","_links_to":"","_links_to_target":""},"class_list":["post-110312","page","type-page","status-publish","hentry"],"acf":[],"yoast_head":"<!-- This site is optimized with the Yoast SEO plugin v27.3 - https:\/\/yoast.com\/product\/yoast-seo-wordpress\/ -->\n<title>\u00c9cole \u00c9l\u00e9mentaire - Lyc\u00e9e International Barcelona \u00b7 Bon Soleil<\/title>\n<meta name=\"robots\" content=\"index, follow, max-snippet:-1, max-image-preview:large, max-video-preview:-1\" \/>\n<link rel=\"canonical\" href=\"https:\/\/bonsoleil.es\/es\/etapas\/ecole-elementaire\/\" \/>\n<meta property=\"og:locale\" content=\"es_ES\" \/>\n<meta property=\"og:type\" content=\"article\" \/>\n<meta property=\"og:title\" content=\"\u00c9cole \u00c9l\u00e9mentaire - Lyc\u00e9e International Barcelona \u00b7 Bon Soleil\" \/>\n<meta property=\"og:description\" content=\"Es la primera etapa del viaje educativo de los alumnos, en la que adquieren las habilidades fundamentales (leer, escribir, contar y respetar a los dem\u00e1s) hasta llegar a primaria. CICLO 2Ciclo de aprendizaje de habilidades fundamentales CICLO 3Ciclo de aprendizaje de habilidades fundamentales Curso preparatorio (CP) 1er a\u00f1o de \u00c9l\u00e9mentaire, CE1 2\u00ba a\u00f1o de \u00c9l\u00e9mentaire,... Ver art\u00edculo\" \/>\n<meta property=\"og:url\" content=\"https:\/\/bonsoleil.es\/es\/etapas\/ecole-elementaire\/\" \/>\n<meta property=\"og:site_name\" content=\"Lyc\u00e9e International Barcelona \u00b7 Bon Soleil\" \/>\n<meta property=\"article:publisher\" content=\"https:\/\/www.facebook.com\/libBonSoleil\/\" \/>\n<meta property=\"article:modified_time\" content=\"2024-04-04T10:53:48+00:00\" \/>\n<meta name=\"twitter:card\" content=\"summary_large_image\" \/>\n<meta name=\"twitter:site\" content=\"@lib_bonsoleil\" \/>\n<meta name=\"twitter:label1\" content=\"Tiempo de lectura\" \/>\n\t<meta name=\"twitter:data1\" content=\"1 minuto\" \/>\n<script type=\"application\/ld+json\" class=\"yoast-schema-graph\">{\"@context\":\"https:\\\/\\\/schema.org\",\"@graph\":[{\"@type\":\"WebPage\",\"@id\":\"https:\\\/\\\/bonsoleil.es\\\/es\\\/etapas\\\/ecole-elementaire\\\/\",\"url\":\"https:\\\/\\\/bonsoleil.es\\\/es\\\/etapas\\\/ecole-elementaire\\\/\",\"name\":\"\u00c9cole \u00c9l\u00e9mentaire - Lyc\u00e9e International Barcelona \u00b7 Bon Soleil\",\"isPartOf\":{\"@id\":\"https:\\\/\\\/bonsoleil.es\\\/es\\\/#website\"},\"datePublished\":\"2022-09-23T10:09:47+00:00\",\"dateModified\":\"2024-04-04T10:53:48+00:00\",\"breadcrumb\":{\"@id\":\"https:\\\/\\\/bonsoleil.es\\\/es\\\/etapas\\\/ecole-elementaire\\\/#breadcrumb\"},\"inLanguage\":\"es\",\"potentialAction\":[{\"@type\":\"ReadAction\",\"target\":[\"https:\\\/\\\/bonsoleil.es\\\/es\\\/etapas\\\/ecole-elementaire\\\/\"]}]},{\"@type\":\"BreadcrumbList\",\"@id\":\"https:\\\/\\\/bonsoleil.es\\\/es\\\/etapas\\\/ecole-elementaire\\\/#breadcrumb\",\"itemListElement\":[{\"@type\":\"ListItem\",\"position\":1,\"name\":\"Portada\",\"item\":\"https:\\\/\\\/bonsoleil.es\\\/es\\\/\"},{\"@type\":\"ListItem\",\"position\":2,\"name\":\"Etapas\",\"item\":\"https:\\\/\\\/bonsoleil.es\\\/es\\\/etapas\\\/\"},{\"@type\":\"ListItem\",\"position\":3,\"name\":\"\u00c9cole \u00c9l\u00e9mentaire\"}]},{\"@type\":\"WebSite\",\"@id\":\"https:\\\/\\\/bonsoleil.es\\\/es\\\/#website\",\"url\":\"https:\\\/\\\/bonsoleil.es\\\/es\\\/\",\"name\":\"Lyc\u00e9e International Barcelona \u00b7 Bon Soleil\",\"description\":\"Lyc\u00e9e International Barcelona\",\"potentialAction\":[{\"@type\":\"SearchAction\",\"target\":{\"@type\":\"EntryPoint\",\"urlTemplate\":\"https:\\\/\\\/bonsoleil.es\\\/es\\\/?s={search_term_string}\"},\"query-input\":{\"@type\":\"PropertyValueSpecification\",\"valueRequired\":true,\"valueName\":\"search_term_string\"}}],\"inLanguage\":\"es\"}]}<\/script>\n<!-- \/ Yoast SEO plugin. -->","yoast_head_json":{"title":"\u00c9cole \u00c9l\u00e9mentaire - Lyc\u00e9e International Barcelona \u00b7 Bon Soleil","robots":{"index":"index","follow":"follow","max-snippet":"max-snippet:-1","max-image-preview":"max-image-preview:large","max-video-preview":"max-video-preview:-1"},"canonical":"https:\/\/bonsoleil.es\/es\/etapas\/ecole-elementaire\/","og_locale":"es_ES","og_type":"article","og_title":"\u00c9cole \u00c9l\u00e9mentaire - Lyc\u00e9e International Barcelona \u00b7 Bon Soleil","og_description":"Es la primera etapa del viaje educativo de los alumnos, en la que adquieren las habilidades fundamentales (leer, escribir, contar y respetar a los dem\u00e1s) hasta llegar a primaria. CICLO 2Ciclo de aprendizaje de habilidades fundamentales CICLO 3Ciclo de aprendizaje de habilidades fundamentales Curso preparatorio (CP) 1er a\u00f1o de \u00c9l\u00e9mentaire, CE1 2\u00ba a\u00f1o de \u00c9l\u00e9mentaire,... Ver art\u00edculo","og_url":"https:\/\/bonsoleil.es\/es\/etapas\/ecole-elementaire\/","og_site_name":"Lyc\u00e9e International Barcelona \u00b7 Bon Soleil","article_publisher":"https:\/\/www.facebook.com\/libBonSoleil\/","article_modified_time":"2024-04-04T10:53:48+00:00","twitter_card":"summary_large_image","twitter_site":"@lib_bonsoleil","twitter_misc":{"Tiempo de lectura":"1 minuto"},"schema":{"@context":"https:\/\/schema.org","@graph":[{"@type":"WebPage","@id":"https:\/\/bonsoleil.es\/es\/etapas\/ecole-elementaire\/","url":"https:\/\/bonsoleil.es\/es\/etapas\/ecole-elementaire\/","name":"\u00c9cole \u00c9l\u00e9mentaire - Lyc\u00e9e International Barcelona \u00b7 Bon Soleil","isPartOf":{"@id":"https:\/\/bonsoleil.es\/es\/#website"},"datePublished":"2022-09-23T10:09:47+00:00","dateModified":"2024-04-04T10:53:48+00:00","breadcrumb":{"@id":"https:\/\/bonsoleil.es\/es\/etapas\/ecole-elementaire\/#breadcrumb"},"inLanguage":"es","potentialAction":[{"@type":"ReadAction","target":["https:\/\/bonsoleil.es\/es\/etapas\/ecole-elementaire\/"]}]},{"@type":"BreadcrumbList","@id":"https:\/\/bonsoleil.es\/es\/etapas\/ecole-elementaire\/#breadcrumb","itemListElement":[{"@type":"ListItem","position":1,"name":"Portada","item":"https:\/\/bonsoleil.es\/es\/"},{"@type":"ListItem","position":2,"name":"Etapas","item":"https:\/\/bonsoleil.es\/es\/etapas\/"},{"@type":"ListItem","position":3,"name":"\u00c9cole \u00c9l\u00e9mentaire"}]},{"@type":"WebSite","@id":"https:\/\/bonsoleil.es\/es\/#website","url":"https:\/\/bonsoleil.es\/es\/","name":"Lyc\u00e9e International Barcelona \u00b7 Bon Soleil","description":"Lyc\u00e9e International Barcelona","potentialAction":[{"@type":"SearchAction","target":{"@type":"EntryPoint","urlTemplate":"https:\/\/bonsoleil.es\/es\/?s={search_term_string}"},"query-input":{"@type":"PropertyValueSpecification","valueRequired":true,"valueName":"search_term_string"}}],"inLanguage":"es"}]}},"_links":{"self":[{"href":"https:\/\/bonsoleil.es\/es\/wp-json\/wp\/v2\/pages\/110312","targetHints":{"allow":["GET"]}}],"collection":[{"href":"https:\/\/bonsoleil.es\/es\/wp-json\/wp\/v2\/pages"}],"about":[{"href":"https:\/\/bonsoleil.es\/es\/wp-json\/wp\/v2\/types\/page"}],"author":[{"embeddable":true,"href":"https:\/\/bonsoleil.es\/es\/wp-json\/wp\/v2\/users\/1"}],"replies":[{"embeddable":true,"href":"https:\/\/bonsoleil.es\/es\/wp-json\/wp\/v2\/comments?post=110312"}],"version-history":[{"count":13,"href":"https:\/\/bonsoleil.es\/es\/wp-json\/wp\/v2\/pages\/110312\/revisions"}],"predecessor-version":[{"id":123081,"href":"https:\/\/bonsoleil.es\/es\/wp-json\/wp\/v2\/pages\/110312\/revisions\/123081"}],"up":[{"embeddable":true,"href":"https:\/\/bonsoleil.es\/es\/wp-json\/wp\/v2\/pages\/110190"}],"wp:attachment":[{"href":"https:\/\/bonsoleil.es\/es\/wp-json\/wp\/v2\/media?parent=110312"}],"curies":[{"name":"wp","href":"https:\/\/api.w.org\/{rel}","templated":true}]}}