{"id":119792,"date":"2024-01-03T11:47:14","date_gmt":"2024-01-03T10:47:14","guid":{"rendered":"https:\/\/bonsoleil.es\/dr-francisco-villar-como-las-pantallas-devoran-a-nuestros-hijos\/"},"modified":"2024-01-08T09:28:21","modified_gmt":"2024-01-08T08:28:21","slug":"dr-francisco-villar-como-las-pantallas-devoran-a-nuestros-hijos","status":"publish","type":"page","link":"https:\/\/bonsoleil.es\/es\/dr-francisco-villar-como-las-pantallas-devoran-a-nuestros-hijos\/","title":{"rendered":"Dr. Francisco Villar &#8211; \u201cC\u00f3mo las pantallas devoran a nuestros hijos\u201d"},"content":{"rendered":"\n<figure class=\"wp-block-image size-full\"><img loading=\"lazy\" decoding=\"async\" width=\"2560\" height=\"1440\" src=\"https:\/\/bonsoleil.es\/web\/wp-content\/uploads\/2024\/01\/ES_TV_Francisco_Villar-scaled.jpg\" alt=\"\" class=\"wp-image-119796\" srcset=\"https:\/\/bonsoleil.es\/web\/wp-content\/uploads\/2024\/01\/ES_TV_Francisco_Villar-scaled.jpg 2560w, https:\/\/bonsoleil.es\/web\/wp-content\/uploads\/2024\/01\/ES_TV_Francisco_Villar-250x141.jpg 250w, https:\/\/bonsoleil.es\/web\/wp-content\/uploads\/2024\/01\/ES_TV_Francisco_Villar-700x394.jpg 700w, https:\/\/bonsoleil.es\/web\/wp-content\/uploads\/2024\/01\/ES_TV_Francisco_Villar-768x432.jpg 768w, https:\/\/bonsoleil.es\/web\/wp-content\/uploads\/2024\/01\/ES_TV_Francisco_Villar-1536x864.jpg 1536w, https:\/\/bonsoleil.es\/web\/wp-content\/uploads\/2024\/01\/ES_TV_Francisco_Villar-2048x1152.jpg 2048w, https:\/\/bonsoleil.es\/web\/wp-content\/uploads\/2024\/01\/ES_TV_Francisco_Villar-120x68.jpg 120w\" sizes=\"auto, (max-width: 2560px) 100vw, 2560px\" \/><\/figure>\n\n\n\n<p>Estimadas familias, <\/p>\n\n\n\n<p>Desde la <strong>Fundaci\u00f3n Antonio Cabr\u00e9 Bon Soleil y Lyc\u00e9e International Barcelona Bon Soleil<\/strong>, les invitamos el pr\u00f3ximo <strong>martes 23 de enero a las 17.30<\/strong>, a la conferencia \u201c<strong>C\u00f3mo las pantallas devoran a nuestros hijos<\/strong>\u201d impartida por el <strong>Dr. Francisco Villar<\/strong>, especialista en prevenci\u00f3n del suicidio adolescente del Hospital Sant Joan de D\u00e9u. <\/p>\n\n\n\n<p>El Sr. Villar es Doctor en Psicolog\u00eda por la Universidad Aut\u00f3noma de Barcelona (2018). Su tesis doctoral aborda la conducta suicida en menores, \u00e1mbito en el que es especialista. Adem\u00e1s, el doctor recibi\u00f3 formaci\u00f3n espec\u00edfica de terapia familiar en el centro de orientaci\u00f3n familiar \u00abRoberto Clemente Family Guidance Center\u00bb de Nueva York. Forma parte del grupo asesor de expertos de prevenci\u00f3n del suicidio del \u201cPla Director de Salut Mental i Addiccions\u201d del Departament de Salut de la Generalitat de Catalu\u00f1a.<\/p>\n\n\n\n<p>Las plazas son limitadas y se asignar\u00e1n seg\u00fan el orden de inscripci\u00f3n.<\/p>\n\n\n<div class=\"frm_forms  with_frm_style frm_style_formidable-style\" id=\"frm_form_6_container\" data-token=\"fdb1cfc8d1b2d202d484f636828cea39\">\n<form enctype=\"multipart\/form-data\" method=\"post\" class=\"frm-show-form  frm_js_validate  frm_pro_form \" id=\"form_dr-francisco-villar-como-las-pantallas-devoran-a-nuestros-hijos\" data-token=\"fdb1cfc8d1b2d202d484f636828cea39\">\n<div class=\"frm_form_fields \">\n<fieldset>\n<legend class=\"frm_screen_reader\">Dr. Francisco Villar &#8211; \u201cC\u00f3mo las pantallas devoran a nuestros hijos\u201d<\/legend>\r\n\r\n<div class=\"frm_fields_container\">\n<input type=\"hidden\" name=\"frm_action\" value=\"create\" \/>\n<input type=\"hidden\" name=\"form_id\" value=\"6\" \/>\n<input type=\"hidden\" name=\"frm_hide_fields_6\" id=\"frm_hide_fields_6\" value=\"\" \/>\n<input type=\"hidden\" name=\"form_key\" value=\"dr-francisco-villar-como-las-pantallas-devoran-a-nuestros-hijos\" \/>\n<input type=\"hidden\" name=\"item_meta[0]\" value=\"\" \/>\n<input type=\"hidden\" id=\"frm_submit_entry_6\" name=\"frm_submit_entry_6\" value=\"797a0b7168\" \/><input type=\"hidden\" name=\"_wp_http_referer\" value=\"\/es\/wp-json\/wp\/v2\/pages\/119792\" \/><div id=\"frm_field_150_container\" class=\"frm_form_field frm_section_heading form-field  frm12 frm_first\">\r\n<h3 class=\"frm_pos_top frm_section_spacing\"><\/h3>\r\n\r\n\r\n<div id=\"frm_field_147_container\" class=\"frm_form_field form-field  frm_required_field frm_top_container frm12 frm_first\">\r\n    <div  id=\"field_bvwbw_label\" class=\"frm_primary_label\">Nombre del Asistente\r\n        <span class=\"frm_required\" aria-hidden=\"true\">*<\/span>\r\n    <\/div>\r\n    <fieldset aria-labelledby=\"field_bvwbw_label\">\n\t<legend class=\"frm_screen_reader frm_hidden\">\n\t\tNombre del Asistente\t<\/legend>\n\n\t<div  class=\"frm_combo_inputs_container\" id=\"frm_combo_inputs_container_147\" data-name-layout=\"last_first\">\n\t\t\t\t\t<div\n\t\t\t\tid=\"frm_field_147-last_container\"\n\t\t\t\tclass=\"frm_form_field form-field frm_form_subfield-last  frm6\"\n\t\t\t\tdata-sub-field-name=\"last\"\n\t\t\t>\n\t\t\t\t<label for=\"field_bvwbw_last\" class=\"frm_screen_reader frm_hidden\">\n\t\t\t\t\tApellido(s)\t\t\t\t<\/label>\n\n\t\t\t\t<input  type=\"text\" id=\"field_bvwbw_last\" value=\"\" name=\"item_meta[147][last]\" autocomplete=\"family-name\" data-sectionid=\"150\"  data-reqmsg=\"Este campo no puede estar vac\u00edo.\" aria-required=\"true\" data-invmsg=\"Nombre del Asistente no es v\u00e1lido\" aria-invalid=\"false\"  \/><div class=\"frm_description\" id=\"frm_field_147_last_desc\">Apellido(s)<\/div>\t\t\t<\/div>\n\t\t\t\t\t\t<div\n\t\t\t\tid=\"frm_field_147-first_container\"\n\t\t\t\tclass=\"frm_form_field form-field frm_form_subfield-first  frm6\"\n\t\t\t\tdata-sub-field-name=\"first\"\n\t\t\t>\n\t\t\t\t<label for=\"field_bvwbw_first\" class=\"frm_screen_reader frm_hidden\">\n\t\t\t\t\tNombre\t\t\t\t<\/label>\n\n\t\t\t\t<input  type=\"text\" id=\"field_bvwbw_first\" value=\"\" name=\"item_meta[147][first]\" autocomplete=\"given-name\" data-sectionid=\"150\"  data-reqmsg=\"Este campo no puede estar vac\u00edo.\" aria-required=\"true\" data-invmsg=\"Nombre del Asistente no es v\u00e1lido\" aria-invalid=\"false\"  \/><div class=\"frm_description\" id=\"frm_field_147_first_desc\">Nombre<\/div>\t\t\t<\/div>\n\t\t\t\t<\/div>\n<\/fieldset>\n\r\n    \r\n    \r\n<\/div>\n<div id=\"frm_field_155_container\" class=\"frm_form_field form-field  frm_required_field frm_top_container\">\r\n    <label for=\"field_uopa9\" id=\"field_uopa9_label\" class=\"frm_primary_label\">Email\r\n        <span class=\"frm_required\" aria-hidden=\"true\">*<\/span>\r\n    <\/label>\r\n    <input type=\"email\" id=\"field_uopa9\" name=\"item_meta[155]\" value=\"\"  data-sectionid=\"150\"  autocomplete=\"email\"  data-reqmsg=\"Este campo no puede estar vac\u00edo.\" aria-required=\"true\" data-invmsg=\"Correo electr\u00f3nico no es v\u00e1lido.\" aria-invalid=\"false\"  \/>\r\n    \r\n    \r\n<\/div>\n<div id=\"frm_field_152_container\" class=\"frm_form_field form-field  frm_top_container frm12 frm_first\">\r\n    <label for=\"field_1z9k1\" id=\"field_1z9k1_label\" class=\"frm_primary_label\">Padre\/Madre\/Tutor del Alumno (Nombre del alumno\/a)\r\n        <span class=\"frm_required\" aria-hidden=\"true\"><\/span>\r\n    <\/label>\r\n    <input  type=\"text\" id=\"field_1z9k1\" name=\"item_meta[152]\" value=\"\"  data-sectionid=\"150\"  data-invmsg=\"Texto no es v\u00e1lido\" aria-invalid=\"false\"   \/>\r\n    \r\n    \r\n<\/div>\n<\/div>\n<div id=\"frm_field_153_container\" class=\"frm_form_field form-field  frm_required_field frm_top_container vertical_radio\">\r\n    <div  id=\"field_aseks_label\" class=\"frm_primary_label\">Pol\u00edtica de privacidad\r\n        <span class=\"frm_required\" aria-hidden=\"true\">*<\/span>\r\n    <\/div>\r\n    <div class=\"frm_opt_container\" aria-labelledby=\"field_aseks_label\" role=\"group\">\t\t<div class=\"frm_checkbox\" id=\"frm_checkbox_153-1\">\t\t\t<label  for=\"field_aseks-1\">\n\t\t\t<input type=\"checkbox\" name=\"item_meta[153][]\" id=\"field_aseks-1\" value=\"J&#039;accepte la &lt;a href=&quot;https:\/\/bonsoleil.es\/web\/politica-de-privacidad\/&quot; target=&quot;_blank&quot; class=&quot;fancybox-iframe&quot;&gt;Politique de Confidentialit\u00e9 et les Conditions G\u00e9n\u00e9rales&lt;\/a&gt; d&#039;utilisation\"  data-reqmsg=\"Este campo no puede estar vac\u00edo.\" data-invmsg=\"Pol\u00edtica de privacidad no es v\u00e1lido\"   aria-required=\"true\"  \/> He le\u00eddo y aceptado las <a href=\"https:\/\/bonsoleil.es\/web\/politica-de-privacidad\/\" target=\"_blank\" class=\"fancybox-iframe\">condiciones legales<\/a>.<\/label><\/div>\n<\/div>\r\n    \r\n    \r\n<\/div>\n<div id=\"frm_field_154_container\" class=\"frm_form_field form-field  frm_none_container\">\r\n    <label for=\"g-recaptcha-response\" id=\"field_fpmoy_label\" class=\"frm_primary_label\">Captcha\r\n        <span class=\"frm_required\" aria-hidden=\"true\"><\/span>\r\n    <\/label>\r\n    <div  id=\"field_fpmoy\" class=\"frm-g-recaptcha\" data-sitekey=\"6Leg1gMeAAAAAPDNrv4gHl28IE7V3rK_Ah3t0VLD\" data-size=\"invisible\" data-theme=\"light\"><\/div>\r\n    \r\n    \r\n<\/div>\n<div id=\"frm_field_190_container\" class=\"frm_form_field form-field \">\n\t<div class=\"frm_submit frm_flex\">\r\n<button class=\"frm_button_submit frm_final_submit\" type=\"submit\"   formnovalidate=\"formnovalidate\">Envoyer<\/button>\r\n\r\n\r\n\r\n<\/div>\n<\/div>\n\t<input type=\"hidden\" name=\"item_key\" value=\"\" \/>\n\t\t\t<div id=\"frm_field_212_container\">\n\t\t\t<label for=\"field_7dn4\" >\n\t\t\t\tSi eres humano, deja este campo en blanco.\t\t\t<\/label>\n\t\t\t<input  id=\"field_7dn4\" type=\"text\" class=\"frm_form_field form-field frm_verify\" name=\"item_meta[212]\" value=\"\"  \/>\n\t\t<\/div>\n\t\t<input name=\"frm_state\" type=\"hidden\" value=\"ksznkkW4RxoVJHyl9I3rg4oTY9CBYYaxHQyesEULHXChw9HDJtrs+n7RKhwyZQMN\" \/><\/div>\n<\/fieldset>\n<\/div>\n\n<\/form>\n<\/div>\n","protected":false},"excerpt":{"rendered":"Estimadas familias, Desde la Fundaci\u00f3n Antonio Cabr\u00e9 Bon Soleil y Lyc\u00e9e International Barcelona Bon Soleil, les invitamos el pr\u00f3ximo martes 23 de enero a las 17.30, a la conferencia \u201cC\u00f3mo las pantallas devoran a nuestros hijos\u201d impartida por el Dr. Francisco Villar, especialista en prevenci\u00f3n del suicidio adolescente del Hospital Sant Joan de D\u00e9u. El&#8230; <a class=\"view-article\" href=\"https:\/\/bonsoleil.es\/es\/dr-francisco-villar-como-las-pantallas-devoran-a-nuestros-hijos\/\">Ver art\u00edculo<\/a>","protected":false},"author":1,"featured_media":0,"parent":0,"menu_order":0,"comment_status":"closed","ping_status":"closed","template":"","meta":{"_acf_changed":false,"rs_blank_template":"","rs_page_bg_color":"","slide_template_v7":"","footnotes":"","_links_to":"","_links_to_target":""},"class_list":["post-119792","page","type-page","status-publish","hentry"],"acf":[],"yoast_head":"<!-- This site is optimized with the Yoast SEO plugin v27.3 - https:\/\/yoast.com\/product\/yoast-seo-wordpress\/ -->\n<title>Dr. Francisco Villar - \u201cC\u00f3mo las pantallas devoran a nuestros hijos\u201d - Lyc\u00e9e International Barcelona \u00b7 Bon Soleil<\/title>\n<meta name=\"robots\" content=\"index, follow, max-snippet:-1, max-image-preview:large, max-video-preview:-1\" \/>\n<link rel=\"canonical\" href=\"https:\/\/bonsoleil.es\/es\/dr-francisco-villar-como-las-pantallas-devoran-a-nuestros-hijos\/\" \/>\n<meta property=\"og:locale\" content=\"es_ES\" \/>\n<meta property=\"og:type\" content=\"article\" \/>\n<meta property=\"og:title\" content=\"Dr. Francisco Villar - \u201cC\u00f3mo las pantallas devoran a nuestros hijos\u201d - Lyc\u00e9e International Barcelona \u00b7 Bon Soleil\" \/>\n<meta property=\"og:description\" content=\"Estimadas familias, Desde la Fundaci\u00f3n Antonio Cabr\u00e9 Bon Soleil y Lyc\u00e9e International Barcelona Bon Soleil, les invitamos el pr\u00f3ximo martes 23 de enero a las 17.30, a la conferencia \u201cC\u00f3mo las pantallas devoran a nuestros hijos\u201d impartida por el Dr. Francisco Villar, especialista en prevenci\u00f3n del suicidio adolescente del Hospital Sant Joan de D\u00e9u. El... Ver art\u00edculo\" \/>\n<meta property=\"og:url\" content=\"https:\/\/bonsoleil.es\/es\/dr-francisco-villar-como-las-pantallas-devoran-a-nuestros-hijos\/\" \/>\n<meta property=\"og:site_name\" content=\"Lyc\u00e9e International Barcelona \u00b7 Bon Soleil\" \/>\n<meta property=\"article:publisher\" content=\"https:\/\/www.facebook.com\/libBonSoleil\/\" \/>\n<meta property=\"article:modified_time\" content=\"2024-01-08T08:28:21+00:00\" \/>\n<meta property=\"og:image\" content=\"https:\/\/bonsoleil.es\/web\/wp-content\/uploads\/2024\/01\/ES_TV_Francisco_Villar-scaled.jpg\" \/>\n<meta name=\"twitter:card\" content=\"summary_large_image\" \/>\n<meta name=\"twitter:site\" content=\"@lib_bonsoleil\" \/>\n<meta name=\"twitter:label1\" content=\"Tiempo de lectura\" \/>\n\t<meta name=\"twitter:data1\" content=\"1 minuto\" \/>\n<script type=\"application\/ld+json\" class=\"yoast-schema-graph\">{\"@context\":\"https:\\\/\\\/schema.org\",\"@graph\":[{\"@type\":\"WebPage\",\"@id\":\"https:\\\/\\\/bonsoleil.es\\\/es\\\/dr-francisco-villar-como-las-pantallas-devoran-a-nuestros-hijos\\\/\",\"url\":\"https:\\\/\\\/bonsoleil.es\\\/es\\\/dr-francisco-villar-como-las-pantallas-devoran-a-nuestros-hijos\\\/\",\"name\":\"Dr. Francisco Villar - \u201cC\u00f3mo las pantallas devoran a nuestros hijos\u201d - Lyc\u00e9e International Barcelona \u00b7 Bon Soleil\",\"isPartOf\":{\"@id\":\"https:\\\/\\\/bonsoleil.es\\\/es\\\/#website\"},\"primaryImageOfPage\":{\"@id\":\"https:\\\/\\\/bonsoleil.es\\\/es\\\/dr-francisco-villar-como-las-pantallas-devoran-a-nuestros-hijos\\\/#primaryimage\"},\"image\":{\"@id\":\"https:\\\/\\\/bonsoleil.es\\\/es\\\/dr-francisco-villar-como-las-pantallas-devoran-a-nuestros-hijos\\\/#primaryimage\"},\"thumbnailUrl\":\"https:\\\/\\\/bonsoleil.es\\\/web\\\/wp-content\\\/uploads\\\/2024\\\/01\\\/ES_TV_Francisco_Villar-scaled.jpg\",\"datePublished\":\"2024-01-03T10:47:14+00:00\",\"dateModified\":\"2024-01-08T08:28:21+00:00\",\"breadcrumb\":{\"@id\":\"https:\\\/\\\/bonsoleil.es\\\/es\\\/dr-francisco-villar-como-las-pantallas-devoran-a-nuestros-hijos\\\/#breadcrumb\"},\"inLanguage\":\"es\",\"potentialAction\":[{\"@type\":\"ReadAction\",\"target\":[\"https:\\\/\\\/bonsoleil.es\\\/es\\\/dr-francisco-villar-como-las-pantallas-devoran-a-nuestros-hijos\\\/\"]}]},{\"@type\":\"ImageObject\",\"inLanguage\":\"es\",\"@id\":\"https:\\\/\\\/bonsoleil.es\\\/es\\\/dr-francisco-villar-como-las-pantallas-devoran-a-nuestros-hijos\\\/#primaryimage\",\"url\":\"https:\\\/\\\/bonsoleil.es\\\/web\\\/wp-content\\\/uploads\\\/2024\\\/01\\\/ES_TV_Francisco_Villar-scaled.jpg\",\"contentUrl\":\"https:\\\/\\\/bonsoleil.es\\\/web\\\/wp-content\\\/uploads\\\/2024\\\/01\\\/ES_TV_Francisco_Villar-scaled.jpg\"},{\"@type\":\"BreadcrumbList\",\"@id\":\"https:\\\/\\\/bonsoleil.es\\\/es\\\/dr-francisco-villar-como-las-pantallas-devoran-a-nuestros-hijos\\\/#breadcrumb\",\"itemListElement\":[{\"@type\":\"ListItem\",\"position\":1,\"name\":\"Portada\",\"item\":\"https:\\\/\\\/bonsoleil.es\\\/es\\\/\"},{\"@type\":\"ListItem\",\"position\":2,\"name\":\"Dr. Francisco Villar &#8211; \u201cC\u00f3mo las pantallas devoran a nuestros hijos\u201d\"}]},{\"@type\":\"WebSite\",\"@id\":\"https:\\\/\\\/bonsoleil.es\\\/es\\\/#website\",\"url\":\"https:\\\/\\\/bonsoleil.es\\\/es\\\/\",\"name\":\"Lyc\u00e9e International Barcelona \u00b7 Bon Soleil\",\"description\":\"Lyc\u00e9e International Barcelona\",\"potentialAction\":[{\"@type\":\"SearchAction\",\"target\":{\"@type\":\"EntryPoint\",\"urlTemplate\":\"https:\\\/\\\/bonsoleil.es\\\/es\\\/?s={search_term_string}\"},\"query-input\":{\"@type\":\"PropertyValueSpecification\",\"valueRequired\":true,\"valueName\":\"search_term_string\"}}],\"inLanguage\":\"es\"}]}<\/script>\n<!-- \/ Yoast SEO plugin. -->","yoast_head_json":{"title":"Dr. Francisco Villar - \u201cC\u00f3mo las pantallas devoran a nuestros hijos\u201d - Lyc\u00e9e International Barcelona \u00b7 Bon Soleil","robots":{"index":"index","follow":"follow","max-snippet":"max-snippet:-1","max-image-preview":"max-image-preview:large","max-video-preview":"max-video-preview:-1"},"canonical":"https:\/\/bonsoleil.es\/es\/dr-francisco-villar-como-las-pantallas-devoran-a-nuestros-hijos\/","og_locale":"es_ES","og_type":"article","og_title":"Dr. Francisco Villar - \u201cC\u00f3mo las pantallas devoran a nuestros hijos\u201d - Lyc\u00e9e International Barcelona \u00b7 Bon Soleil","og_description":"Estimadas familias, Desde la Fundaci\u00f3n Antonio Cabr\u00e9 Bon Soleil y Lyc\u00e9e International Barcelona Bon Soleil, les invitamos el pr\u00f3ximo martes 23 de enero a las 17.30, a la conferencia \u201cC\u00f3mo las pantallas devoran a nuestros hijos\u201d impartida por el Dr. Francisco Villar, especialista en prevenci\u00f3n del suicidio adolescente del Hospital Sant Joan de D\u00e9u. El... Ver art\u00edculo","og_url":"https:\/\/bonsoleil.es\/es\/dr-francisco-villar-como-las-pantallas-devoran-a-nuestros-hijos\/","og_site_name":"Lyc\u00e9e International Barcelona \u00b7 Bon Soleil","article_publisher":"https:\/\/www.facebook.com\/libBonSoleil\/","article_modified_time":"2024-01-08T08:28:21+00:00","og_image":[{"url":"https:\/\/bonsoleil.es\/web\/wp-content\/uploads\/2024\/01\/ES_TV_Francisco_Villar-scaled.jpg","type":"","width":"","height":""}],"twitter_card":"summary_large_image","twitter_site":"@lib_bonsoleil","twitter_misc":{"Tiempo de lectura":"1 minuto"},"schema":{"@context":"https:\/\/schema.org","@graph":[{"@type":"WebPage","@id":"https:\/\/bonsoleil.es\/es\/dr-francisco-villar-como-las-pantallas-devoran-a-nuestros-hijos\/","url":"https:\/\/bonsoleil.es\/es\/dr-francisco-villar-como-las-pantallas-devoran-a-nuestros-hijos\/","name":"Dr. Francisco Villar - \u201cC\u00f3mo las pantallas devoran a nuestros hijos\u201d - Lyc\u00e9e International Barcelona \u00b7 Bon Soleil","isPartOf":{"@id":"https:\/\/bonsoleil.es\/es\/#website"},"primaryImageOfPage":{"@id":"https:\/\/bonsoleil.es\/es\/dr-francisco-villar-como-las-pantallas-devoran-a-nuestros-hijos\/#primaryimage"},"image":{"@id":"https:\/\/bonsoleil.es\/es\/dr-francisco-villar-como-las-pantallas-devoran-a-nuestros-hijos\/#primaryimage"},"thumbnailUrl":"https:\/\/bonsoleil.es\/web\/wp-content\/uploads\/2024\/01\/ES_TV_Francisco_Villar-scaled.jpg","datePublished":"2024-01-03T10:47:14+00:00","dateModified":"2024-01-08T08:28:21+00:00","breadcrumb":{"@id":"https:\/\/bonsoleil.es\/es\/dr-francisco-villar-como-las-pantallas-devoran-a-nuestros-hijos\/#breadcrumb"},"inLanguage":"es","potentialAction":[{"@type":"ReadAction","target":["https:\/\/bonsoleil.es\/es\/dr-francisco-villar-como-las-pantallas-devoran-a-nuestros-hijos\/"]}]},{"@type":"ImageObject","inLanguage":"es","@id":"https:\/\/bonsoleil.es\/es\/dr-francisco-villar-como-las-pantallas-devoran-a-nuestros-hijos\/#primaryimage","url":"https:\/\/bonsoleil.es\/web\/wp-content\/uploads\/2024\/01\/ES_TV_Francisco_Villar-scaled.jpg","contentUrl":"https:\/\/bonsoleil.es\/web\/wp-content\/uploads\/2024\/01\/ES_TV_Francisco_Villar-scaled.jpg"},{"@type":"BreadcrumbList","@id":"https:\/\/bonsoleil.es\/es\/dr-francisco-villar-como-las-pantallas-devoran-a-nuestros-hijos\/#breadcrumb","itemListElement":[{"@type":"ListItem","position":1,"name":"Portada","item":"https:\/\/bonsoleil.es\/es\/"},{"@type":"ListItem","position":2,"name":"Dr. Francisco Villar &#8211; \u201cC\u00f3mo las pantallas devoran a nuestros hijos\u201d"}]},{"@type":"WebSite","@id":"https:\/\/bonsoleil.es\/es\/#website","url":"https:\/\/bonsoleil.es\/es\/","name":"Lyc\u00e9e International Barcelona \u00b7 Bon Soleil","description":"Lyc\u00e9e International Barcelona","potentialAction":[{"@type":"SearchAction","target":{"@type":"EntryPoint","urlTemplate":"https:\/\/bonsoleil.es\/es\/?s={search_term_string}"},"query-input":{"@type":"PropertyValueSpecification","valueRequired":true,"valueName":"search_term_string"}}],"inLanguage":"es"}]}},"_links":{"self":[{"href":"https:\/\/bonsoleil.es\/es\/wp-json\/wp\/v2\/pages\/119792","targetHints":{"allow":["GET"]}}],"collection":[{"href":"https:\/\/bonsoleil.es\/es\/wp-json\/wp\/v2\/pages"}],"about":[{"href":"https:\/\/bonsoleil.es\/es\/wp-json\/wp\/v2\/types\/page"}],"author":[{"embeddable":true,"href":"https:\/\/bonsoleil.es\/es\/wp-json\/wp\/v2\/users\/1"}],"replies":[{"embeddable":true,"href":"https:\/\/bonsoleil.es\/es\/wp-json\/wp\/v2\/comments?post=119792"}],"version-history":[{"count":5,"href":"https:\/\/bonsoleil.es\/es\/wp-json\/wp\/v2\/pages\/119792\/revisions"}],"predecessor-version":[{"id":119801,"href":"https:\/\/bonsoleil.es\/es\/wp-json\/wp\/v2\/pages\/119792\/revisions\/119801"}],"wp:attachment":[{"href":"https:\/\/bonsoleil.es\/es\/wp-json\/wp\/v2\/media?parent=119792"}],"curies":[{"name":"wp","href":"https:\/\/api.w.org\/{rel}","templated":true}]}}