{"id":122994,"date":"2024-03-22T14:28:46","date_gmt":"2024-03-22T13:28:46","guid":{"rendered":"https:\/\/bonsoleil.es\/?page_id=122994"},"modified":"2024-03-22T14:29:53","modified_gmt":"2024-03-22T13:29:53","slug":"politicas-de-centro","status":"publish","type":"page","link":"https:\/\/bonsoleil.es\/es\/proyecto-pedagogico\/politicas-de-centro\/politicas-de-centro\/","title":{"rendered":"Pol\u00edticas de Centro"},"content":{"rendered":"\n<div class=\"wp-block-columns is-layout-flex wp-container-core-columns-is-layout-9d6595d7 wp-block-columns-is-layout-flex\">\n<div class=\"wp-block-column is-layout-flow wp-block-column-is-layout-flow\">\n<div class=\"wp-block-buttons is-layout-flex wp-block-buttons-is-layout-flex\">\n<div class=\"wp-block-button is-style-fill\"><a class=\"wp-block-button__link wp-element-button\" href=\"https:\/\/bonsoleil.es\/web\/wp-content\/uploads\/2024\/02\/politica_inclusionBS2023_CAS.pdf\" style=\"border-radius:0px\" target=\"_blank\" rel=\"noreferrer noopener\">Pol\u00edtica de inclusi\u00f3n<\/a><\/div>\n<\/div>\n<\/div>\n\n\n\n<div class=\"wp-block-column is-layout-flow wp-block-column-is-layout-flow\">\n<div class=\"wp-block-buttons is-layout-flex wp-block-buttons-is-layout-flex\">\n<div class=\"wp-block-button is-style-fill\"><a class=\"wp-block-button__link wp-element-button\" href=\"https:\/\/bonsoleil.es\/web\/wp-content\/uploads\/2024\/02\/politique_dadmissionBS2023_FR.pdf\" style=\"border-radius:0px\" target=\"_blank\" rel=\"noreferrer noopener\">Pol\u00edtica de admisi\u00f3n<\/a><\/div>\n<\/div>\n<\/div>\n<\/div>\n\n\n\n<div class=\"wp-block-columns is-layout-flex wp-container-core-columns-is-layout-9d6595d7 wp-block-columns-is-layout-flex\">\n<div class=\"wp-block-column is-layout-flow wp-block-column-is-layout-flow\">\n<div class=\"wp-block-buttons is-layout-flex wp-block-buttons-is-layout-flex\">\n<div class=\"wp-block-button is-style-fill\"><a class=\"wp-block-button__link wp-element-button\" href=\"https:\/\/bonsoleil.es\/web\/wp-content\/uploads\/2024\/02\/politica_integridadBS2023_CAS.pdf\" style=\"border-radius:0px\" target=\"_blank\" rel=\"noreferrer noopener\">Pol\u00edtica de integridad acad\u00e9mica<\/a><\/div>\n<\/div>\n<\/div>\n\n\n\n<div class=\"wp-block-column is-layout-flow wp-block-column-is-layout-flow\">\n<div class=\"wp-block-buttons is-layout-flex wp-block-buttons-is-layout-flex\">\n<div class=\"wp-block-button is-style-fill\"><a class=\"wp-block-button__link wp-element-button\" href=\"https:\/\/bonsoleil.es\/web\/wp-content\/uploads\/2024\/02\/politica_linguisticaBS2023_CAS.pdf\" style=\"border-radius:0px\" target=\"_blank\" rel=\"noreferrer noopener\">Pol\u00edtica ling\u00fc\u00edstica<\/a><\/div>\n<\/div>\n<\/div>\n<\/div>\n\n\n\n<div class=\"wp-block-columns is-layout-flex wp-container-core-columns-is-layout-9d6595d7 wp-block-columns-is-layout-flex\">\n<div class=\"wp-block-column is-layout-flow wp-block-column-is-layout-flow\">\n<div class=\"wp-block-buttons is-layout-flex wp-block-buttons-is-layout-flex\">\n<div class=\"wp-block-button is-style-fill\"><a class=\"wp-block-button__link wp-element-button\" href=\"https:\/\/bonsoleil.es\/web\/wp-content\/uploads\/2024\/02\/politique_devaluationBS2023_FR.pdf\" style=\"border-radius:0px\" target=\"_blank\" rel=\"noreferrer noopener\">Pol\u00edtica de evaluaci\u00f3n<\/a><\/div>\n<\/div>\n<\/div>\n<\/div>\n","protected":false},"excerpt":{"rendered":"","protected":false},"author":1,"featured_media":0,"parent":122990,"menu_order":0,"comment_status":"closed","ping_status":"closed","template":"","meta":{"_acf_changed":false,"rs_blank_template":"","rs_page_bg_color":"","slide_template_v7":"","footnotes":"","_links_to":"","_links_to_target":""},"class_list":["post-122994","page","type-page","status-publish","hentry"],"acf":[],"yoast_head":"<!-- This site is optimized with the Yoast SEO plugin v27.3 - https:\/\/yoast.com\/product\/yoast-seo-wordpress\/ -->\n<title>Pol\u00edticas de Centro - Lyc\u00e9e International Barcelona \u00b7 Bon Soleil<\/title>\n<meta name=\"robots\" content=\"index, follow, max-snippet:-1, max-image-preview:large, max-video-preview:-1\" \/>\n<link rel=\"canonical\" href=\"https:\/\/bonsoleil.es\/es\/proyecto-pedagogico\/politicas-de-centro\/politicas-de-centro\/\" \/>\n<meta property=\"og:locale\" content=\"es_ES\" \/>\n<meta property=\"og:type\" content=\"article\" \/>\n<meta property=\"og:title\" content=\"Pol\u00edticas de Centro - Lyc\u00e9e International Barcelona \u00b7 Bon Soleil\" \/>\n<meta property=\"og:url\" content=\"https:\/\/bonsoleil.es\/es\/proyecto-pedagogico\/politicas-de-centro\/politicas-de-centro\/\" \/>\n<meta property=\"og:site_name\" content=\"Lyc\u00e9e International Barcelona \u00b7 Bon Soleil\" \/>\n<meta property=\"article:publisher\" content=\"https:\/\/www.facebook.com\/libBonSoleil\/\" \/>\n<meta property=\"article:modified_time\" content=\"2024-03-22T13:29:53+00:00\" \/>\n<meta name=\"twitter:card\" content=\"summary_large_image\" \/>\n<meta name=\"twitter:site\" content=\"@lib_bonsoleil\" \/>\n<meta name=\"twitter:label1\" content=\"Tiempo de lectura\" \/>\n\t<meta name=\"twitter:data1\" content=\"1 minuto\" \/>\n<script type=\"application\/ld+json\" class=\"yoast-schema-graph\">{\"@context\":\"https:\\\/\\\/schema.org\",\"@graph\":[{\"@type\":\"WebPage\",\"@id\":\"https:\\\/\\\/bonsoleil.es\\\/es\\\/proyecto-pedagogico\\\/politicas-de-centro\\\/politicas-de-centro\\\/\",\"url\":\"https:\\\/\\\/bonsoleil.es\\\/es\\\/proyecto-pedagogico\\\/politicas-de-centro\\\/politicas-de-centro\\\/\",\"name\":\"Pol\u00edticas de Centro - Lyc\u00e9e International Barcelona \u00b7 Bon Soleil\",\"isPartOf\":{\"@id\":\"https:\\\/\\\/bonsoleil.es\\\/es\\\/#website\"},\"datePublished\":\"2024-03-22T13:28:46+00:00\",\"dateModified\":\"2024-03-22T13:29:53+00:00\",\"breadcrumb\":{\"@id\":\"https:\\\/\\\/bonsoleil.es\\\/es\\\/proyecto-pedagogico\\\/politicas-de-centro\\\/politicas-de-centro\\\/#breadcrumb\"},\"inLanguage\":\"es\",\"potentialAction\":[{\"@type\":\"ReadAction\",\"target\":[\"https:\\\/\\\/bonsoleil.es\\\/es\\\/proyecto-pedagogico\\\/politicas-de-centro\\\/politicas-de-centro\\\/\"]}]},{\"@type\":\"BreadcrumbList\",\"@id\":\"https:\\\/\\\/bonsoleil.es\\\/es\\\/proyecto-pedagogico\\\/politicas-de-centro\\\/politicas-de-centro\\\/#breadcrumb\",\"itemListElement\":[{\"@type\":\"ListItem\",\"position\":1,\"name\":\"Portada\",\"item\":\"https:\\\/\\\/bonsoleil.es\\\/es\\\/\"},{\"@type\":\"ListItem\",\"position\":2,\"name\":\"Proyecto pedag\u00f3gico\",\"item\":\"https:\\\/\\\/bonsoleil.es\\\/es\\\/proyecto-pedagogico\\\/\"},{\"@type\":\"ListItem\",\"position\":3,\"name\":\"Pol\u00edticas de Centro\",\"item\":\"https:\\\/\\\/bonsoleil.es\\\/es\\\/proyecto-pedagogico\\\/politicas-de-centro\\\/\"},{\"@type\":\"ListItem\",\"position\":4,\"name\":\"Pol\u00edticas de Centro\"}]},{\"@type\":\"WebSite\",\"@id\":\"https:\\\/\\\/bonsoleil.es\\\/es\\\/#website\",\"url\":\"https:\\\/\\\/bonsoleil.es\\\/es\\\/\",\"name\":\"Lyc\u00e9e International Barcelona \u00b7 Bon Soleil\",\"description\":\"Lyc\u00e9e International Barcelona\",\"potentialAction\":[{\"@type\":\"SearchAction\",\"target\":{\"@type\":\"EntryPoint\",\"urlTemplate\":\"https:\\\/\\\/bonsoleil.es\\\/es\\\/?s={search_term_string}\"},\"query-input\":{\"@type\":\"PropertyValueSpecification\",\"valueRequired\":true,\"valueName\":\"search_term_string\"}}],\"inLanguage\":\"es\"}]}<\/script>\n<!-- \/ Yoast SEO plugin. -->","yoast_head_json":{"title":"Pol\u00edticas de Centro - Lyc\u00e9e International Barcelona \u00b7 Bon Soleil","robots":{"index":"index","follow":"follow","max-snippet":"max-snippet:-1","max-image-preview":"max-image-preview:large","max-video-preview":"max-video-preview:-1"},"canonical":"https:\/\/bonsoleil.es\/es\/proyecto-pedagogico\/politicas-de-centro\/politicas-de-centro\/","og_locale":"es_ES","og_type":"article","og_title":"Pol\u00edticas de Centro - Lyc\u00e9e International Barcelona \u00b7 Bon Soleil","og_url":"https:\/\/bonsoleil.es\/es\/proyecto-pedagogico\/politicas-de-centro\/politicas-de-centro\/","og_site_name":"Lyc\u00e9e International Barcelona \u00b7 Bon Soleil","article_publisher":"https:\/\/www.facebook.com\/libBonSoleil\/","article_modified_time":"2024-03-22T13:29:53+00:00","twitter_card":"summary_large_image","twitter_site":"@lib_bonsoleil","twitter_misc":{"Tiempo de lectura":"1 minuto"},"schema":{"@context":"https:\/\/schema.org","@graph":[{"@type":"WebPage","@id":"https:\/\/bonsoleil.es\/es\/proyecto-pedagogico\/politicas-de-centro\/politicas-de-centro\/","url":"https:\/\/bonsoleil.es\/es\/proyecto-pedagogico\/politicas-de-centro\/politicas-de-centro\/","name":"Pol\u00edticas de Centro - Lyc\u00e9e International Barcelona \u00b7 Bon Soleil","isPartOf":{"@id":"https:\/\/bonsoleil.es\/es\/#website"},"datePublished":"2024-03-22T13:28:46+00:00","dateModified":"2024-03-22T13:29:53+00:00","breadcrumb":{"@id":"https:\/\/bonsoleil.es\/es\/proyecto-pedagogico\/politicas-de-centro\/politicas-de-centro\/#breadcrumb"},"inLanguage":"es","potentialAction":[{"@type":"ReadAction","target":["https:\/\/bonsoleil.es\/es\/proyecto-pedagogico\/politicas-de-centro\/politicas-de-centro\/"]}]},{"@type":"BreadcrumbList","@id":"https:\/\/bonsoleil.es\/es\/proyecto-pedagogico\/politicas-de-centro\/politicas-de-centro\/#breadcrumb","itemListElement":[{"@type":"ListItem","position":1,"name":"Portada","item":"https:\/\/bonsoleil.es\/es\/"},{"@type":"ListItem","position":2,"name":"Proyecto pedag\u00f3gico","item":"https:\/\/bonsoleil.es\/es\/proyecto-pedagogico\/"},{"@type":"ListItem","position":3,"name":"Pol\u00edticas de Centro","item":"https:\/\/bonsoleil.es\/es\/proyecto-pedagogico\/politicas-de-centro\/"},{"@type":"ListItem","position":4,"name":"Pol\u00edticas de Centro"}]},{"@type":"WebSite","@id":"https:\/\/bonsoleil.es\/es\/#website","url":"https:\/\/bonsoleil.es\/es\/","name":"Lyc\u00e9e International Barcelona \u00b7 Bon Soleil","description":"Lyc\u00e9e International Barcelona","potentialAction":[{"@type":"SearchAction","target":{"@type":"EntryPoint","urlTemplate":"https:\/\/bonsoleil.es\/es\/?s={search_term_string}"},"query-input":{"@type":"PropertyValueSpecification","valueRequired":true,"valueName":"search_term_string"}}],"inLanguage":"es"}]}},"_links":{"self":[{"href":"https:\/\/bonsoleil.es\/es\/wp-json\/wp\/v2\/pages\/122994","targetHints":{"allow":["GET"]}}],"collection":[{"href":"https:\/\/bonsoleil.es\/es\/wp-json\/wp\/v2\/pages"}],"about":[{"href":"https:\/\/bonsoleil.es\/es\/wp-json\/wp\/v2\/types\/page"}],"author":[{"embeddable":true,"href":"https:\/\/bonsoleil.es\/es\/wp-json\/wp\/v2\/users\/1"}],"replies":[{"embeddable":true,"href":"https:\/\/bonsoleil.es\/es\/wp-json\/wp\/v2\/comments?post=122994"}],"version-history":[{"count":1,"href":"https:\/\/bonsoleil.es\/es\/wp-json\/wp\/v2\/pages\/122994\/revisions"}],"predecessor-version":[{"id":122995,"href":"https:\/\/bonsoleil.es\/es\/wp-json\/wp\/v2\/pages\/122994\/revisions\/122995"}],"up":[{"embeddable":true,"href":"https:\/\/bonsoleil.es\/es\/wp-json\/wp\/v2\/pages\/122990"}],"wp:attachment":[{"href":"https:\/\/bonsoleil.es\/es\/wp-json\/wp\/v2\/media?parent=122994"}],"curies":[{"name":"wp","href":"https:\/\/api.w.org\/{rel}","templated":true}]}}