{"id":124825,"date":"2024-04-17T14:46:49","date_gmt":"2024-04-17T12:46:49","guid":{"rendered":"https:\/\/bonsoleil.es\/summer-camp\/"},"modified":"2025-05-12T10:06:53","modified_gmt":"2025-05-12T08:06:53","slug":"summer-camp","status":"publish","type":"page","link":"https:\/\/bonsoleil.es\/es\/vida-escola\/summer-camp\/","title":{"rendered":"Summer Camp"},"content":{"rendered":"\n<p>Nos complace compartir con ustedes toda la informaci\u00f3n relativa al<strong> Summer Camp 2025 de Bon Soleil.<\/strong><\/p>\n\n\n\n<p>En el siguiente enlace, encontrar\u00e1n todos los detalles sobre nuestra amplia gama de actividades dise\u00f1adas para asegurar que sus hijos <strong>disfruten de un verano inolvidable y enriquecedor<\/strong>.<\/p>\n\n\n\n<p>Esperamos con entusiasmo darles la bienvenida a sus hijos para que se unan al <strong>Summer Camp 2025 de Bon Soleil.<\/strong><\/p>\n\n\n\n<div class=\"wp-block-buttons is-content-justification-center is-layout-flex wp-container-core-buttons-is-layout-16018d1d wp-block-buttons-is-layout-flex\">\n<div class=\"wp-block-button is-style-fill\"><a class=\"wp-block-button__link wp-element-button\" href=\"https:\/\/bonsoleil.es\/web\/wp-content\/themes\/bonsoleilre\/pdf\/ES_Colonias_verano_maternelle.pdf\" style=\"border-radius:0px\" target=\"_blank\" rel=\"noopener noreferrer noreferrer noopener\">TPS &#8211; PS &#8211; MS &#8211; GS<\/a><\/div>\n\n\n\n<div class=\"wp-block-button is-style-fill\"><a class=\"wp-block-button__link wp-element-button\" href=\"https:\/\/bonsoleil.es\/web\/wp-content\/themes\/bonsoleilre\/pdf\/ES_Colonias_verano_primaire.pdf\" style=\"border-radius:0px\" target=\"_blank\" rel=\"noopener noreferrer noreferrer noopener\">CP &#8211; CE1 &#8211; CE2 &#8211; CM1 &#8211; CM2<\/a><\/div>\n\n\n\n<div class=\"wp-block-button is-style-fill\"><a class=\"wp-block-button__link wp-element-button\" href=\"https:\/\/bonsoleil.es\/web\/wp-content\/themes\/bonsoleilre\/pdf\/ES_Colonias_verano_college.pdf\" style=\"border-radius:0px\" target=\"_blank\" rel=\"noopener noreferrer noreferrer noopener\">6\u00e8me &#8211; 5\u00e8me &#8211; 4\u00e8me &#8211; 3\u00e8me<\/a><\/div>\n<\/div>\n\n\n\n<div class=\"wp-block-buttons is-content-justification-center is-layout-flex wp-container-core-buttons-is-layout-16018d1d wp-block-buttons-is-layout-flex\">\n<div class=\"wp-block-button is-style-fill\"><a class=\"wp-block-button__link wp-element-button\" href=\"https:\/\/forms.gle\/gQQ4XnAbLLppvDvR6\" style=\"border-radius:0px\" target=\"_blank\" rel=\"noopener noreferrer noreferrer noopener\">INSCRIPCIONES<\/a><\/div>\n<\/div>\n\n\n\n<p><\/p>\n","protected":false},"excerpt":{"rendered":"Nos complace compartir con ustedes toda la informaci\u00f3n relativa al Summer Camp 2025 de Bon Soleil. En el siguiente enlace, encontrar\u00e1n todos los detalles sobre nuestra amplia gama de actividades dise\u00f1adas para asegurar que sus hijos disfruten de un verano inolvidable y enriquecedor. Esperamos con entusiasmo darles la bienvenida a sus hijos para que se&#8230; <a class=\"view-article\" href=\"https:\/\/bonsoleil.es\/es\/vida-escola\/summer-camp\/\">Ver art\u00edculo<\/a>","protected":false},"author":1,"featured_media":0,"parent":110276,"menu_order":0,"comment_status":"closed","ping_status":"closed","template":"","meta":{"_acf_changed":false,"footnotes":"","_links_to":"","_links_to_target":""},"class_list":["post-124825","page","type-page","status-publish","hentry"],"acf":[],"yoast_head":"<!-- This site is optimized with the Yoast SEO plugin v27.2 - https:\/\/yoast.com\/product\/yoast-seo-wordpress\/ -->\n<title>Summer Camp - Lyc\u00e9e International Barcelona \u00b7 Bon Soleil<\/title>\n<meta name=\"robots\" content=\"index, follow, max-snippet:-1, max-image-preview:large, max-video-preview:-1\" \/>\n<link rel=\"canonical\" href=\"https:\/\/bonsoleil.es\/es\/vida-escola\/summer-camp\/\" \/>\n<meta property=\"og:locale\" content=\"es_ES\" \/>\n<meta property=\"og:type\" content=\"article\" \/>\n<meta property=\"og:title\" content=\"Summer Camp - Lyc\u00e9e International Barcelona \u00b7 Bon Soleil\" \/>\n<meta property=\"og:description\" content=\"Nos complace compartir con ustedes toda la informaci\u00f3n relativa al Summer Camp 2025 de Bon Soleil. En el siguiente enlace, encontrar\u00e1n todos los detalles sobre nuestra amplia gama de actividades dise\u00f1adas para asegurar que sus hijos disfruten de un verano inolvidable y enriquecedor. Esperamos con entusiasmo darles la bienvenida a sus hijos para que se... Ver art\u00edculo\" \/>\n<meta property=\"og:url\" content=\"https:\/\/bonsoleil.es\/es\/vida-escola\/summer-camp\/\" \/>\n<meta property=\"og:site_name\" content=\"Lyc\u00e9e International Barcelona \u00b7 Bon Soleil\" \/>\n<meta property=\"article:publisher\" content=\"https:\/\/www.facebook.com\/libBonSoleil\/\" \/>\n<meta property=\"article:modified_time\" content=\"2025-05-12T08:06:53+00:00\" \/>\n<meta name=\"twitter:card\" content=\"summary_large_image\" \/>\n<meta name=\"twitter:site\" content=\"@lib_bonsoleil\" \/>\n<meta name=\"twitter:label1\" content=\"Tiempo de lectura\" \/>\n\t<meta name=\"twitter:data1\" content=\"1 minuto\" \/>\n<script type=\"application\/ld+json\" class=\"yoast-schema-graph\">{\"@context\":\"https:\/\/schema.org\",\"@graph\":[{\"@type\":\"WebPage\",\"@id\":\"https:\/\/bonsoleil.es\/es\/vida-escola\/summer-camp\/\",\"url\":\"https:\/\/bonsoleil.es\/es\/vida-escola\/summer-camp\/\",\"name\":\"Summer Camp - Lyc\u00e9e International Barcelona \u00b7 Bon Soleil\",\"isPartOf\":{\"@id\":\"https:\/\/bonsoleil.es\/es\/#website\"},\"datePublished\":\"2024-04-17T12:46:49+00:00\",\"dateModified\":\"2025-05-12T08:06:53+00:00\",\"breadcrumb\":{\"@id\":\"https:\/\/bonsoleil.es\/es\/vida-escola\/summer-camp\/#breadcrumb\"},\"inLanguage\":\"es\",\"potentialAction\":[{\"@type\":\"ReadAction\",\"target\":[\"https:\/\/bonsoleil.es\/es\/vida-escola\/summer-camp\/\"]}]},{\"@type\":\"BreadcrumbList\",\"@id\":\"https:\/\/bonsoleil.es\/es\/vida-escola\/summer-camp\/#breadcrumb\",\"itemListElement\":[{\"@type\":\"ListItem\",\"position\":1,\"name\":\"Portada\",\"item\":\"https:\/\/bonsoleil.es\/es\/\"},{\"@type\":\"ListItem\",\"position\":2,\"name\":\"Vida Escolar\",\"item\":\"https:\/\/bonsoleil.es\/es\/vida-escola\/\"},{\"@type\":\"ListItem\",\"position\":3,\"name\":\"Summer Camp\"}]},{\"@type\":\"WebSite\",\"@id\":\"https:\/\/bonsoleil.es\/es\/#website\",\"url\":\"https:\/\/bonsoleil.es\/es\/\",\"name\":\"Lyc\u00e9e International Barcelona \u00b7 Bon Soleil\",\"description\":\"Lyc\u00e9e International Barcelona\",\"potentialAction\":[{\"@type\":\"SearchAction\",\"target\":{\"@type\":\"EntryPoint\",\"urlTemplate\":\"https:\/\/bonsoleil.es\/es\/?s={search_term_string}\"},\"query-input\":{\"@type\":\"PropertyValueSpecification\",\"valueRequired\":true,\"valueName\":\"search_term_string\"}}],\"inLanguage\":\"es\"}]}<\/script>\n<!-- \/ Yoast SEO plugin. -->","yoast_head_json":{"title":"Summer Camp - Lyc\u00e9e International Barcelona \u00b7 Bon Soleil","robots":{"index":"index","follow":"follow","max-snippet":"max-snippet:-1","max-image-preview":"max-image-preview:large","max-video-preview":"max-video-preview:-1"},"canonical":"https:\/\/bonsoleil.es\/es\/vida-escola\/summer-camp\/","og_locale":"es_ES","og_type":"article","og_title":"Summer Camp - Lyc\u00e9e International Barcelona \u00b7 Bon Soleil","og_description":"Nos complace compartir con ustedes toda la informaci\u00f3n relativa al Summer Camp 2025 de Bon Soleil. En el siguiente enlace, encontrar\u00e1n todos los detalles sobre nuestra amplia gama de actividades dise\u00f1adas para asegurar que sus hijos disfruten de un verano inolvidable y enriquecedor. Esperamos con entusiasmo darles la bienvenida a sus hijos para que se... Ver art\u00edculo","og_url":"https:\/\/bonsoleil.es\/es\/vida-escola\/summer-camp\/","og_site_name":"Lyc\u00e9e International Barcelona \u00b7 Bon Soleil","article_publisher":"https:\/\/www.facebook.com\/libBonSoleil\/","article_modified_time":"2025-05-12T08:06:53+00:00","twitter_card":"summary_large_image","twitter_site":"@lib_bonsoleil","twitter_misc":{"Tiempo de lectura":"1 minuto"},"schema":{"@context":"https:\/\/schema.org","@graph":[{"@type":"WebPage","@id":"https:\/\/bonsoleil.es\/es\/vida-escola\/summer-camp\/","url":"https:\/\/bonsoleil.es\/es\/vida-escola\/summer-camp\/","name":"Summer Camp - Lyc\u00e9e International Barcelona \u00b7 Bon Soleil","isPartOf":{"@id":"https:\/\/bonsoleil.es\/es\/#website"},"datePublished":"2024-04-17T12:46:49+00:00","dateModified":"2025-05-12T08:06:53+00:00","breadcrumb":{"@id":"https:\/\/bonsoleil.es\/es\/vida-escola\/summer-camp\/#breadcrumb"},"inLanguage":"es","potentialAction":[{"@type":"ReadAction","target":["https:\/\/bonsoleil.es\/es\/vida-escola\/summer-camp\/"]}]},{"@type":"BreadcrumbList","@id":"https:\/\/bonsoleil.es\/es\/vida-escola\/summer-camp\/#breadcrumb","itemListElement":[{"@type":"ListItem","position":1,"name":"Portada","item":"https:\/\/bonsoleil.es\/es\/"},{"@type":"ListItem","position":2,"name":"Vida Escolar","item":"https:\/\/bonsoleil.es\/es\/vida-escola\/"},{"@type":"ListItem","position":3,"name":"Summer Camp"}]},{"@type":"WebSite","@id":"https:\/\/bonsoleil.es\/es\/#website","url":"https:\/\/bonsoleil.es\/es\/","name":"Lyc\u00e9e International Barcelona \u00b7 Bon Soleil","description":"Lyc\u00e9e International Barcelona","potentialAction":[{"@type":"SearchAction","target":{"@type":"EntryPoint","urlTemplate":"https:\/\/bonsoleil.es\/es\/?s={search_term_string}"},"query-input":{"@type":"PropertyValueSpecification","valueRequired":true,"valueName":"search_term_string"}}],"inLanguage":"es"}]}},"_links":{"self":[{"href":"https:\/\/bonsoleil.es\/es\/wp-json\/wp\/v2\/pages\/124825","targetHints":{"allow":["GET"]}}],"collection":[{"href":"https:\/\/bonsoleil.es\/es\/wp-json\/wp\/v2\/pages"}],"about":[{"href":"https:\/\/bonsoleil.es\/es\/wp-json\/wp\/v2\/types\/page"}],"author":[{"embeddable":true,"href":"https:\/\/bonsoleil.es\/es\/wp-json\/wp\/v2\/users\/1"}],"replies":[{"embeddable":true,"href":"https:\/\/bonsoleil.es\/es\/wp-json\/wp\/v2\/comments?post=124825"}],"version-history":[{"count":8,"href":"https:\/\/bonsoleil.es\/es\/wp-json\/wp\/v2\/pages\/124825\/revisions"}],"predecessor-version":[{"id":137162,"href":"https:\/\/bonsoleil.es\/es\/wp-json\/wp\/v2\/pages\/124825\/revisions\/137162"}],"up":[{"embeddable":true,"href":"https:\/\/bonsoleil.es\/es\/wp-json\/wp\/v2\/pages\/110276"}],"wp:attachment":[{"href":"https:\/\/bonsoleil.es\/es\/wp-json\/wp\/v2\/media?parent=124825"}],"curies":[{"name":"wp","href":"https:\/\/api.w.org\/{rel}","templated":true}]}}